{"id":82601,"date":"2026-05-14T09:43:43","date_gmt":"2026-05-14T09:43:43","guid":{"rendered":"https:\/\/elektrons.lv\/Prece\/fanttik-e1-max-3-7vsilver-electric-screwdriver-set\/"},"modified":"2026-05-15T16:00:58","modified_gmt":"2026-05-15T14:00:58","slug":"fanttik-e1-max-3-7vsilver-electric-screwdriver-set","status":"publish","type":"product","link":"https:\/\/elektrons.lv\/lv\/Prece\/fanttik-e1-max-3-7vsilver-electric-screwdriver-set\/","title":{"rendered":"Fanttik E1 Max 3.7V(silver) electric screwdriver set"},"content":{"rendered":"<h3>Fanttik E1 Max 3.7V(silver) electric screwdriver set<\/h3>\n<p>Fanttik E1 Max 3.7V is a precision electric screwdriver designed to work on delicate parts such as phones, watches, cameras, etc. It combines a compact design with high torque accuracy, providing secure and controlled tightening of small screws. Not designed for desktop computer assembly.<\/p>\n<p>\n<img decoding=\"async\" alt=\"A man sits at his desk and repairs a computer mouse with a precision screwdriver.\" border=\"0\" src=\"https:\/\/assets.innpro.pl\/17807\/23632\/5.jpg\"\/>\n<\/p>\n<h3>Precise torque adjustment<\/h3>\n<p>The device offers three operating modes: high torque of 0.2 Nm, low torque of 0.05 Nm and manual of 3 Nm. Such parameters allow you to adjust the force according to the type of work to be done, which protects components from damage and enables accurate tightening.<\/p>\n<p>\n<img decoding=\"async\" alt=\"A man repairs a device with a precision screwdriver.\" border=\"0\" src=\"https:\/\/assets.innpro.pl\/17807\/23632\/4.jpg\"\/>\n<\/p>\n<h3>Set of 50 bits<\/h3>\n<p style=\"text-align:justify\">The set includes 50 bits in 9 types, made of hardened S2 steel (S2 type alloy steel), which increases their durability and resistance to wear. The rich selection of bits makes it possible to complete a wide range of repairs in one set.<\/p>\n<p>\n<img decoding=\"async\" alt=\"A set of bits, tweezers and a jack tool on a black background.\" border=\"0\" src=\"https:\/\/assets.innpro.pl\/17806\/23631\/4.jpg\"\/>\n<\/p>\n<h3>Magnetic case<\/h3>\n<p>A built-in magnetic holder keeps bits organized and prevents bits from getting lost, and the case&#8217;s slide-out mechanism provides quick access to tools. The magnetic holder and bits provide a stable hold while working.<\/p>\n<p>\n<img decoding=\"async\" alt=\"A hand-held electric screwdriver in a Fanttik case.\" border=\"0\" src=\"https:\/\/assets.innpro.pl\/17807\/23632\/1.jpg\"\/>\n<\/p>\n<h3>Powerful battery and fast charging<\/h3>\n<p style=\"text-align:justify\">The long-life battery allows you to drive up to 400 screws on a single charge. The USB-C (Universal Serial Bus Type-C, a universal connector for data and power) port provides fast and convenient charging, and the up to 200 RPM motor allows you to efficiently complete more intensive tasks.<\/p>\n<p>\n<img decoding=\"async\" alt=\"Electric screwdriver in Fanttik case connected to USB cable.\" border=\"0\" src=\"https:\/\/assets.innpro.pl\/17807\/23632\/7.jpg\"\/>\n<\/p>\n<h3>Built-in lighting<\/h3>\n<p style=\"text-align:justify\">Four built-in LEDs (Light Emitting Diode) illuminate the work area, eliminating shadows and making it easier to work in poorly lit areas. Intuitive controls &#8211; a button on the front for screwdriving and on the back for unscrewing &#8211; allow for convenient one-handed operation.<\/p>\n<p>\n<img decoding=\"async\" alt=\"The 3 electric screwdrivers arranged in a silver and gray case lie on black platforms.\" border=\"0\" src=\"https:\/\/assets.innpro.pl\/17806\/23631\/2.jpg\"\/>\n<\/p>\n<h3>Iek\u013cauts<\/h3>\n<ul class=\"list-disc pl-5\">\n<li>tweezers<\/li>\n<li>USB-A l\u012bdz USB-C kabelis<\/li>\n<li>lieto\u0161anas pam\u0101c\u012bba<\/li>\n<li>undermining tool<\/li>\n<li>electric precision screwdriver<\/li>\n<li>magnetic case for storing bits<\/li>\n<li>x50 bits<\/li>\n<li>aluminum alloy case<\/li>\n<\/ul>\n<div class=\"table-wrapper\">\n<p>\u00a0<\/p>\n<h3><\/h3>\n<table>\n<tbody>\n<tr>\n<th>Ra\u017eot\u0101js<\/th>\n<td>Fanttik<\/td>\n<\/tr>\n<tr>\n<th>Modelis<\/th>\n<td>E1 Max<\/td>\n<\/tr>\n<tr>\n<th>Kr\u0101sa<\/th>\n<td>sudrabs<\/td>\n<\/tr>\n<tr>\n<th>Torque<\/th>\n<td>2 levels 0.05 \/ 0.2 N.m<\/td>\n<\/tr>\n<tr>\n<th>Purpose<\/th>\n<td>minor repairs, e.g. of a camera or a watch<\/td>\n<\/tr>\n<tr>\n<th>Magnetic bits S2<\/th>\n<td>50 pieces<\/td>\n<\/tr>\n<tr>\n<th>Rotational speed<\/th>\n<td>200 rpm<\/td>\n<\/tr>\n<tr>\n<th>Akumulatora ietilp\u012bba<\/th>\n<td>350 mAh<\/td>\n<\/tr>\n<tr>\n<th>LED apgaismojums<\/th>\n<td>J\u0101<\/td>\n<\/tr>\n<tr>\n<th>Svars<\/th>\n<td>421 g<\/td>\n<\/tr>\n<tr>\n<th>Dimensions of screwdriver<\/th>\n<td>159 x 16.4 mm<\/td>\n<\/tr>\n<tr>\n<th>Uzl\u0101des laiks<\/th>\n<td>160-200 min<\/td>\n<\/tr>\n<tr>\n<th>Maximum torque &#8211; low level (L)<\/th>\n<td>0.05 Nm<\/td>\n<\/tr>\n<tr>\n<th>Maximum torque &#8211; high level (H)<\/th>\n<td>0.2 Nm<\/td>\n<\/tr>\n<tr>\n<th>Maximum torque in manual mode<\/th>\n<td>3 Nm<\/td>\n<\/tr>\n<tr>\n<th>Charging power<\/th>\n<td>5 V \u2393 0.14 A<\/td>\n<\/tr>\n<tr>\n<th>Nomin\u0101lais spriegums<\/th>\n<td>3,7 V<\/td>\n<\/tr>\n<tr>\n<th>Uzl\u0101d\u0113jams akumulators<\/th>\n<td>Lithium, 350 mAh<\/td>\n<\/tr>\n<tr>\n<th>Speed (no load)<\/th>\n<td>200 rpm<\/td>\n<\/tr>\n<\/tbody>\n<\/table>\n<\/div>","protected":false},"excerpt":{"rendered":"<p>Fanttik E1 Max 3.7V(silver) electric screwdriver set Fanttik E1 Max 3.7V is a precision electric screwdriver designed to work on delicate parts such as phones, watches, cameras, etc. It combines a compact design with high torque accuracy, providing secure and controlled tightening of small screws. Not designed for desktop computer assembly. Precise torque adjustment The [&#8230;]\n","protected":false},"featured_media":90999,"comment_status":"open","ping_status":"closed","template":"","meta":[],"location":[19557,19558],"product_brand":[],"product_cat":[17288],"product_tag":[],"class_list":{"0":"post-82601","1":"product","2":"type-product","3":"status-publish","4":"has-post-thumbnail","6":"location-innpro_stock_location","7":"location-local_stock_location","8":"product_cat-drills","10":"first","11":"instock","12":"sale","13":"taxable","14":"shipping-taxable","15":"purchasable","16":"product-type-simple"},"aioseo_notices":[],"locations":[{"id":19557,"name":"Pieg\u0101d\u0101ja noliktav\u0101 (5-7dd.d)","slug":"innpro_stock_location","quantity":"108"},{"id":19558,"name":"R\u012bgas veikals (0-2dd.d)","slug":"local_stock_location","quantity":"0"}],"_links":{"self":[{"href":"https:\/\/elektrons.lv\/lv\/wp-json\/wp\/v2\/product\/82601","targetHints":{"allow":["GET"]}}],"collection":[{"href":"https:\/\/elektrons.lv\/lv\/wp-json\/wp\/v2\/product"}],"about":[{"href":"https:\/\/elektrons.lv\/lv\/wp-json\/wp\/v2\/types\/product"}],"replies":[{"embeddable":true,"href":"https:\/\/elektrons.lv\/lv\/wp-json\/wp\/v2\/comments?post=82601"}],"wp:featuredmedia":[{"embeddable":true,"href":"https:\/\/elektrons.lv\/lv\/wp-json\/wp\/v2\/media\/90999"}],"wp:attachment":[{"href":"https:\/\/elektrons.lv\/lv\/wp-json\/wp\/v2\/media?parent=82601"}],"wp:term":[{"taxonomy":"location","embeddable":true,"href":"https:\/\/elektrons.lv\/lv\/wp-json\/wp\/v2\/location?post=82601"},{"taxonomy":"product_brand","embeddable":true,"href":"https:\/\/elektrons.lv\/lv\/wp-json\/wp\/v2\/product_brand?post=82601"},{"taxonomy":"product_cat","embeddable":true,"href":"https:\/\/elektrons.lv\/lv\/wp-json\/wp\/v2\/product_cat?post=82601"},{"taxonomy":"product_tag","embeddable":true,"href":"https:\/\/elektrons.lv\/lv\/wp-json\/wp\/v2\/product_tag?post=82601"}],"curies":[{"name":"wp","href":"https:\/\/api.w.org\/{rel}","templated":true}]}}