{"id":82727,"date":"2026-05-14T09:43:58","date_gmt":"2026-05-14T09:43:58","guid":{"rendered":"https:\/\/elektrons.lv\/Prece\/niimbot-b21s-portable-label-printer-mint\/"},"modified":"2026-05-15T16:00:42","modified_gmt":"2026-05-15T14:00:42","slug":"niimbot-b21s-portable-label-printer-mint","status":"publish","type":"product","link":"https:\/\/elektrons.lv\/lv\/Prece\/niimbot-b21s-portable-label-printer-mint\/","title":{"rendered":"Niimbot B21S Portable Label Printer (mint)"},"content":{"rendered":"<h3>Niimbot B21S portable label printer (mint)<\/h3>\n<p>The Nimbot B21S portable label printer will work well in the store, at home or at work. It requires no ink and allows you to print several labels per second. It is equipped with a 1200 mAh battery, which translates into a long working time. Operation of the device is facilitated by an app, and Bluetooth is responsible for a fast and stable connection.<\/p>\n<p>\n<img decoding=\"async\" alt=\"Five thermal printers in different colors (black, pink, cream, red, green) stand on a table, each printing a different label\" border=\"0\" src=\"https:\/\/assets.innpro.pl\/18088\/24000\/1.jpg\"\/>\n<\/p>\n<h3>Useful for everyday use<\/h3>\n<p>Niimbot thermal printer will find its use in various situations. You will use it at home to label spices or food containers. The B21S will also prove useful in the store for labeling products with EAN codes, printing prices and expiration dates, or creating QR codes.<\/p>\n<p>\n<img decoding=\"async\" alt=\"Five thermal printers in a diagonal arrangement on a colored background, shown from above in black, cream, red, mint and green\" border=\"0\" src=\"https:\/\/assets.innpro.pl\/18088\/24000\/4.jpg\"\/>\n<\/p>\n<h3>Dedicated app<\/h3>\n<p>To start using the printer, download the dedicated Niimbot app &#8211; it is compatible with Android and iOS. From it you can design labels, customize the font, amount of content, etc. It allows you to print barcodes, QR codes, Excel table or time and date. It also supports serial printing, scan or emoticons and voice input. The possibilities are almost endless!<\/p>\n<p>\n<img decoding=\"async\" alt=\"A pink thermal printer prints a circular label with a sheep logo, with cosmetics, a roll of stickers and a photograph of flowers lying next to it\" border=\"0\" src=\"https:\/\/assets.innpro.pl\/18088\/24000\/2.jpg\"\/>\n<\/p>\n<h3>Iek\u013cauts<\/h3>\n<ul class=\"list-disc pl-5\">\n<li>thermal printer<\/li>\n<li>USB-A l\u012bdz USB-C kabelis<\/li>\n<li>label roll<\/li>\n<li>lietot\u0101ja rokasgr\u0101mata<\/li>\n<\/ul>\n<div class=\"table-wrapper\">\n<p>\u00a0<\/p>\n<h3><\/h3>\n<table>\n<tbody>\n<tr>\n<th>Ra\u017eot\u0101js<\/th>\n<td>Niimbot<\/td>\n<\/tr>\n<tr>\n<th>Modelis<\/th>\n<td>B21S<\/td>\n<\/tr>\n<tr>\n<th>Kr\u0101sa<\/th>\n<td>mint<\/td>\n<\/tr>\n<tr>\n<th>Svars<\/th>\n<td>299 g<\/td>\n<\/tr>\n<tr>\n<th>Izm\u0113ri<\/th>\n<td>130 x 94 x 61 mm<\/td>\n<\/tr>\n<tr>\n<th>Roll width<\/th>\n<td>20-48 mm<\/td>\n<\/tr>\n<tr>\n<th>Akumulatora ietilp\u012bba<\/th>\n<td>1200 mAh<\/td>\n<\/tr>\n<tr>\n<th>Uzl\u0101des laiks<\/th>\n<td>3-4 h<\/td>\n<\/tr>\n<tr>\n<th>Jauda<\/th>\n<td>4 dBm Max.<\/td>\n<\/tr>\n<tr>\n<th>Ieejas spriegums<\/th>\n<td>DC 5V\/1A<\/td>\n<\/tr>\n<tr>\n<th>Uzl\u0101des ports<\/th>\n<td>USB-C<\/td>\n<\/tr>\n<tr>\n<th>Darba temperat\u016bra<\/th>\n<td>5\u00b0C~40\u00b0C<\/td>\n<\/tr>\n<tr>\n<th>Resolution<\/th>\n<td>203 dpi<\/td>\n<\/tr>\n<tr>\n<th>Tips<\/th>\n<td>thermal<\/td>\n<\/tr>\n<tr>\n<th>Savienojums<\/th>\n<td>Bluetooth, USB-C<\/td>\n<\/tr>\n<\/tbody>\n<\/table>\n<\/div>","protected":false},"excerpt":{"rendered":"<p>Niimbot B21S portable label printer (mint) The Nimbot B21S portable label printer will work well in the store, at home or at work. It requires no ink and allows you to print several labels per second. It is equipped with a 1200 mAh battery, which translates into a long working time. Operation of the device [&#8230;]\n","protected":false},"featured_media":90589,"comment_status":"open","ping_status":"closed","template":"","meta":[],"location":[19557,19558],"product_brand":[],"product_cat":[13546],"product_tag":[],"class_list":{"0":"post-82727","1":"product","2":"type-product","3":"status-publish","4":"has-post-thumbnail","6":"location-innpro_stock_location","7":"location-local_stock_location","8":"product_cat-label-printers","10":"first","11":"outofstock","12":"taxable","13":"shipping-taxable","14":"purchasable","15":"product-type-simple"},"aioseo_notices":[],"locations":[{"id":19557,"name":"Pieg\u0101d\u0101ja noliktav\u0101 (5-7dd.d)","slug":"innpro_stock_location","quantity":"0"},{"id":19558,"name":"R\u012bgas veikals (0-2dd.d)","slug":"local_stock_location","quantity":"0"}],"_links":{"self":[{"href":"https:\/\/elektrons.lv\/lv\/wp-json\/wp\/v2\/product\/82727","targetHints":{"allow":["GET"]}}],"collection":[{"href":"https:\/\/elektrons.lv\/lv\/wp-json\/wp\/v2\/product"}],"about":[{"href":"https:\/\/elektrons.lv\/lv\/wp-json\/wp\/v2\/types\/product"}],"replies":[{"embeddable":true,"href":"https:\/\/elektrons.lv\/lv\/wp-json\/wp\/v2\/comments?post=82727"}],"wp:featuredmedia":[{"embeddable":true,"href":"https:\/\/elektrons.lv\/lv\/wp-json\/wp\/v2\/media\/90589"}],"wp:attachment":[{"href":"https:\/\/elektrons.lv\/lv\/wp-json\/wp\/v2\/media?parent=82727"}],"wp:term":[{"taxonomy":"location","embeddable":true,"href":"https:\/\/elektrons.lv\/lv\/wp-json\/wp\/v2\/location?post=82727"},{"taxonomy":"product_brand","embeddable":true,"href":"https:\/\/elektrons.lv\/lv\/wp-json\/wp\/v2\/product_brand?post=82727"},{"taxonomy":"product_cat","embeddable":true,"href":"https:\/\/elektrons.lv\/lv\/wp-json\/wp\/v2\/product_cat?post=82727"},{"taxonomy":"product_tag","embeddable":true,"href":"https:\/\/elektrons.lv\/lv\/wp-json\/wp\/v2\/product_tag?post=82727"}],"curies":[{"name":"wp","href":"https:\/\/api.w.org\/{rel}","templated":true}]}}