{"id":82731,"date":"2026-05-14T09:43:59","date_gmt":"2026-05-14T09:43:59","guid":{"rendered":"https:\/\/elektrons.lv\/Prece\/niimbot-k2-portable-label-printer-white\/"},"modified":"2026-05-15T16:00:46","modified_gmt":"2026-05-15T14:00:46","slug":"niimbot-k2-portable-label-printer-white","status":"publish","type":"product","link":"https:\/\/elektrons.lv\/lv\/Prece\/niimbot-k2-portable-label-printer-white\/","title":{"rendered":"Niimbot K2 portable label printer (white)"},"content":{"rendered":"<h3>Niimbot K2 portable label printer (white)<\/h3>\n<p>The Niimbot K2 label printer is an advanced yet compact device that allows you to print labels and wristbands quickly and conveniently &#8211; both at home and in professional environments. Thanks to its modern design and intuitive operation, it will be ideal for<a href=\"http:\/\/m.in\">cita starp\u0101<\/a>. in catering, medical care, retail, jewelry industry or home space organization, among others.<\/p>\n<p>\n<img decoding=\"async\" alt=\"Set with white NIIMBOT label printer, box, cables, power supply and user manual on light blue background\" border=\"0\" src=\"https:\/\/assets.innpro.pl\/18093\/24005\/1.jpg\"\/>\n<\/p>\n<h3>Wide range of applications and formats<\/h3>\n<p>The device supports labels from 20 to 60 mm wide, so you can easily adapt it to your needs &#8211; from hospital wristbands and warehouse markings to clothing tags and food labels. The Niimbot K2 provides the flexibility and multifunctionality you need every day.<\/p>\n<p>\n<img decoding=\"async\" alt=\"The white NIIMBOT printer prints a label for a food product called \"pato jerky\" with information in portuguese\" border=\"0\" src=\"https:\/\/assets.innpro.pl\/18093\/24005\/2.jpg\"\/>\n<\/p>\n<h3>Impressive paper capacity<\/h3>\n<p>The K2 features a spacious chamber tray for rolls up to 110 mm in diameter, making it 4 times more efficient than typical portable printers. One load can accommodate up to 1,300 labels, allowing for long operation without frequent replenishment of consumables.<\/p>\n<p>\n<img decoding=\"async\" alt=\"Interior of an open NIIMBOT printer with label roll and mechanism components visible\" border=\"0\" src=\"https:\/\/assets.innpro.pl\/18093\/24005\/3.jpg\"\/>\n<\/p>\n<h3>Easy operation and modern app<\/h3>\n<p>With mobile and PC app support, the printer offers more than 8,700 ready-to-use templates, a label editor with QR and barcode support, dynamic date and time, and three methods for quick data entry: text, image, scan. All this in a clear and intuitive interface, also supported in real time.<\/p>\n<p>\n<img decoding=\"async\" alt=\"Two white NIIMBOT printers, one printing the \"pato jerky\" label and the other a blue with qr code\" border =\"0\" src =\"https:\/\/assets.innpro.pl\/18093\/24005\/4.jpg\"\/>\n<\/p>\n<h3>Compact design and mobility<\/h3>\n<p>The sleek, minimalist casing in white color blends well with any interior and workstation. With its compact size and built-in USB Type B charging function, the Niimbot K2 is an ideal choice for those who value mobility and convenience &#8211; both in the office and in the field.<\/p>\n<p>\n<img decoding=\"async\" alt=\"A white NIIMBOT printer next to an unrolled roll of rectangular labels on a light blue background\" border=\"0\" src=\"https:\/\/assets.innpro.pl\/18093\/24005\/5.jpg\"\/>\n<\/p>\n<h3>Iek\u013cauts<\/h3>\n<ul class=\"list-disc pl-5\">\n<li>Niimbot K2 label printer (white)<\/li>\n<li>USB type B cable<\/li>\n<li>power adapter<\/li>\n<li>user&#8217;s manual<\/li>\n<\/ul>\n<div class=\"table-wrapper\">\n<p>\u00a0<\/p>\n<h3><\/h3>\n<table>\n<tbody>\n<tr>\n<th>Ra\u017eot\u0101js<\/th>\n<td>Niimbot<\/td>\n<\/tr>\n<tr>\n<th>Modelis<\/th>\n<td>K2<\/td>\n<\/tr>\n<tr>\n<th>Kr\u0101sa<\/th>\n<td>white<\/td>\n<\/tr>\n<tr>\n<th>Width of labels<\/th>\n<td>from 20 mm to 60 mm<\/td>\n<\/tr>\n<tr>\n<th>Roll diameter<\/th>\n<td>up to 110 mm<\/td>\n<\/tr>\n<tr>\n<th>Roll capacity<\/th>\n<td>up to 1300 labels<\/td>\n<\/tr>\n<tr>\n<th>Savienojam\u012bba<\/th>\n<td>USB-B<\/td>\n<\/tr>\n<tr><\/tr>\n<\/tbody>\n<\/table>\n<\/div>","protected":false},"excerpt":{"rendered":"<p>Niimbot K2 portable label printer (white) The Niimbot K2 label printer is an advanced yet compact device that allows you to print labels and wristbands quickly and conveniently &#8211; both at home and in professional environments. Thanks to its modern design and intuitive operation, it will be ideal foramong others. in catering, medical care, retail, [&#8230;]\n","protected":false},"featured_media":90549,"comment_status":"open","ping_status":"closed","template":"","meta":[],"location":[19557,19558],"product_brand":[],"product_cat":[13546],"product_tag":[],"class_list":{"0":"post-82731","1":"product","2":"type-product","3":"status-publish","4":"has-post-thumbnail","6":"location-innpro_stock_location","7":"location-local_stock_location","8":"product_cat-label-printers","10":"first","11":"instock","12":"sale","13":"taxable","14":"shipping-taxable","15":"purchasable","16":"product-type-simple"},"aioseo_notices":[],"locations":[{"id":19557,"name":"Pieg\u0101d\u0101ja noliktav\u0101 (5-7dd.d)","slug":"innpro_stock_location","quantity":"13"},{"id":19558,"name":"R\u012bgas veikals (0-2dd.d)","slug":"local_stock_location","quantity":"0"}],"_links":{"self":[{"href":"https:\/\/elektrons.lv\/lv\/wp-json\/wp\/v2\/product\/82731","targetHints":{"allow":["GET"]}}],"collection":[{"href":"https:\/\/elektrons.lv\/lv\/wp-json\/wp\/v2\/product"}],"about":[{"href":"https:\/\/elektrons.lv\/lv\/wp-json\/wp\/v2\/types\/product"}],"replies":[{"embeddable":true,"href":"https:\/\/elektrons.lv\/lv\/wp-json\/wp\/v2\/comments?post=82731"}],"wp:featuredmedia":[{"embeddable":true,"href":"https:\/\/elektrons.lv\/lv\/wp-json\/wp\/v2\/media\/90549"}],"wp:attachment":[{"href":"https:\/\/elektrons.lv\/lv\/wp-json\/wp\/v2\/media?parent=82731"}],"wp:term":[{"taxonomy":"location","embeddable":true,"href":"https:\/\/elektrons.lv\/lv\/wp-json\/wp\/v2\/location?post=82731"},{"taxonomy":"product_brand","embeddable":true,"href":"https:\/\/elektrons.lv\/lv\/wp-json\/wp\/v2\/product_brand?post=82731"},{"taxonomy":"product_cat","embeddable":true,"href":"https:\/\/elektrons.lv\/lv\/wp-json\/wp\/v2\/product_cat?post=82731"},{"taxonomy":"product_tag","embeddable":true,"href":"https:\/\/elektrons.lv\/lv\/wp-json\/wp\/v2\/product_tag?post=82731"}],"curies":[{"name":"wp","href":"https:\/\/api.w.org\/{rel}","templated":true}]}}