{"id":82902,"date":"2026-05-14T09:44:19","date_gmt":"2026-05-14T09:44:19","guid":{"rendered":"https:\/\/elektrons.lv\/Prece\/ecoflow-stream-ac-energy-storage-1-92-kwh\/"},"modified":"2026-05-15T15:13:49","modified_gmt":"2026-05-15T13:13:49","slug":"ecoflow-stream-ac-energy-storage-1-92-kwh","status":"publish","type":"product","link":"https:\/\/elektrons.lv\/lv\/Prece\/ecoflow-stream-ac-energy-storage-1-92-kwh\/","title":{"rendered":"EcoFlow STREAM AC energy storage (1.92 kWh)"},"content":{"rendered":"<h3>EcoFlow STREAM AC energy storage (1.92 kWh)<\/h3>\n<p>EcoFlow STREAM AC is a compact energy storage with a capacity of 1.92 kWh, which helps to reduce power consumption from the grid and save on bills. It is part of the EcoFlow STREAM system &#8211; when combined with a microinverter, it allows you to accumulate surpluses from photovoltaic panels and use them to power appliances at home when production drops. It stands out for its output power of up to 800 watts and quiet operation &#8211; less than 30 dB. At the same time, it takes up little space &#8211; its dimensions are only 255 x 254 x 458 mm, so you can easily fit it in the hallway, next to a kitchen cabinet or in the living room.<\/p>\n<p>\n<img decoding=\"async\" alt=\"The family is enjoying themselves in the living room on the couch, next to which stands a silver energy storage unit\" border=\"0\" src=\"https:\/\/assets.innpro.pl\/18281\/24263\/7.jpg\"\/>\n<\/p>\n<h3>Pla\u0161a sader\u012bba un vienk\u0101r\u0161a uzst\u0101d\u012b\u0161ana<\/h3>\n<p>STREAM AC works with most microinverters on the market, so it doesn&#8217;t require costly installation modifications. All you have to do is plug it into an outlet &#8211; the plug-and-play system makes it unnecessary to drill or call an electrician. It&#8217;s the fastest way to expand your existing PV system and increase your own energy production.<\/p>\n<p>\n<img decoding=\"async\" alt=\"EcoFlow STREAM AC energy storage surrounded by various microinverters on a beige background\" border=\"0\" src=\"https:\/\/assets.innpro.pl\/18281\/24263\/6.jpg\"\/>\n<\/p>\n<h3>Flexible and scalable capacity<\/h3>\n<p>The basic capacity of 1.92 kWh is easily enough to power a light, router, refrigerator or TV. However, if you need more energy independence, you can combine up to 6 STREAM AC units into one system for as much as 11.52 kWh of capacity. The solution grows with your needs &#8211; from a small backup to a full house power supply.<\/p>\n<p>\n<img decoding=\"async\" alt=\"Two energy storage units next to a washer and dryer against a light-colored wall\" border=\"0\" src=\"https:\/\/assets.innpro.pl\/18281\/24263\/1.jpg\"\/>\n<\/p>\n<h3>Stable 800 watt power<\/h3>\n<p>STREAM AC energy storage provides up to 800 watts of power output, making it suitable for most home appliances, such as a router, lamp or TV. So you&#8217;re free to use your appliances even in the event of a power outage.<\/p>\n<p>\n<img decoding=\"async\" alt=\"Visualization of an energy storage system with batteries in a modern two-story interior\" border=\"0\" src=\"https:\/\/assets.innpro.pl\/18281\/24263\/11.jpg\"\/>\n<\/p>\n<h3>Smart power management<\/h3>\n<p>With the EcoFlow app, you can conveniently manage your system&#8217;s operation in real time. The built-in AI-TOU model analyzes electricity tariffs every 60 minutes and automatically charges the storage during hours of cheap energy, giving it back when prices are highest. That&#8217;s real savings without manual scheduling! In addition, Solcast&#8217;s solar forecasts process more than 100 million weather data per hour to predict production and optimize charging. Note: some EcoFlow app features require a premium subscription.<\/p>\n<p>\n<img decoding=\"async\" alt=\"Silver energy storage in an open recess of a dark gray cabinet with books and decorations\" border=\"0\" src=\"https:\/\/assets.innpro.pl\/18281\/24263\/8.jpg\"\/>\n<\/p>\n<h3>Compatibility with smart meters<\/h3>\n<p>STREAM AC works with smart meters, outlets and the EcoFlow app to direct all excess solar to your appliances. This ensures that every kilowatt hour produced stays in your home and allows you to charge your e-bike, power your ventilation or irrigation system, for example.<\/p>\n<p>\n<img decoding=\"async\" alt=\"Silver energy storage with a wire connected to an outlet stands on the floor in a bright interior\" border=\"0\" src=\"https:\/\/assets.innpro.pl\/18281\/24263\/9.jpg\"\/>\n<\/p>\n<h3>Premium security<\/h3>\n<p>STREAM AC energy storage is designed for years of trouble-free operation. A multi-level protection system protects it from overloading and overheating, among other things, and a rapid voltage drop to a safe level (in as little as about 0.7 seconds) protects the home installation when disconnected. The aerogel-insulated enclosure is fireproof, and global standards certifications (TRUSTe, NIST, ISO) confirm data protection and safety compliance.<\/p>\n<p>\n<img decoding=\"async\" alt=\"Large balcony with energy storage, microinverter and photovoltaic panels\" border=\"0\" src=\"https:\/\/assets.innpro.pl\/18281\/24263\/5.jpg\"\/>\n<\/p>\n<h3>Reliable performance in all conditions<\/h3>\n<p>STREAM AC operates over a wide temperature range (from -20\u00b0C to 55\u00b0C), and the self-heating function allows it to operate safely even on cold winter days. The IP65 rating provides full resistance to rain and dust, so the storage unit can be installed both indoors and outdoors. In addition, the device uses lithium-iron-phosphate (LFP) cells, which guarantee up to 6,000 charging cycles at 70% capacity. This means up to 15 years of reliable operation!<\/p>\n<p>\n<img decoding=\"async\" alt=\"Gray energy storage housing with water droplets on the surface\" border=\"0\" src=\"https:\/\/assets.innpro.pl\/18281\/24263\/3.jpg\"\/>\n<\/p>\n<h3>Quiet operation and compact design<\/h3>\n<p>The STREAM AC works extremely quietly &#8211; its volume level is only about 30 dB, so you can put it in your living room or bedroom without worrying about noise. In addition, the slim, vertical design saves space and fits perfectly into a modern interior.<\/p>\n<p>\n<img decoding=\"async\" alt=\"A couple in bed in a dark bedroom, next to a silver energy storage next to an electrical outlet\" border=\"0\" src=\"https:\/\/assets.innpro.pl\/18281\/24263\/2.jpg\"\/>\n<\/p>\n<h3>Iek\u013cauts<\/h3>\n<ul class=\"list-disc pl-5\">\n<li>EcoFlow STREAM AC 800 watt energy storage unit.<\/li>\n<li>STREAM AC cable (1.5 m)<\/li>\n<li>Mont\u0101\u017eas kron\u0161teins<\/li>\n<li>Locking bracket<\/li>\n<li>Safety instructions<\/li>\n<li>Installation instructions<\/li>\n<li>Warranty card<\/li>\n<\/ul>\n<div class=\"table-wrapper\">\n<p>\u00a0<\/p>\n<h3><\/h3>\n<table>\n<tbody>\n<tr>\n<th>Ra\u017eot\u0101js<\/th>\n<td>EcoFlow<\/td>\n<\/tr>\n<tr>\n<th>V\u0101rds<\/th>\n<td>STREAM AC<\/td>\n<\/tr>\n<tr>\n<th>Modelis<\/th>\n<td>EFSTREAMAC800W-EU<\/td>\n<\/tr>\n<tr>\n<th>Kapacit\u0101te<\/th>\n<td>1.92 kWh<\/td>\n<\/tr>\n<tr>\n<th>Akumulatora darb\u012bbas laiks<\/th>\n<td>Approx. 6000 cycles<\/td>\n<\/tr>\n<tr>\n<th>AC charging power<\/th>\n<td>800 W<\/td>\n<\/tr>\n<tr>\n<th>AC output power<\/th>\n<td>800 W<\/td>\n<\/tr>\n<tr>\n<th>Output power (grid-tied mode)<\/th>\n<td>800 W<\/td>\n<\/tr>\n<tr>\n<th>Darb\u012bbas temperat\u016bras diapazons<\/th>\n<td>From -20\u00b0C to 55\u00b0C<\/td>\n<\/tr>\n<tr>\n<th>Self-heating function<\/th>\n<td>Activation during charging at \u2264 5 \u00b0C<\/td>\n<\/tr>\n<tr>\n<th>Savienojam\u012bba<\/th>\n<td>Wi-Fi \/ Bluetooth<\/td>\n<\/tr>\n<tr>\n<th>Aizsardz\u012bbas klase<\/th>\n<td>IP65<\/td>\n<\/tr>\n<tr>\n<th>Neto svars<\/th>\n<td>21.2 kg<\/td>\n<\/tr>\n<tr>\n<th>Izm\u0113ri<\/th>\n<td>255 mm \u00d7 254 mm \u00d7 458 mm<\/td>\n<\/tr>\n<tr>\n<th>Trok\u0161\u0146a l\u012bmenis<\/th>\n<td>< 30 dB<\/td>\n<\/tr>\n<\/tbody>\n<\/table>\n<\/div>","protected":false},"excerpt":{"rendered":"<p>EcoFlow STREAM AC energy storage (1.92 kWh) EcoFlow STREAM AC is a compact energy storage with a capacity of 1.92 kWh, which helps to reduce power consumption from the grid and save on bills. It is part of the EcoFlow STREAM system &#8211; when combined with a microinverter, it allows you to accumulate surpluses from [&#8230;]\n","protected":false},"featured_media":90058,"comment_status":"open","ping_status":"closed","template":"","meta":[],"location":[19557,19558],"product_brand":[],"product_cat":[16505],"product_tag":[],"class_list":{"0":"post-82902","1":"product","2":"type-product","3":"status-publish","4":"has-post-thumbnail","6":"location-innpro_stock_location","7":"location-local_stock_location","8":"product_cat-balcony-systems","10":"first","11":"instock","12":"sale","13":"taxable","14":"shipping-taxable","15":"purchasable","16":"product-type-simple"},"aioseo_notices":[],"locations":[{"id":19557,"name":"Pieg\u0101d\u0101ja noliktav\u0101 (5-7dd.d)","slug":"innpro_stock_location","quantity":"11"},{"id":19558,"name":"R\u012bgas veikals (0-2dd.d)","slug":"local_stock_location","quantity":"0"}],"_links":{"self":[{"href":"https:\/\/elektrons.lv\/lv\/wp-json\/wp\/v2\/product\/82902","targetHints":{"allow":["GET"]}}],"collection":[{"href":"https:\/\/elektrons.lv\/lv\/wp-json\/wp\/v2\/product"}],"about":[{"href":"https:\/\/elektrons.lv\/lv\/wp-json\/wp\/v2\/types\/product"}],"replies":[{"embeddable":true,"href":"https:\/\/elektrons.lv\/lv\/wp-json\/wp\/v2\/comments?post=82902"}],"wp:featuredmedia":[{"embeddable":true,"href":"https:\/\/elektrons.lv\/lv\/wp-json\/wp\/v2\/media\/90058"}],"wp:attachment":[{"href":"https:\/\/elektrons.lv\/lv\/wp-json\/wp\/v2\/media?parent=82902"}],"wp:term":[{"taxonomy":"location","embeddable":true,"href":"https:\/\/elektrons.lv\/lv\/wp-json\/wp\/v2\/location?post=82902"},{"taxonomy":"product_brand","embeddable":true,"href":"https:\/\/elektrons.lv\/lv\/wp-json\/wp\/v2\/product_brand?post=82902"},{"taxonomy":"product_cat","embeddable":true,"href":"https:\/\/elektrons.lv\/lv\/wp-json\/wp\/v2\/product_cat?post=82902"},{"taxonomy":"product_tag","embeddable":true,"href":"https:\/\/elektrons.lv\/lv\/wp-json\/wp\/v2\/product_tag?post=82902"}],"curies":[{"name":"wp","href":"https:\/\/api.w.org\/{rel}","templated":true}]}}