{"id":82939,"date":"2026-05-14T09:44:23","date_gmt":"2026-05-14T09:44:23","guid":{"rendered":"https:\/\/elektrons.lv\/Prece\/dreame-h15-pro-foamwash-vacuum-cleaner-foam\/"},"modified":"2026-05-15T15:15:52","modified_gmt":"2026-05-15T13:15:52","slug":"dreame-h15-pro-foamwash-vacuum-cleaner-foam","status":"publish","type":"product","link":"https:\/\/elektrons.lv\/lv\/Prece\/dreame-h15-pro-foamwash-vacuum-cleaner-foam\/","title":{"rendered":"Dreame H15 Pro FoamWash vacuum cleaner foam."},"content":{"rendered":"<h3>Dreame H15 Pro FoamWash Cleaning Foam for Vacuum Cleaner<\/h3>\n<p>Dreame FoamWash for H15 Pro vacuum cleaner is a specialized cleaner designed to thoroughly and safely clean hard floors. Thanks to its foaming formula, it effectively dissolves dirt and leaves a fresh scent. The 500 ml packaging is sufficient for many cleaning cycles, and the convenient applicator makes it easy to precisely dispense the product into the tank.<\/p>\n<p>\n<img decoding=\"async\" alt=\"Cleaning foam for Dreame vacuum cleaner on white background.\" border=\"0\" src=\"https:\/\/assets.innpro.pl\/18325\/24316\/1-Pianka-czyszczaca-do-odkurzacza-Dreame-H15-Pro-FoamWash-front.jpg\"\/>\n<\/p>\n<div class=\"table-wrapper\">\n<p>\u00a0<\/p>\n<h3><\/h3>\n<table>\n<tbody>\n<tr>\n<th>Ra\u017eot\u0101js<\/th>\n<td>Dreame<\/td>\n<\/tr>\n<tr>\n<th>Modelis<\/th>\n<td>HFF7<\/td>\n<\/tr>\n<tr>\n<th>Kapacit\u0101te<\/th>\n<td>500 ml<\/td>\n<\/tr>\n<tr>\n<th>Sader\u012bba<\/th>\n<td>Dreame H15 Pro FoamWash<\/td>\n<\/tr>\n<\/tbody>\n<\/table>\n<\/div>","protected":false},"excerpt":{"rendered":"<p>Dreame H15 Pro FoamWash Cleaning Foam for Vacuum Cleaner Dreame FoamWash for H15 Pro vacuum cleaner is a specialized cleaner designed to thoroughly and safely clean hard floors. Thanks to its foaming formula, it effectively dissolves dirt and leaves a fresh scent. The 500 ml packaging is sufficient for many cleaning cycles, and the convenient [&#8230;]\n","protected":false},"featured_media":89945,"comment_status":"open","ping_status":"closed","template":"","meta":[],"location":[19557,19558],"product_brand":[],"product_cat":[12609],"product_tag":[],"class_list":{"0":"post-82939","1":"product","2":"type-product","3":"status-publish","4":"has-post-thumbnail","6":"location-innpro_stock_location","7":"location-local_stock_location","8":"product_cat-spare-parts","10":"first","11":"instock","12":"sale","13":"taxable","14":"shipping-taxable","15":"purchasable","16":"product-type-simple"},"aioseo_notices":[],"locations":[{"id":19557,"name":"Pieg\u0101d\u0101ja noliktav\u0101 (5-7dd.d)","slug":"innpro_stock_location","quantity":"141"},{"id":19558,"name":"R\u012bgas veikals (0-2dd.d)","slug":"local_stock_location","quantity":"0"}],"_links":{"self":[{"href":"https:\/\/elektrons.lv\/lv\/wp-json\/wp\/v2\/product\/82939","targetHints":{"allow":["GET"]}}],"collection":[{"href":"https:\/\/elektrons.lv\/lv\/wp-json\/wp\/v2\/product"}],"about":[{"href":"https:\/\/elektrons.lv\/lv\/wp-json\/wp\/v2\/types\/product"}],"replies":[{"embeddable":true,"href":"https:\/\/elektrons.lv\/lv\/wp-json\/wp\/v2\/comments?post=82939"}],"wp:featuredmedia":[{"embeddable":true,"href":"https:\/\/elektrons.lv\/lv\/wp-json\/wp\/v2\/media\/89945"}],"wp:attachment":[{"href":"https:\/\/elektrons.lv\/lv\/wp-json\/wp\/v2\/media?parent=82939"}],"wp:term":[{"taxonomy":"location","embeddable":true,"href":"https:\/\/elektrons.lv\/lv\/wp-json\/wp\/v2\/location?post=82939"},{"taxonomy":"product_brand","embeddable":true,"href":"https:\/\/elektrons.lv\/lv\/wp-json\/wp\/v2\/product_brand?post=82939"},{"taxonomy":"product_cat","embeddable":true,"href":"https:\/\/elektrons.lv\/lv\/wp-json\/wp\/v2\/product_cat?post=82939"},{"taxonomy":"product_tag","embeddable":true,"href":"https:\/\/elektrons.lv\/lv\/wp-json\/wp\/v2\/product_tag?post=82939"}],"curies":[{"name":"wp","href":"https:\/\/api.w.org\/{rel}","templated":true}]}}