{"id":82966,"date":"2026-05-14T09:44:27","date_gmt":"2026-05-14T09:44:27","guid":{"rendered":"https:\/\/elektrons.lv\/Prece\/panel-sterowania-10-1-shelly-wall-display-xl-wifi-blu-szary\/"},"modified":"2026-05-15T16:15:54","modified_gmt":"2026-05-15T14:15:54","slug":"panel-sterowania-10-1-shelly-wall-display-xl-wifi-blu-szary","status":"publish","type":"product","link":"https:\/\/elektrons.lv\/lv\/Prece\/panel-sterowania-10-1-shelly-wall-display-xl-wifi-blu-szary\/","title":{"rendered":"Panel sterowania 10.1\u201d Shelly Wall Display XL WiFi\/BLU (szary)"},"content":{"rendered":"<h3>Shelly Wall Display XL 10.1&#8243; WiFi\/BLU Control Panel (gray)<\/h3>\n<p>The Shelly Wall Display XL is a wall-mounted control panel with a 10.1&#8243; touchscreen display and built-in relay, designed for device operation and integration in modern residential and commercial installations. It provides lightning-fast response thanks to a quad-core processor, offers four fully customizable buttons, connects via Wi-Fi 6 (2.4\/5 GHz) and Bluetooth 5.4, and supports media playback and Internet radio. Its added advantage is mounting in a standard wall box and remote management via the Shelly Smart Control app. All this makes the device perfect for homes, apartments, hotels or offices.<\/p>\n<p>\n<img decoding=\"async\" alt=\"Smart home control panel mounted on the wall at the entrance to the kitchen\" border=\"0\" src=\"https:\/\/assets.innpro.pl\/18350\/24395\/1.jpg\"\/>\n<\/p>\n<h3>Touch screen and powerful processor<\/h3>\n<p>The 10.1&#8243; HD color display with responsive 5-point touch panel (G+FF) and 1280\u00d7752p resolution provides a clear image and intuitive control. It allows you to use large tiles, widgets and device groups, and is easy to use even for guests or children. In addition, a quad-core CPU (Rockchip RK3566 Cortex-A55), 2 GB RAM and 16 GB Flash memory running on Android 11 guarantee instant panel response, fast screen switching and scene reliability. Forget about stuttering and lags!<\/p>\n<p>\n<img decoding=\"async\" alt=\"Black smart home touch panel on wall in living room with speaker and plants\" border=\"0\" src=\"https:\/\/assets.innpro.pl\/18350\/24395\/2.jpg\"\/>\n<\/p>\n<h3>Convenient device control<\/h3>\n<p>The built-in relay allows you to directly control devices up to 1,500 watts &#8211; perfect for lamps, fans and more. You&#8217;ll also have four fully customizable buttons to assign your favorite functions, such as turning off all lights, opening a lock or starting a scene. Physical control is convenient for homebuyers and guests &#8211; no apps or logins. In addition, the panel supports Home Assistant, MQTT and Webhooks, so you can easily integrate it into your smart home ecosystem and join existing automations. At the same time, full compatibility with the Shelly Smart Control app allows you to remotely control devices, create smart scenes and much more. Now, with just a few clicks, you can turn off the lights or adjust the air conditioning settings &#8211; even when you&#8217;re out with friends or at work.<\/p>\n<p>\n<img decoding=\"async\" alt=\"Dark gray touch panel with screen off with reflection on light surface\" border=\"0\" src=\"https:\/\/assets.innpro.pl\/18350\/24395\/6.jpg\"\/>\n<\/p>\n<h3>View room energy consumption<\/h3>\n<p>The dashboard allows you to monitor your room&#8217;s energy consumption (from your Shelly Smart Control account) and provides readings from connected Shelly PM meters (sold separately). This makes it easy to identify the devices that consume the most electricity, which will help you change your habits and start saving on your bills!<\/p>\n<p>\n<img decoding=\"async\" alt=\"Two dark gray touch panels with screens off on a beige background\" border=\"0\" src=\"https:\/\/assets.innpro.pl\/18350\/24395\/4.jpg\"\/>\n<\/p>\n<h3>Scenes, schedules and automations<\/h3>\n<p>Create and trigger scenes with a single touch or physical button. Schedules (up to 20) and Webhooks (up to 20, 5 URLs per hook) are available, making it easy to build complex scenarios. Make the fan turn on when the room temperature exceeds a certain threshold, and the lights turn off when you go to bed!<\/p>\n<p>\n<img decoding=\"async\" alt=\"Smart home control panel on the wall in front of a modern living room\" border=\"0\" src=\"https:\/\/assets.innpro.pl\/18350\/24395\/3.jpg\"\/>\n<\/p>\n<h3>Multimedia and Internet radio at your fingertips<\/h3>\n<p>Built-in 2\u00d72 W stereo speakers and an integrated media player and Internet radio allow you to play music, notifications or alarms. The panel also works with Bluetooth and Sonos speakers. Control the listening right from the screen or with the buttons and enjoy your favorite songs wherever you are &#8211; in the kitchen, bedroom or living room.<\/p>\n<p>\n<img decoding=\"async\" alt=\"Two dark grey control panels with screens off lying on a beige surface\" border=\"0\" src=\"https:\/\/assets.innpro.pl\/18350\/24395\/5.jpg\"\/>\n<\/p>\n<div class=\"table-wrapper\">\n<p>\u00a0<\/p>\n<h3><\/h3>\n<table>\n<tbody>\n<tr>\n<th>Ra\u017eot\u0101js<\/th>\n<td>\u0160ellija<\/td>\n<\/tr>\n<tr>\n<th>Modelis<\/th>\n<td>WallDisplayXLG<\/td>\n<\/tr>\n<tr>\n<th>Dimensions (H \u00d7 W \u00d7 D).<\/th>\n<td>155.8 \u00d7 272.5 \u00d7 38.3 mm<\/td>\n<\/tr>\n<tr>\n<th>Svars<\/th>\n<td>920 g<\/td>\n<\/tr>\n<tr>\n<th>Touchscreen<\/th>\n<td>5-point capacitive, G+FF<\/td>\n<\/tr>\n<tr>\n<th>Screen resolution<\/th>\n<td>1280 \u00d7 752 px<\/td>\n<\/tr>\n<tr>\n<th>Maximum clamping torque<\/th>\n<td>0.4 Nm<\/td>\n<\/tr>\n<tr>\n<th>Cable cross section<\/th>\n<td>0.2-2.5 mm\u00b2 \/ 24-14 AWG (solid, wire, sleeves)<\/td>\n<\/tr>\n<tr>\n<th>Stiep\u013cu no\u0146em\u0161anas garums<\/th>\n<td>15 mm<\/td>\n<\/tr>\n<tr>\n<th>Mont\u0101\u017ea<\/th>\n<td>Wall box (EU standard)<\/td>\n<\/tr>\n<tr>\n<th>M\u0101jok\u013ca materi\u0101ls<\/th>\n<td>Metal, PC coated, glass<\/td>\n<\/tr>\n<tr>\n<th>Korpusa kr\u0101sa<\/th>\n<td>Pel\u0113ks<\/td>\n<\/tr>\n<tr>\n<th>Run\u0101t\u0101js<\/th>\n<td>2 \u00d7 2 W<\/td>\n<\/tr>\n<tr>\n<th>Darba temperat\u016bra<\/th>\n<td>No -20\u00b0C l\u012bdz 40\u00b0C<\/td>\n<\/tr>\n<tr>\n<th>Darb\u012bbas mitrums<\/th>\n<td>30%-70% RH<\/td>\n<\/tr>\n<tr>\n<th>Maksim\u0101lais ekspluat\u0101cijas augstums<\/th>\n<td>2000 m<\/td>\n<\/tr>\n<tr>\n<th>Baro\u0161anas avots<\/th>\n<td>100-240 V~ 50\/60 Hz<\/td>\n<\/tr>\n<tr>\n<th>Ener\u0123ijas pat\u0113ri\u0146\u0161<\/th>\n<td>< 15 W<\/td>\n<\/tr>\n<tr>\n<th>USB-C power supply<\/th>\n<td>5 V\u2393 \/ 3 A<\/td>\n<\/tr>\n<tr>\n<th>Power button<\/th>\n<td>1 button (screen on\/off)<\/td>\n<\/tr>\n<tr>\n<th>Function buttons<\/th>\n<td>4 configurable control buttons<\/td>\n<\/tr>\n<tr>\n<th>Maksim\u0101lais p\u0101rsl\u0113g\u0161anas spriegums<\/th>\n<td>240 V~<\/td>\n<\/tr>\n<tr>\n<th>Maksim\u0101l\u0101 p\u0101rsl\u0113g\u0161anas str\u0101va<\/th>\n<td>5 A<\/td>\n<\/tr>\n<tr>\n<th>AC izeja<\/th>\n<td>100-240 V~ 50\/60 Hz<\/td>\n<\/tr>\n<tr>\n<th>USB-C izeja<\/th>\n<td>5 V\u2393 \/ 0.5 A<\/td>\n<\/tr>\n<tr>\n<th>Iek\u0161\u0113jais temperat\u016bras sensors<\/th>\n<td>N\u0113<\/td>\n<\/tr>\n<tr>\n<th>Apk\u0101rt\u0113j\u0101s vides temperat\u016bras sensors<\/th>\n<td>N\u0113<\/td>\n<\/tr>\n<tr>\n<th>Mitruma sensors<\/th>\n<td>N\u0113<\/td>\n<\/tr>\n<tr>\n<th>Gaismas sensors<\/th>\n<td>J\u0101<\/td>\n<\/tr>\n<tr>\n<th>Mikrofons<\/th>\n<td>Yes (four-microphone array)<\/td>\n<\/tr>\n<tr>\n<th>G-sensor<\/th>\n<td>N\u0113<\/td>\n<\/tr>\n<tr>\n<th>Tuvuma sensors<\/th>\n<td>Yes (\u2264 1 m)<\/td>\n<\/tr>\n<tr>\n<th>Wi-Fi<\/th>\n<td>Wi-Fi 6 Dual Band<\/td>\n<\/tr>\n<tr>\n<th>Wi-Fi RF band<\/th>\n<td>2.4 GHz and 5 GHz<\/td>\n<\/tr>\n<tr>\n<th>Maximum RF Wi-Fi power<\/th>\n<td>&lt; 20 dBm<\/td>\n<\/tr>\n<tr>\n<th>Wi-Fi range<\/th>\n<td>Up to 30 m indoors \/ up to 50 m outdoors (depending on conditions)<\/td>\n<\/tr>\n<tr>\n<th>Bluetooth<\/th>\n<td>5.4<\/td>\n<\/tr>\n<tr>\n<th>Bluetooth RF bandwidth<\/th>\n<td>2402-2480 MHz<\/td>\n<\/tr>\n<tr>\n<th>Maximum Bluetooth RF power<\/th>\n<td>&lt; 4 dBm<\/td>\n<\/tr>\n<tr>\n<th>Bluetooth range<\/th>\n<td>Up to 10 m indoors \/ up to 30 m outdoors (depending on conditions)<\/td>\n<\/tr>\n<tr>\n<th>Procesors<\/th>\n<td>Rockchip RK3566 Quad-core Cortex-A55<\/td>\n<\/tr>\n<tr>\n<th>RAM<\/th>\n<td>2 GB<\/td>\n<\/tr>\n<tr>\n<th>Zibatmi\u0146a<\/th>\n<td>16 GB<\/td>\n<\/tr>\n<tr>\n<th>Oper\u0113t\u0101jsist\u0113ma<\/th>\n<td>Android 11<\/td>\n<\/tr>\n<tr>\n<th>Schedules<\/th>\n<td>20<\/td>\n<\/tr>\n<tr>\n<th>Webhooks (URL akcijas)<\/th>\n<td>20 (up to 5 URLs per webhook)<\/td>\n<\/tr>\n<tr>\n<th>Scripts<\/th>\n<td>N\u0113<\/td>\n<\/tr>\n<tr>\n<th>MQTT<\/th>\n<td>J\u0101<\/td>\n<\/tr>\n<\/tbody>\n<\/table>\n<\/div>","protected":false},"excerpt":{"rendered":"<p>Shelly Wall Display XL 10.1&#8243; WiFi\/BLU Control Panel (gray) The Shelly Wall Display XL is a wall-mounted control panel with a 10.1&#8243; touchscreen display and built-in relay, designed for device operation and integration in modern residential and commercial installations. It provides lightning-fast response thanks to a quad-core processor, offers four fully customizable buttons, connects via [&#8230;]\n","protected":false},"featured_media":89827,"comment_status":"open","ping_status":"closed","template":"","meta":[],"location":[19557,19558],"product_brand":[],"product_cat":[12992],"product_tag":[],"class_list":{"0":"post-82966","1":"product","2":"type-product","3":"status-publish","4":"has-post-thumbnail","6":"location-innpro_stock_location","7":"location-local_stock_location","8":"product_cat-control-panels","10":"first","11":"instock","12":"sale","13":"taxable","14":"shipping-taxable","15":"purchasable","16":"product-type-simple"},"aioseo_notices":[],"locations":[{"id":19557,"name":"Pieg\u0101d\u0101ja noliktav\u0101 (5-7dd.d)","slug":"innpro_stock_location","quantity":"359"},{"id":19558,"name":"R\u012bgas veikals (0-2dd.d)","slug":"local_stock_location","quantity":"0"}],"_links":{"self":[{"href":"https:\/\/elektrons.lv\/lv\/wp-json\/wp\/v2\/product\/82966","targetHints":{"allow":["GET"]}}],"collection":[{"href":"https:\/\/elektrons.lv\/lv\/wp-json\/wp\/v2\/product"}],"about":[{"href":"https:\/\/elektrons.lv\/lv\/wp-json\/wp\/v2\/types\/product"}],"replies":[{"embeddable":true,"href":"https:\/\/elektrons.lv\/lv\/wp-json\/wp\/v2\/comments?post=82966"}],"wp:featuredmedia":[{"embeddable":true,"href":"https:\/\/elektrons.lv\/lv\/wp-json\/wp\/v2\/media\/89827"}],"wp:attachment":[{"href":"https:\/\/elektrons.lv\/lv\/wp-json\/wp\/v2\/media?parent=82966"}],"wp:term":[{"taxonomy":"location","embeddable":true,"href":"https:\/\/elektrons.lv\/lv\/wp-json\/wp\/v2\/location?post=82966"},{"taxonomy":"product_brand","embeddable":true,"href":"https:\/\/elektrons.lv\/lv\/wp-json\/wp\/v2\/product_brand?post=82966"},{"taxonomy":"product_cat","embeddable":true,"href":"https:\/\/elektrons.lv\/lv\/wp-json\/wp\/v2\/product_cat?post=82966"},{"taxonomy":"product_tag","embeddable":true,"href":"https:\/\/elektrons.lv\/lv\/wp-json\/wp\/v2\/product_tag?post=82966"}],"curies":[{"name":"wp","href":"https:\/\/api.w.org\/{rel}","templated":true}]}}