{"id":83059,"date":"2026-05-14T09:44:37","date_gmt":"2026-05-14T09:44:37","guid":{"rendered":"https:\/\/elektrons.lv\/Prece\/fifine-bm63-microphone-desk-stand-black\/"},"modified":"2026-05-15T15:04:11","modified_gmt":"2026-05-15T13:04:11","slug":"fifine-bm63-microphone-desk-stand-black","status":"publish","type":"product","link":"https:\/\/elektrons.lv\/lv\/Prece\/fifine-bm63-microphone-desk-stand-black\/","title":{"rendered":"Fifine BM63 microphone desk stand (black)"},"content":{"rendered":"<h3>Fifine BM63W microphone desk stand (black)<\/h3>\n<p>The Fifine BM63W is a stable desk stand that allows you to comfortably position your microphone in any position. Its total reach is 82.5 cm, which gives you plenty of maneuverability for both recording and live broadcasts. With a universal 5\/8&#8243; thread, the tripod works with many popular microphones, including Fifine K688, K669D, Q6, AM8, etc.<\/p>\n<p>\n<img decoding=\"async\" alt=\"A woman wearing an orange shirt and headphones sits at a desk with a microphone\" border=\"0\" src=\"https:\/\/assets.innpro.pl\/18742\/24941\/Fifine-Statyw-biurkowy-do-mikrofonu-BM6-lf3.jpg\"\/>\n<\/p>\n<h3>Infinitely adjustable position and angle adjustment<\/h3>\n<p>The BM63W offers flexible adjustment capabilities at three points &#8211; 360\u00b0 base rotation, an articulated arm with up to 180\u00b0 movement angle, and a rotatable microphone holder (up to 270\u00b0). This makes it easy to adjust the microphone position to suit your needs.<\/p>\n<p>\n<img decoding=\"async\" alt=\"A man sits at a desk with headphones on his ears and a microphone clipped to the desk. In front of him a computer monitor\" border=\"0\" src=\"https:\/\/assets.innpro.pl\/18742\/24941\/Fifine-Statyw-biurkowy-do-mikrofonu-BM6-lf3 (2).jpg\"\/>\n<\/p>\n<h3>Stable design<\/h3>\n<p>The use of an internal damping spring system translates into quiet operation of the tripod, which is important especially when capturing audio in real time. The tripod holds microphones weighing up to 2 kg, ensuring compatibility with heavier studio models as well.<\/p>\n<p>\n<img decoding=\"async\" alt=\"2 photos: a woman works in front of a computer with a microphone on a tripod and a man records music while singing and playing guitar\" border=\"0\" src=\"https:\/\/assets.innpro.pl\/18742\/24941\/Fifine-Statyw-biurkowy-do-mikrofonu-BM6-lf3 (3).jpg\"\/>\n<\/p>\n<h3>Securely attaches to the desk<\/h3>\n<p>The tripod mounts to the desktop with a metal C-clamp mount that fits surfaces up to 5 cm thick. A non-slip pad protects the tabletop from damage and keeps the whole thing stable, even with frequent maneuvering of the microphone.<\/p>\n<p>\n<img decoding=\"async\" alt=\"Microphone arm on gray background\" border=\"0\" src=\"https:\/\/assets.innpro.pl\/18742\/24941\/Fifine-Statyw-biurkowy-do-mikrofonu-BM6-lf3 (4).jpg\"\/>\n<\/p>\n<h3>Iek\u013cauts<\/h3>\n<ul class=\"list-disc pl-5\">\n<li>desk stand for microphone<\/li>\n<li>desk mount<\/li>\n<li>Velcro cable clamp x3<\/li>\n<li>lietot\u0101ja rokasgr\u0101mata<\/li>\n<\/ul>\n<div class=\"table-wrapper\">\n<p>\u00a0<\/p>\n<h3><\/h3>\n<table>\n<tbody>\n<tr>\n<th>Ra\u017eot\u0101js<\/th>\n<td>Fifine<\/td>\n<\/tr>\n<tr>\n<th>Modelis<\/th>\n<td>BM36W<\/td>\n<\/tr>\n<tr>\n<th>Maksim\u0101l\u0101 slodze<\/th>\n<td>\u2264 2 kg<\/td>\n<\/tr>\n<tr>\n<th>Microphone thread<\/th>\n<td>\u215d&#8221;<\/td>\n<\/tr>\n<\/tbody>\n<\/table>\n<\/div>","protected":false},"excerpt":{"rendered":"<p>Fifine BM63W microphone desk stand (black) The Fifine BM63W is a stable desk stand that allows you to comfortably position your microphone in any position. Its total reach is 82.5 cm, which gives you plenty of maneuverability for both recording and live broadcasts. With a universal 5\/8&#8243; thread, the tripod works with many popular microphones, [&#8230;]\n","protected":false},"featured_media":89674,"comment_status":"open","ping_status":"closed","template":"","meta":[],"location":[19557,19558],"product_brand":[],"product_cat":[14770],"product_tag":[],"class_list":{"0":"post-83059","1":"product","2":"type-product","3":"status-publish","4":"has-post-thumbnail","6":"location-innpro_stock_location","7":"location-local_stock_location","8":"product_cat-grips","10":"first","11":"outofstock","12":"taxable","13":"shipping-taxable","14":"purchasable","15":"product-type-simple"},"aioseo_notices":[],"locations":[{"id":19557,"name":"Pieg\u0101d\u0101ja noliktav\u0101 (5-7dd.d)","slug":"innpro_stock_location","quantity":"0"},{"id":19558,"name":"R\u012bgas veikals (0-2dd.d)","slug":"local_stock_location","quantity":"0"}],"_links":{"self":[{"href":"https:\/\/elektrons.lv\/lv\/wp-json\/wp\/v2\/product\/83059","targetHints":{"allow":["GET"]}}],"collection":[{"href":"https:\/\/elektrons.lv\/lv\/wp-json\/wp\/v2\/product"}],"about":[{"href":"https:\/\/elektrons.lv\/lv\/wp-json\/wp\/v2\/types\/product"}],"replies":[{"embeddable":true,"href":"https:\/\/elektrons.lv\/lv\/wp-json\/wp\/v2\/comments?post=83059"}],"wp:featuredmedia":[{"embeddable":true,"href":"https:\/\/elektrons.lv\/lv\/wp-json\/wp\/v2\/media\/89674"}],"wp:attachment":[{"href":"https:\/\/elektrons.lv\/lv\/wp-json\/wp\/v2\/media?parent=83059"}],"wp:term":[{"taxonomy":"location","embeddable":true,"href":"https:\/\/elektrons.lv\/lv\/wp-json\/wp\/v2\/location?post=83059"},{"taxonomy":"product_brand","embeddable":true,"href":"https:\/\/elektrons.lv\/lv\/wp-json\/wp\/v2\/product_brand?post=83059"},{"taxonomy":"product_cat","embeddable":true,"href":"https:\/\/elektrons.lv\/lv\/wp-json\/wp\/v2\/product_cat?post=83059"},{"taxonomy":"product_tag","embeddable":true,"href":"https:\/\/elektrons.lv\/lv\/wp-json\/wp\/v2\/product_tag?post=83059"}],"curies":[{"name":"wp","href":"https:\/\/api.w.org\/{rel}","templated":true}]}}