{"id":83104,"date":"2026-05-14T09:44:42","date_gmt":"2026-05-14T09:44:42","guid":{"rendered":"https:\/\/elektrons.lv\/Prece\/fifine-m6-usb-c-wireless-tie-microphone-black\/"},"modified":"2026-05-15T15:00:16","modified_gmt":"2026-05-15T13:00:16","slug":"fifine-m6-usb-c-wireless-tie-microphone-black","status":"publish","type":"product","link":"https:\/\/elektrons.lv\/lv\/Prece\/fifine-m6-usb-c-wireless-tie-microphone-black\/","title":{"rendered":"Fifine M6 USB-C wireless tie microphone (black)"},"content":{"rendered":"<h3>Fifine M6 USB-C Wireless Tie Microphone (Black)<\/h3>\n<p>The Fifine M6 USB-C is a compact tie microphone designed for creatives who want to record clearer and crisper sound than that from a smartphone&#8217;s built-in microphone. With high sensitivity and directionality tailored to work close to the voice source, the device eliminates echo, reduces distortion and allows you to achieve professional sound no matter the scenario &#8211; from recording on TikTok to streaming or video conferencing. Simply connect the USB-C receiver to your Android phone, turn on the transmitter and start recording &#8211; without apps, setup or additional accessories.<\/p>\n<p>\n<img decoding=\"async\" alt=\"Close-up of a black Fifine brand microphone connected to a smartphone, with the screen showing a recording of a woman.\" border=\"0\" src=\"https:\/\/assets.innpro.pl\/18690\/24880\/Bezprzewodowy-mikrofon-krawatowy-Fifine-M6-1.jpg\"\/>\n<\/p>\n<h3>Automatic pairing and start<\/h3>\n<p>The Fifine M6 system pairs the transmitter and receiver by itself in a second, so you don&#8217;t waste time setting up before recording. The compact USB-C receiver doesn&#8217;t expand your phone or get in the way when you hold it, making it easy to transmit or record a selfie from the palm of your hand. An LED light on the receiver lets you know the connection status, so you always know if the kit is ready to go.<\/p>\n<p>\n<img decoding=\"async\" alt=\"Microphone kit including packaging, microphone with accessories in foam insert, black case and user manual.\" border=\"0\" src=\"https:\/\/assets.innpro.pl\/18690\/24880\/Bezprzewodowy-mikrofon-krawatowy-Fifine-M6-3.jpg\"\/>\n<\/p>\n<h3>Simple one-button operation<\/h3>\n<p>The Fifine M6 transmitter features a button that acts as an on\/off switch and a quick mute &#8211; ideal when you need to pause recording for a moment without disconnecting the headset. The microphone also has a USB-C port that can act as an input for audio monitoring with headphones or a power source while in use. This allows you to record live and monitor audio at the same time, which is rare in this class of microphones.<\/p>\n<p>\n<img decoding=\"async\" alt=\"Close-up of a black USB-C receiver with a blue LED, prepared for connection to a smartphone.\" border=\"0\" src=\"https:\/\/assets.innpro.pl\/18690\/24880\/Bezprzewodowy-mikrofon-krawatowy-Fifine-M6-2.jpg\"\/>\n<\/p>\n<h3>Stable 2.4 GHz transmission<\/h3>\n<p>The 2.4 GHz digital technology ensures a stable connection and consistent sound quality even when moving in front of the camera. The range of up to about 15 meters allows you to move freely away from the recording device &#8211; ideal for vloggers, fitness instructors, presenters or field recordings. Minimal transmission delay ensures that audio remains in sync with video in real time.<\/p>\n<p>\n<img decoding=\"async\" alt=\"A blue-lit chip with the word \"2.4g\" on the surface, symbolizing wireless transmission technology.\" border =\"0\" src=\"https:\/\/assets.innpro.pl\/18690\/24880\/Bezprzewodowy-mikrofon-krawatowy-Fifine-M6-7.jpg\"\/>\n<\/p>\n<h3>Convenience in any situation<\/h3>\n<p>The Fifine M6 microphone features a 360\u00b0 swivel clip, so you can clip it to your clothing in any position. The lightweight design won&#8217;t weigh down your clothing and is unobtrusive, keeping your recording aesthetically pleasing. The self-contained battery in the transmitter offers up to 6 hours of operation, and with the ability to record while charging, you can continue transmitting even when the battery is low &#8211; just plug in a powerbank.<\/p>\n<p>\n<img decoding=\"async\" alt=\"A teacher with a pinned microphone conducts a lesson at the blackboard, recorded with a smartphone mounted on a tripod.\" border=\"0\" src=\"https:\/\/assets.innpro.pl\/18690\/24880\/Bezprzewodowy-mikrofon-krawatowy-Fifine-M6-6.jpg\"\/>\n<\/p>\n<h3>Ideal for online creators<\/h3>\n<p>The Fifine M6 is perfect for recording on TikTok, Instagram, YouTube, Facebook, Twitch and video conferencing on any platform. Thanks to the plug &#038; play nature of the kit, it doesn&#8217;t require apps or settings &#8211; just select the recording mode in your preferred app and get started. The microphone performs better than most smartphone directional microphones, as it reduces ambient noise and picks up much less background noise.<\/p>\n<p>\n<img decoding=\"async\" alt=\"A woman with a pinned microphone presents makeup products in front of the camera of a smartphone mounted on a tripod.\" border=\"0\" src=\"https:\/\/assets.innpro.pl\/18690\/24880\/Bezprzewodowy-mikrofon-krawatowy-Fifine-M6-5.jpg\"\/>\n<\/p>\n<h3>Iek\u013cauts<\/h3>\n<ul class=\"list-disc pl-5\">\n<li>Fifine M6 transmitter<\/li>\n<li>USB-C receiver<\/li>\n<li>Wind sponge<\/li>\n<li>USB charging cable<\/li>\n<li>Lietot\u0101ja rokasgr\u0101mata<\/li>\n<\/ul>\n<div class=\"table-wrapper\">\n<p>\u00a0<\/p>\n<h3><\/h3>\n<table>\n<tbody>\n<tr>\n<th>Ra\u017eot\u0101js<\/th>\n<td>Fifine<\/td>\n<\/tr>\n<tr>\n<th>Modelis<\/th>\n<td>M6 USB-C<\/td>\n<\/tr>\n<tr><\/tr>\n<\/tbody>\n<\/table>\n<p>\u00a0<\/p>\n<h3>Transmitter<\/h3>\n<table>\n<tbody>\n<tr>\n<th>Characteristics<\/th>\n<td>Omnidirectional<\/td>\n<\/tr>\n<tr>\n<th>Transmission bandwidth<\/th>\n<td>2,4 GHz<\/td>\n<\/tr>\n<tr>\n<th>Latency<\/th>\n<td>Low (digital low-latency)<\/td>\n<\/tr>\n<tr>\n<th>Baro\u0161anas avots<\/th>\n<td>Built-in rechargeable battery<\/td>\n<\/tr>\n<tr>\n<th>Operation time<\/th>\n<td>Up to 6 h<\/td>\n<\/tr>\n<tr>\n<th>Charging during operation<\/th>\n<td>J\u0101<\/td>\n<\/tr>\n<tr>\n<th>USB-C port<\/th>\n<td>Yes (monitoring \/ power supply)<\/td>\n<\/tr>\n<tr>\n<th>Features<\/th>\n<td>Mute, automatic pairing<\/td>\n<\/tr>\n<tr><\/tr>\n<\/tbody>\n<\/table>\n<p>\u00a0<\/p>\n<h3>Receiver<\/h3>\n<table>\n<tbody>\n<tr>\n<th>Connector<\/th>\n<td>USB-C<\/td>\n<\/tr>\n<tr>\n<th>Additional USB-C port<\/th>\n<td>Charge your phone while you work<\/td>\n<\/tr>\n<tr>\n<th>Plug &#038; play function<\/th>\n<td>J\u0101<\/td>\n<\/tr>\n<tr><\/tr>\n<\/tbody>\n<\/table>\n<p>\u00a0<\/p>\n<h3>Diapazons<\/h3>\n<table>\n<tbody>\n<tr>\n<th>Maximum distance<\/th>\n<td>approx. 15 m (49 ft)<\/td>\n<\/tr>\n<tr>\n<th>Sader\u012bba<\/th>\n<td>Devices with a USB-C port (smartphones, tablets, laptops)<\/td>\n<\/tr>\n<tr><\/tr>\n<\/tbody>\n<\/table>\n<\/div>","protected":false},"excerpt":{"rendered":"<p>Fifine M6 USB-C Wireless Tie Microphone (Black) The Fifine M6 USB-C is a compact tie microphone designed for creatives who want to record clearer and crisper sound than that from a smartphone&#8217;s built-in microphone. With high sensitivity and directionality tailored to work close to the voice source, the device eliminates echo, reduces distortion and allows [&#8230;]\n","protected":false},"featured_media":89530,"comment_status":"open","ping_status":"closed","template":"","meta":[],"location":[19557,19558],"product_brand":[],"product_cat":[12317],"product_tag":[],"class_list":{"0":"post-83104","1":"product","2":"type-product","3":"status-publish","4":"has-post-thumbnail","6":"location-innpro_stock_location","7":"location-local_stock_location","8":"product_cat-lavalier","10":"first","11":"outofstock","12":"taxable","13":"shipping-taxable","14":"purchasable","15":"product-type-simple"},"aioseo_notices":[],"locations":[{"id":19557,"name":"Pieg\u0101d\u0101ja noliktav\u0101 (5-7dd.d)","slug":"innpro_stock_location","quantity":"0"},{"id":19558,"name":"R\u012bgas veikals (0-2dd.d)","slug":"local_stock_location","quantity":"0"}],"_links":{"self":[{"href":"https:\/\/elektrons.lv\/lv\/wp-json\/wp\/v2\/product\/83104","targetHints":{"allow":["GET"]}}],"collection":[{"href":"https:\/\/elektrons.lv\/lv\/wp-json\/wp\/v2\/product"}],"about":[{"href":"https:\/\/elektrons.lv\/lv\/wp-json\/wp\/v2\/types\/product"}],"replies":[{"embeddable":true,"href":"https:\/\/elektrons.lv\/lv\/wp-json\/wp\/v2\/comments?post=83104"}],"wp:featuredmedia":[{"embeddable":true,"href":"https:\/\/elektrons.lv\/lv\/wp-json\/wp\/v2\/media\/89530"}],"wp:attachment":[{"href":"https:\/\/elektrons.lv\/lv\/wp-json\/wp\/v2\/media?parent=83104"}],"wp:term":[{"taxonomy":"location","embeddable":true,"href":"https:\/\/elektrons.lv\/lv\/wp-json\/wp\/v2\/location?post=83104"},{"taxonomy":"product_brand","embeddable":true,"href":"https:\/\/elektrons.lv\/lv\/wp-json\/wp\/v2\/product_brand?post=83104"},{"taxonomy":"product_cat","embeddable":true,"href":"https:\/\/elektrons.lv\/lv\/wp-json\/wp\/v2\/product_cat?post=83104"},{"taxonomy":"product_tag","embeddable":true,"href":"https:\/\/elektrons.lv\/lv\/wp-json\/wp\/v2\/product_tag?post=83104"}],"curies":[{"name":"wp","href":"https:\/\/api.w.org\/{rel}","templated":true}]}}