{"id":83106,"date":"2026-05-14T09:44:43","date_gmt":"2026-05-14T09:44:43","guid":{"rendered":"https:\/\/elektrons.lv\/Prece\/fifine-m9-tie-microphone-set-black\/"},"modified":"2026-05-15T15:00:03","modified_gmt":"2026-05-15T13:00:03","slug":"fifine-m9-tie-microphone-set-black","status":"publish","type":"product","link":"https:\/\/elektrons.lv\/lv\/Prece\/fifine-m9-tie-microphone-set-black\/","title":{"rendered":"Fifine M9 tie microphone set (black)"},"content":{"rendered":"<h3>Fifine M9 Tie Microphone Set (black)<\/h3>\n<p>The Fifine M9 is a wireless lavalier microphone system designed for creatives who want to record clear, stable sound without cables or clutter. The kit consists of two transmitters and a receiver that automatically pair when turned on, so you can quickly start recording &#8211; whether on a smartphone, camera or tablet. The system offers a transmission range of up to 50 m (160 ft) with great signal penetration, allowing you to move freely in front of the camera while maintaining high audio quality.<\/p>\n<p>\n<img decoding=\"async\" alt=\"Wireless microphones floating in the sky next to an open charging case.\" border=\"0\" src=\"https:\/\/assets.innpro.pl\/18687\/24877\/Zestaw-mikrofonow-krawatowych-Fifine-M9-lifestyle-7.jpg\"\/>\n<\/p>\n<h3>A case that makes a difference<\/h3>\n<p>The included charging case isn&#8217;t just a convenient place to store &#8211; it&#8217;s also a powerbank for the Fifine M9 system. The built-in 1200 mAh battery allows you to charge the transmitters and receiver even in the field, and LEDs show the charging status of each device. Importantly, the microphones can also be recharged while in use, giving creators complete independence during long recordings outdoors or in the studio.<\/p>\n<p>\n<img decoding=\"async\" alt=\"A man putting a black charging case into his pants pocket.\" border=\"0\" src=\"https:\/\/assets.innpro.pl\/18687\/24877\/Zestaw-mikrofonow-krawatowych-Fifine-M9-lifestyle-2.jpg\"\/>\n<\/p>\n<h3>Compact, convenient form factor<\/h3>\n<p>The Fifine M9 transmitters feature an extremely compact design &#8211; they are lightweight, discreet and unobtrusive when clipped to clothing. The clip used allows stable attachment to clothing, and the included wind shields protect the sound from noise and gusts when recording outdoors. This makes the system suitable for both everyday vlogging and more dynamic situations such as street interviews.<\/p>\n<p>\n<img decoding=\"async\" alt=\"Close-up of wireless microphone with illuminated touch button and function symbols, against a blurry shot.\" border=\"0\" src=\"https:\/\/assets.innpro.pl\/18687\/24877\/Zestaw-mikrofonow-krawatowych-Fifine-M9-lifestyle-6.jpg\"\/>\n<\/p>\n<h3>Thoughtful features at your fingertips<\/h3>\n<p>The Fifine M9 offers features that make it easy to work in any conditions: the M\/S buttons allow you to quickly switch between mono and stereo, and a dedicated noise cancellation button helps you get clearer sound in difficult environments. A built-in Mute button ensures that you can instantly mute the microphone when the situation calls for it. High sensitivity and thoughtful microphone characteristics ensure natural sound without harshness or artificial treble boost.<\/p>\n<p>\n<img decoding=\"async\" alt=\"Two smiling women in winter clothes take a selfie with a smartphone with microphones attached.\" border=\"0\" src=\"https:\/\/assets.innpro.pl\/18687\/24877\/Zestaw-mikrofonow-krawatowych-Fifine-M9-lifestyle-1.jpg\"\/>\n<\/p>\n<h3>Full compatibility with your equipment<\/h3>\n<p>The Fifine M9 system works with most mobile devices and cameras, thanks to a set of included cables: TRS, TRRS and USB-C. You&#8217;ll connect it to an Android smartphone, DSLR camera, or even an iPhone (using a custom Lightning-USB-C adapter). The universal 3.5mm jack on the receiver allows you to enjoy recording on virtually any device that supports microphone input.<\/p>\n<p>\n<img decoding=\"async\" alt=\"A camera with a mounted audio receiver recording a person standing on the seashore.\" border=\"0\" src=\"https:\/\/assets.innpro.pl\/18687\/24877\/Zestaw-mikrofonow-krawatowych-Fifine-M9-lifestyle-5.jpg\"\/>\n<\/p>\n<h3>Audio ready for publication<\/h3>\n<p>The Fifine M9 microphones offer a balanced sound: clear highs, enough warmth in the midrange and an adequate bass base, which translates into a natural and pleasing voice. The omni characteristic used allows recording a full, even sound regardless of the microphone setting, and the maximum SPL level of up to 110 dB allows recording in louder conditions without distortion.<\/p>\n<p>\n<img decoding=\"async\" alt=\"Three wireless microphones floating above an illuminated surface, with a dynamic energy effect in the background.\" border=\"0\" src=\"https:\/\/assets.innpro.pl\/18687\/24877\/Zestaw-mikrofonow-krawatowych-Fifine-M9-lifestyle-4.jpg\"\/>\n<\/p>\n<h3>Iek\u013cauts<\/h3>\n<ul class=\"list-disc pl-5\">\n<li>Fifine M9 transmitter ( 2 pieces)<\/li>\n<li>Fifine M9 receiver<\/li>\n<li>Charging case (1200 mAh)<\/li>\n<li>USB-A \u2192 USB-C cable<\/li>\n<li>TRS 3.5 mm cable (for cameras)<\/li>\n<li>TRRS 3.5 mm cable (for smartphones)<\/li>\n<li>USB-C \u2192 USB-C cable (for Android\/tablets)<\/li>\n<li>Fur wind shield (2 pieces)<\/li>\n<li>Carrying case<\/li>\n<\/ul>\n<div class=\"table-wrapper\">\n<p>\u00a0<\/p>\n<h3><\/h3>\n<table>\n<tbody>\n<tr>\n<th>Ra\u017eot\u0101js<\/th>\n<td>Fifine<\/td>\n<\/tr>\n<tr>\n<th>Modelis<\/th>\n<td>M9<\/td>\n<\/tr>\n<tr><\/tr>\n<\/tbody>\n<\/table>\n<p>\u00a0<\/p>\n<h3>Transmitter (TX)<\/h3>\n<table>\n<tbody>\n<tr>\n<th>Characteristics<\/th>\n<td>Omnidirectional<\/td>\n<\/tr>\n<tr>\n<th>Bie\u017euma reakcija<\/th>\n<td>20 Hz &#8211; 20 kHz<\/td>\n<\/tr>\n<tr>\n<th>Max SPL<\/th>\n<td>110 dB<\/td>\n<\/tr>\n<tr>\n<th>Jut\u012bba<\/th>\n<td>-37 \u00b13 dBV<\/td>\n<\/tr>\n<tr>\n<th>Bit depth\/sample rate<\/th>\n<td>16-bit \/ 48 kHz<\/td>\n<\/tr>\n<tr>\n<th>Baro\u0161anas avots<\/th>\n<td>Built-in 150 mAh rechargeable battery<\/td>\n<\/tr>\n<tr>\n<th>Darb\u012bbas laiks<\/th>\n<td>6 h<\/td>\n<\/tr>\n<tr>\n<th>Uzl\u0101des laiks<\/th>\n<td>1,5 h<\/td>\n<\/tr>\n<tr>\n<th>Izm\u0113ri<\/th>\n<td>42.9 \u00d7 28.5 \u00d7 15 mm<\/td>\n<\/tr>\n<tr>\n<th>Svars<\/th>\n<td>17,6 g<\/td>\n<\/tr>\n<tr><\/tr>\n<\/tbody>\n<\/table>\n<p>\u00a0<\/p>\n<h3>Receiver (RX)<\/h3>\n<table>\n<tbody>\n<tr>\n<th>Delay<\/th>\n<td>27.6 ms<\/td>\n<\/tr>\n<tr>\n<th>Audio output<\/th>\n<td>3.5 mm<\/td>\n<\/tr>\n<tr>\n<th>Baro\u0161anas avots<\/th>\n<td>Built-in rechargeable 280 mAh battery<\/td>\n<\/tr>\n<tr>\n<th>Darb\u012bbas laiks<\/th>\n<td>12 h<\/td>\n<\/tr>\n<tr>\n<th>Uzl\u0101des laiks<\/th>\n<td>1,5 h<\/td>\n<\/tr>\n<tr>\n<th>Izm\u0113ri<\/th>\n<td>41.3 \u00d7 42.9 \u00d7 15 mm<\/td>\n<\/tr>\n<tr>\n<th>Svars<\/th>\n<td>25 g<\/td>\n<\/tr>\n<tr><\/tr>\n<\/tbody>\n<\/table>\n<p>\u00a0<\/p>\n<h3>Charging case<\/h3>\n<table>\n<tbody>\n<tr>\n<th>Baro\u0161anas avots<\/th>\n<td>1200 mAh battery, USB-C charging (5 V \/ 500 mA)<\/td>\n<\/tr>\n<tr>\n<th>Uzl\u0101des laiks<\/th>\n<td>2,5 h<\/td>\n<\/tr>\n<tr>\n<th>Izm\u0113ri<\/th>\n<td>103.5 \u00d7 60 \u00d7 43.8 mm<\/td>\n<\/tr>\n<tr>\n<th>Svars<\/th>\n<td>105,6 g<\/td>\n<\/tr>\n<tr><\/tr>\n<\/tbody>\n<\/table>\n<p>\u00a0<\/p>\n<h3>Wireless system<\/h3>\n<table>\n<tbody>\n<tr>\n<th>Darb\u012bbas frekvence<\/th>\n<td>2.4 GHz (digital)<\/td>\n<\/tr>\n<tr>\n<th>Diapazons<\/th>\n<td>Up to 50 m (line of sight)<\/td>\n<\/tr>\n<tr>\n<th>Shipping weight<\/th>\n<td>0.6 kg<\/td>\n<\/tr>\n<tr><\/tr>\n<\/tbody>\n<\/table>\n<\/div>","protected":false},"excerpt":{"rendered":"<p>Fifine M9 Tie Microphone Set (black) The Fifine M9 is a wireless lavalier microphone system designed for creatives who want to record clear, stable sound without cables or clutter. The kit consists of two transmitters and a receiver that automatically pair when turned on, so you can quickly start recording &#8211; whether on a smartphone, [&#8230;]\n","protected":false},"featured_media":89501,"comment_status":"open","ping_status":"closed","template":"","meta":[],"location":[19557,19558],"product_brand":[],"product_cat":[12317],"product_tag":[],"class_list":{"0":"post-83106","1":"product","2":"type-product","3":"status-publish","4":"has-post-thumbnail","6":"location-innpro_stock_location","7":"location-local_stock_location","8":"product_cat-lavalier","10":"first","11":"outofstock","12":"taxable","13":"shipping-taxable","14":"purchasable","15":"product-type-simple"},"aioseo_notices":[],"locations":[{"id":19557,"name":"Pieg\u0101d\u0101ja noliktav\u0101 (5-7dd.d)","slug":"innpro_stock_location","quantity":"0"},{"id":19558,"name":"R\u012bgas veikals (0-2dd.d)","slug":"local_stock_location","quantity":"0"}],"_links":{"self":[{"href":"https:\/\/elektrons.lv\/lv\/wp-json\/wp\/v2\/product\/83106","targetHints":{"allow":["GET"]}}],"collection":[{"href":"https:\/\/elektrons.lv\/lv\/wp-json\/wp\/v2\/product"}],"about":[{"href":"https:\/\/elektrons.lv\/lv\/wp-json\/wp\/v2\/types\/product"}],"replies":[{"embeddable":true,"href":"https:\/\/elektrons.lv\/lv\/wp-json\/wp\/v2\/comments?post=83106"}],"wp:featuredmedia":[{"embeddable":true,"href":"https:\/\/elektrons.lv\/lv\/wp-json\/wp\/v2\/media\/89501"}],"wp:attachment":[{"href":"https:\/\/elektrons.lv\/lv\/wp-json\/wp\/v2\/media?parent=83106"}],"wp:term":[{"taxonomy":"location","embeddable":true,"href":"https:\/\/elektrons.lv\/lv\/wp-json\/wp\/v2\/location?post=83106"},{"taxonomy":"product_brand","embeddable":true,"href":"https:\/\/elektrons.lv\/lv\/wp-json\/wp\/v2\/product_brand?post=83106"},{"taxonomy":"product_cat","embeddable":true,"href":"https:\/\/elektrons.lv\/lv\/wp-json\/wp\/v2\/product_cat?post=83106"},{"taxonomy":"product_tag","embeddable":true,"href":"https:\/\/elektrons.lv\/lv\/wp-json\/wp\/v2\/product_tag?post=83106"}],"curies":[{"name":"wp","href":"https:\/\/api.w.org\/{rel}","templated":true}]}}