{"id":83108,"date":"2026-05-14T09:44:43","date_gmt":"2026-05-14T09:44:43","guid":{"rendered":"https:\/\/elektrons.lv\/Prece\/fifine-h16-gaming-headphones-black\/"},"modified":"2026-05-15T15:01:29","modified_gmt":"2026-05-15T13:01:29","slug":"fifine-h16-gaming-headphones-black","status":"publish","type":"product","link":"https:\/\/elektrons.lv\/lv\/Prece\/fifine-h16-gaming-headphones-black\/","title":{"rendered":"Fifine H16 gaming headphones (black)"},"content":{"rendered":"<h3>Fifine H16 gaming headphones (black)<\/h3>\n<p>The Fifine H16 in black is a headphone that instantly transports you to the center of gameplay with its 7.1 Virtual Sound effect. The precise soundstage makes it easier to locate footsteps, gunfire and vehicles, increasing your effectiveness in dynamic action games. The built-in 50-millimeter driver guarantees full, detailed sound, and the wide stage improves comfort in movies and music as well.<\/p>\n<p>\n<img decoding=\"async\" alt=\"Black headphones with microphone on a stand, set on a desk next to a backlit keyboard and monitor.\" border=\"0\" src=\"https:\/\/assets.innpro.pl\/18702\/24892\/Sluchawki-gamingowe-Fifine-H16-czarne-lifestyle-6.jpg\"\/>\n<\/p>\n<h3>EQ x4 modes<\/h3>\n<p>The Fifine H16 offers four refined EQ modes &#8211; Game, Music, Movie and Smooth &#8211; so you can tailor the sound to any situation. Whether you need tighter bass, cleaner dialogue or precise channel separation, one-click characteristic changes allow you to get the perfect sound for the current activity.<\/p>\n<p>\n<img decoding=\"async\" alt=\"The inside of the headphone's ear cup with the sound transducer visible, shown against a motherboard background.\" border=\"0\" src=\"https:\/\/assets.innpro.pl\/18702\/24892\/Sluchawki-gamingowe-Fifine-H16-czarne-lifestyle-1.jpg\"\/>\n<\/p>\n<h3>Game\/Chat Adjustment<\/h3>\n<p>The Fifine H16 headphones support Game &#038; Chat Ratio Adjustment, which allows you to fully customize the volume of your game versus your voice conversations. Easily balance communication and gameplay sounds, allowing you to maintain an edge in team games while remaining comfortable during online meetings.<\/p>\n<p>\n<img decoding=\"async\" alt=\"Black headphones with a microphone against a background of graphics showing video chat, gaming and a remote control for audio control.\" border=\"0\" src=\"https:\/\/assets.innpro.pl\/18702\/24892\/Sluchawki-gamingowe-Fifine-H16-czarne-lifestyle-3.jpg\"\/>\n<\/p>\n<h3>Microphone under complete control<\/h3>\n<p>The detachable microphone on the Fifine H16 features Click to Denoise, which allows you to instantly remove background noise, and Click to Mute, which allows you to mute audio during conversations in an instant. An in-line control panel gives quick access to the most important options: volume control, EQ mode selection, 7.1 effect activation and game chat mix control.<\/p>\n<p>\n<img decoding=\"async\" alt=\"Black headphones with a light effect on the ear cup, with a detachable microphone and graphics depicting sound waves.\" border=\"0\" src=\"https:\/\/assets.innpro.pl\/18702\/24892\/Sluchawki-gamingowe-Fifine-H16-czarne-lifestyle-7.jpg\"\/>\n<\/p>\n<h3>Dynamic RGB backlighting<\/h3>\n<p>The black Fifine H16 is enhanced with multi-color lighting effects with 11 RGB modes, including static color, multi-color gradient and breathing effect. The backlighting adds a gaming touch to the set and complements the atmosphere of your workstation, no matter what style you arrange it in.<\/p>\n<p>\n<img decoding=\"async\" alt=\"Black headphones with a microphone and colored backlight on a stand, in front of a monitor with a racing game.\" border=\"0\" src=\"https:\/\/assets.innpro.pl\/18702\/24892\/Sluchawki-gamingowe-Fifine-H16-czarne-lifestyle-5.jpg\"\/>\n<\/p>\n<h3>Comfort for long sessions<\/h3>\n<p>With sturdy metal construction, soft ear cups and a comfortable headband, the Fifine H16 guarantee comfort even during long hours of gaming marathons. The enclosed design effectively isolates ambient sounds, and the cable with the remote control is reinforced with a braided cable, which increases the durability of the set.<\/p>\n<p>\n<img decoding=\"async\" alt=\"A person wearing black headphones playing a war game, surrounded by iconic sounds and spatial effects.\" border=\"0\" src=\"https:\/\/assets.innpro.pl\/18702\/24892\/Sluchawki-gamingowe-Fifine-H16-czarne-lifestyle-4.jpg\"\/>\n<\/p>\n<h3>Iek\u013cauts<\/h3>\n<ul class=\"list-disc pl-5\">\n<li>Fifine H16 gaming headphones<\/li>\n<li>Detachable microphone<\/li>\n<li>Cable with control remote control<\/li>\n<li>Lietot\u0101ja rokasgr\u0101mata<\/li>\n<\/ul>\n<div class=\"table-wrapper\">\n<p>\u00a0<\/p>\n<h3><\/h3>\n<table>\n<tbody>\n<tr>\n<th>Ra\u017eot\u0101js<\/th>\n<td>Fifine<\/td>\n<\/tr>\n<tr>\n<th>Modelis<\/th>\n<td>H16<\/td>\n<\/tr>\n<tr>\n<th>Transducer type<\/th>\n<td>50 mm<\/td>\n<\/tr>\n<tr>\n<th>EQ modes<\/th>\n<td>4 (Game, Music, Movie, Smooth)<\/td>\n<\/tr>\n<tr>\n<th>Surround effect<\/th>\n<td>7.1 Virtual Sound<\/td>\n<\/tr>\n<tr>\n<th>Mikrofons<\/th>\n<td>Detachable, Denoise \/ Mute functions<\/td>\n<\/tr>\n<tr>\n<th>Balance adjustment<\/th>\n<td>Game &#038; Chat Ratio<\/td>\n<\/tr>\n<tr>\n<th>Aizmugur\u0113jais apgaismojums<\/th>\n<td>RGB, 11 modes<\/td>\n<\/tr>\n<tr>\n<th>Kontrole<\/th>\n<td>In-line remote control<\/td>\n<\/tr>\n<tr>\n<th>Connector<\/th>\n<td>USB<\/td>\n<\/tr>\n<tr>\n<th>Design<\/th>\n<td>Closed, around-the-ear<\/td>\n<\/tr>\n<tr><\/tr>\n<\/tbody>\n<\/table>\n<\/div>","protected":false},"excerpt":{"rendered":"<p>Fifine H16 gaming headphones (black) The Fifine H16 in black is a headphone that instantly transports you to the center of gameplay with its 7.1 Virtual Sound effect. The precise soundstage makes it easier to locate footsteps, gunfire and vehicles, increasing your effectiveness in dynamic action games. The built-in 50-millimeter driver guarantees full, detailed sound, [&#8230;]\n","protected":false},"featured_media":89509,"comment_status":"open","ping_status":"closed","template":"","meta":[],"location":[19557,19558],"product_brand":[],"product_cat":[12757],"product_tag":[],"class_list":{"0":"post-83108","1":"product","2":"type-product","3":"status-publish","4":"has-post-thumbnail","6":"location-innpro_stock_location","7":"location-local_stock_location","8":"product_cat-wired","10":"first","11":"outofstock","12":"taxable","13":"shipping-taxable","14":"purchasable","15":"product-type-simple"},"aioseo_notices":[],"locations":[{"id":19557,"name":"Pieg\u0101d\u0101ja noliktav\u0101 (5-7dd.d)","slug":"innpro_stock_location","quantity":"0"},{"id":19558,"name":"R\u012bgas veikals (0-2dd.d)","slug":"local_stock_location","quantity":"0"}],"_links":{"self":[{"href":"https:\/\/elektrons.lv\/lv\/wp-json\/wp\/v2\/product\/83108","targetHints":{"allow":["GET"]}}],"collection":[{"href":"https:\/\/elektrons.lv\/lv\/wp-json\/wp\/v2\/product"}],"about":[{"href":"https:\/\/elektrons.lv\/lv\/wp-json\/wp\/v2\/types\/product"}],"replies":[{"embeddable":true,"href":"https:\/\/elektrons.lv\/lv\/wp-json\/wp\/v2\/comments?post=83108"}],"wp:featuredmedia":[{"embeddable":true,"href":"https:\/\/elektrons.lv\/lv\/wp-json\/wp\/v2\/media\/89509"}],"wp:attachment":[{"href":"https:\/\/elektrons.lv\/lv\/wp-json\/wp\/v2\/media?parent=83108"}],"wp:term":[{"taxonomy":"location","embeddable":true,"href":"https:\/\/elektrons.lv\/lv\/wp-json\/wp\/v2\/location?post=83108"},{"taxonomy":"product_brand","embeddable":true,"href":"https:\/\/elektrons.lv\/lv\/wp-json\/wp\/v2\/product_brand?post=83108"},{"taxonomy":"product_cat","embeddable":true,"href":"https:\/\/elektrons.lv\/lv\/wp-json\/wp\/v2\/product_cat?post=83108"},{"taxonomy":"product_tag","embeddable":true,"href":"https:\/\/elektrons.lv\/lv\/wp-json\/wp\/v2\/product_tag?post=83108"}],"curies":[{"name":"wp","href":"https:\/\/api.w.org\/{rel}","templated":true}]}}