{"id":83216,"date":"2026-05-14T09:44:55","date_gmt":"2026-05-14T09:44:55","guid":{"rendered":"https:\/\/elektrons.lv\/Prece\/garrett-ace-400i-metal-detector\/"},"modified":"2026-05-15T15:08:34","modified_gmt":"2026-05-15T13:08:34","slug":"garrett-ace-400i-metal-detector","status":"publish","type":"product","link":"https:\/\/elektrons.lv\/lv\/Prece\/garrett-ace-400i-metal-detector\/","title":{"rendered":"Garrett ACE 400i metal detector"},"content":{"rendered":"<div style=\"display: flex; flex-direction: column;\" class=\"iai-section-b518b711-327c-49dd-a6df-803f52333dbe-description-wrapper\">\n<div class=\"iai-section-b518b711-327c-49dd-a6df-803f52333dbe iai-section-b518b711-327c-49dd-a6df-803f52333dbe-html\">\n<h3>Garrett ACE 400i metal detector<\/h3>\n<p>The Garrett ACE 400i is an advanced metal detector designed for people who want reliability, accuracy and full control over the search process. It is perfect for detecting gold jewelry, relics, silver rings, gold coins and many other valuable finds. Its advanced features make it an ideal choice for searching for coins as well as jewelry or antique artifacts.<\/p>\n<p><img decoding=\"async\" src=\"https:\/\/assets.innpro.pl\/18886\/25147\/9-Wykrywacz-metali-Garrett-ACE-400i-lifestyle-9.jpg\" border=\"0\" alt=\"Garrett ACE 400i metal detector lying on a white background in full view.\"><\/p>\n<h3>Stable operation in all conditions<\/h3>\n<p>The frequency adjustment function makes it possible to eliminate or minimize interference from electrical installations and other metal detectors. This solution is especially useful when searching in areas with a high volume of electronics or at rallies and group field searches where multiple devices are operating simultaneously.<\/p>\n<p><img decoding=\"async\" src=\"https:\/\/assets.innpro.pl\/18886\/25147\/3-Wykrywacz-metali-Garrett-ACE-400i-lifestyle-3.jpg\" border=\"0\" alt=\"A kneeling man shows a coin found with a metal detector.\"><\/p>\n<h3>Full control over your finds<\/h3>\n<p>The digital target identifier offers a numerical identification scale from 0 to 99, which accurately determines the conductivity of the detected metal. This lets you know which object you are dealing with even before you start digging, significantly increasing efficiency and saving time.<\/p>\n<p><img decoding=\"async\" src=\"https:\/\/assets.innpro.pl\/18886\/25147\/2-Wykrywacz-metali-Garrett-ACE-400i-lifestyle-2.jpg\" border=\"0\" alt=\"A gloved hand holding the coin next to the metal detector.\"><\/p>\n<h3>Accurate target localization<\/h3>\n<p>The electronic detection, or stationary All-Metal mode, helps determine the exact location of a detected object with surgical precision. This allows for faster and more efficient excavation of finds, without unnecessarily ditching a large area.<\/p>\n<p><img decoding=\"async\" src=\"https:\/\/assets.innpro.pl\/18886\/25147\/4-Wykrywacz-metali-Garrett-ACE-400i-lifestyle-4.jpg\" border=\"0\" alt=\"A man with a metal detector searches a field.\"><\/p>\n<h3>Precise Iron Check<\/h3>\n<p>The Iron Check function provides increased resolution (more pixels) for more precise iron discrimination levels. This feature is extremely useful in areas littered with metal debris, where valuable objects can be masked by unwanted items such as nails or sheet metal fragments.<\/p>\n<p><img decoding=\"async\" src=\"https:\/\/assets.innpro.pl\/18886\/25147\/5-Wykrywacz-metali-Garrett-ACE-400i-lifestyle-5.jpg\" border=\"0\" alt=\"A person uses a metal detector on a lawn near a fence.\"><\/p>\n<h3>Real-time target analysis<\/h3>\n<p>Graphic Target Analyzing\u2122 simultaneously displays the conductivity of the detected object and the current discrimination pattern. This gives you a complete picture of the signal and allows you to make an informed decision about whether a target is worth digging up.<\/p>\n<p><img decoding=\"async\" src=\"https:\/\/assets.innpro.pl\/18886\/25147\/1-Wykrywacz-metali-Garrett-ACE-400i-lifestyle-1.jpg\" border=\"0\" alt=\"A person with a metal detector searches the lawn in front of a house.\"><\/p>\n<h3>Hear the iron before you dig<\/h3>\n<p>ACE\u2122 400I Iron Audio technology lets you hear rejected iron signals that are muted by default. This allows you to identify unwanted flat objects, such as caps or washers, before you decide to dig. In order to use this function, it is necessary to set the iron discrimination level &#8211; in the demonstration it is 35. Without Iron Audio, the cap and silver coin sound very similar, while when the function is activated, the cap generates characteristic &#8220;murmurs&#8221; of iron, signaling that it may be a waste.<\/p>\n<p><img decoding=\"async\" src=\"https:\/\/assets.innpro.pl\/18886\/25147\/6-Wykrywacz-metali-Garrett-ACE-400i-lifestyle-6.jpg\" border=\"0\" alt=\"Close-up of the control panel of the Garrett ACE 400i metal detector.\"><\/p>\n<h3>Iek\u013cauts<\/h3>\n<ul class=\"list-disc pl-5\">\n<li>metal detector<\/li>\n<li>Garrett ClearSound Easy Stow headphones with volume control<\/li>\n<li>ACE Environmental shield<\/li>\n<li>search coil cover<\/li>\n<li>lietot\u0101ja rokasgr\u0101mata<\/li>\n<\/ul>\n<div class=\"table-wrapper\">\n<p>&nbsp;<\/p>\n<h3>&nbsp;<\/h3>\n<table>\n<tbody>\n<tr>\n<th>Ra\u017eot\u0101js<\/th>\n<td>Garrett<\/td>\n<\/tr>\n<tr>\n<th>Modelis<\/th>\n<td>ACE 400i<\/td>\n<\/tr>\n<tr>\n<th>Iron Audio function<\/th>\n<td>Atbalst\u012bts<\/td>\n<\/tr>\n<tr>\n<th>Segments for distinguishing iron<\/th>\n<td>4<\/td>\n<\/tr>\n<tr>\n<th>Notch Discrimination<\/th>\n<td>Adjustable<\/td>\n<\/tr>\n<tr>\n<th>Search modes<\/th>\n<td>5 (plus pinpoint)<\/td>\n<\/tr>\n<tr>\n<th>Sensitivity\/depth adjustment<\/th>\n<td>8<\/td>\n<\/tr>\n<tr>\n<th>Digital target identifier<\/th>\n<td>Atbalst\u012bts<\/td>\n<\/tr>\n<tr>\n<th>Pinpoint function<\/th>\n<td>Atbalst\u012bts<\/td>\n<\/tr>\n<tr>\n<th>Frequency<\/th>\n<td>10 kHz, adjustable<\/td>\n<\/tr>\n<tr>\n<th>Audio identification levels<\/th>\n<td>3<\/td>\n<\/tr>\n<tr>\n<th>Target depth indicator<\/th>\n<td>Built-in<\/td>\n<\/tr>\n<tr>\n<th>Search coil<\/th>\n<td>8.5\u2033 x 11\u2033 DD PROformance\u2122<\/td>\n<\/tr>\n<tr>\n<th>Length (adjustable)<\/th>\n<td>1.06m &#8211; 1.29m<\/td>\n<\/tr>\n<tr>\n<th>Baro\u0161anas avots<\/th>\n<td>4 AA batteries (included)<\/td>\n<\/tr>\n<tr>\n<th>Battery status indicator<\/th>\n<td>Built-in<\/td>\n<\/tr>\n<tr>\n<th>One-touch operation<\/th>\n<td>J\u0101<\/td>\n<\/tr>\n<tr>\n<th>Camlock locks for greater stability<\/th>\n<td>Built-in<\/td>\n<\/tr>\n<tr>\n<th>Svars<\/th>\n<td>1.32 kg<\/td>\n<\/tr>\n<\/tbody>\n<\/table>\n<\/div>\n<\/div>\n<\/div>","protected":false},"excerpt":{"rendered":"<p>Garrett ACE 400i metal detector The Garrett ACE 400i is an advanced metal detector designed for people who want reliability, accuracy and full control over the search process. It is perfect for detecting gold jewelry, relics, silver rings, gold coins and many other valuable finds. Its advanced features make it an ideal choice for searching [&#8230;]\n","protected":false},"featured_media":89170,"comment_status":"open","ping_status":"closed","template":"","meta":[],"location":[19557,19558],"product_brand":[],"product_cat":[17995],"product_tag":[],"class_list":{"0":"post-83216","1":"product","2":"type-product","3":"status-publish","4":"has-post-thumbnail","6":"location-innpro_stock_location","7":"location-local_stock_location","8":"product_cat-tourism","10":"first","11":"instock","12":"sale","13":"taxable","14":"shipping-taxable","15":"purchasable","16":"product-type-simple"},"aioseo_notices":[],"locations":[{"id":19557,"name":"Pieg\u0101d\u0101ja noliktav\u0101 (5-7dd.d)","slug":"innpro_stock_location","quantity":"29"},{"id":19558,"name":"R\u012bgas veikals (0-2dd.d)","slug":"local_stock_location","quantity":"0"}],"_links":{"self":[{"href":"https:\/\/elektrons.lv\/lv\/wp-json\/wp\/v2\/product\/83216","targetHints":{"allow":["GET"]}}],"collection":[{"href":"https:\/\/elektrons.lv\/lv\/wp-json\/wp\/v2\/product"}],"about":[{"href":"https:\/\/elektrons.lv\/lv\/wp-json\/wp\/v2\/types\/product"}],"replies":[{"embeddable":true,"href":"https:\/\/elektrons.lv\/lv\/wp-json\/wp\/v2\/comments?post=83216"}],"wp:featuredmedia":[{"embeddable":true,"href":"https:\/\/elektrons.lv\/lv\/wp-json\/wp\/v2\/media\/89170"}],"wp:attachment":[{"href":"https:\/\/elektrons.lv\/lv\/wp-json\/wp\/v2\/media?parent=83216"}],"wp:term":[{"taxonomy":"location","embeddable":true,"href":"https:\/\/elektrons.lv\/lv\/wp-json\/wp\/v2\/location?post=83216"},{"taxonomy":"product_brand","embeddable":true,"href":"https:\/\/elektrons.lv\/lv\/wp-json\/wp\/v2\/product_brand?post=83216"},{"taxonomy":"product_cat","embeddable":true,"href":"https:\/\/elektrons.lv\/lv\/wp-json\/wp\/v2\/product_cat?post=83216"},{"taxonomy":"product_tag","embeddable":true,"href":"https:\/\/elektrons.lv\/lv\/wp-json\/wp\/v2\/product_tag?post=83216"}],"curies":[{"name":"wp","href":"https:\/\/api.w.org\/{rel}","templated":true}]}}