{"id":83237,"date":"2026-05-14T09:44:57","date_gmt":"2026-05-14T09:44:57","guid":{"rendered":"https:\/\/elektrons.lv\/Prece\/accessory-kit-for-dreame-d20\/"},"modified":"2026-05-15T16:06:19","modified_gmt":"2026-05-15T14:06:19","slug":"accessory-kit-for-dreame-d20","status":"publish","type":"product","link":"https:\/\/elektrons.lv\/lv\/Prece\/accessory-kit-for-dreame-d20\/","title":{"rendered":"Accessory kit for Dreame D20"},"content":{"rendered":"<h3>Accessory kit for Dreame D20<\/h3>\n<p>The Dreame D20 Accessory Kit is a complete package of interchangeable parts to bring your robot back to full performance and keep it in great shape for longer. Included in the kit you&#8217;ll find the innovative TroboWave\u2122 Detangling DuoBrush designed to minimize hair entanglement, two side brushes for precise dirt pick-up at the edges, three dust bin filters for improved filtration quality, and three mop pads for effective streak-free floor cleaning. An ideal choice if you want to maintain high cleaning performance and extend the life of your Dreame D20.<\/p>\n<p>\n<img decoding=\"async\" alt=\"Dreame cleaning robot accessory kit on gray background\" border=\"0\" src=\"https:\/\/assets.innpro.pl\/18920\/25237\/1.jpg\"\/>\n<\/p>\n<h3>Includes<\/h3>\n<ul class=\"list-disc pl-5\">\n<li>TroboWave\u2122 brush<\/li>\n<li>side brush x2<\/li>\n<li>dust container filter x3<\/li>\n<li>mop pad x3<\/li>\n<\/ul>\n<div class=\"table-wrapper\">\n<p>\u00a0<\/p>\n<h3><\/h3>\n<table>\n<tbody>\n<tr>\n<th>Ra\u017eot\u0101js<\/th>\n<td>Dreame<\/td>\n<\/tr>\n<tr>\n<th>Modelis<\/th>\n<td>RAK68<\/td>\n<\/tr>\n<tr>\n<th>Sader\u012bba<\/th>\n<td>Dreame D20<\/td>\n<\/tr>\n<\/tbody>\n<\/table>\n<\/div>","protected":false},"excerpt":{"rendered":"<p>Accessory kit for Dreame D20 The Dreame D20 Accessory Kit is a complete package of interchangeable parts to bring your robot back to full performance and keep it in great shape for longer. Included in the kit you&#8217;ll find the innovative TroboWave\u2122 Detangling DuoBrush designed to minimize hair entanglement, two side brushes for precise dirt [&#8230;]\n","protected":false},"featured_media":89142,"comment_status":"open","ping_status":"closed","template":"","meta":[],"location":[19557,19558],"product_brand":[],"product_cat":[12609],"product_tag":[],"class_list":{"0":"post-83237","1":"product","2":"type-product","3":"status-publish","4":"has-post-thumbnail","6":"location-innpro_stock_location","7":"location-local_stock_location","8":"product_cat-spare-parts","10":"first","11":"instock","12":"sale","13":"taxable","14":"shipping-taxable","15":"purchasable","16":"product-type-simple"},"aioseo_notices":[],"locations":[{"id":19557,"name":"Pieg\u0101d\u0101ja noliktav\u0101 (5-7dd.d)","slug":"innpro_stock_location","quantity":"71"},{"id":19558,"name":"R\u012bgas veikals (0-2dd.d)","slug":"local_stock_location","quantity":"0"}],"_links":{"self":[{"href":"https:\/\/elektrons.lv\/lv\/wp-json\/wp\/v2\/product\/83237","targetHints":{"allow":["GET"]}}],"collection":[{"href":"https:\/\/elektrons.lv\/lv\/wp-json\/wp\/v2\/product"}],"about":[{"href":"https:\/\/elektrons.lv\/lv\/wp-json\/wp\/v2\/types\/product"}],"replies":[{"embeddable":true,"href":"https:\/\/elektrons.lv\/lv\/wp-json\/wp\/v2\/comments?post=83237"}],"wp:featuredmedia":[{"embeddable":true,"href":"https:\/\/elektrons.lv\/lv\/wp-json\/wp\/v2\/media\/89142"}],"wp:attachment":[{"href":"https:\/\/elektrons.lv\/lv\/wp-json\/wp\/v2\/media?parent=83237"}],"wp:term":[{"taxonomy":"location","embeddable":true,"href":"https:\/\/elektrons.lv\/lv\/wp-json\/wp\/v2\/location?post=83237"},{"taxonomy":"product_brand","embeddable":true,"href":"https:\/\/elektrons.lv\/lv\/wp-json\/wp\/v2\/product_brand?post=83237"},{"taxonomy":"product_cat","embeddable":true,"href":"https:\/\/elektrons.lv\/lv\/wp-json\/wp\/v2\/product_cat?post=83237"},{"taxonomy":"product_tag","embeddable":true,"href":"https:\/\/elektrons.lv\/lv\/wp-json\/wp\/v2\/product_tag?post=83237"}],"curies":[{"name":"wp","href":"https:\/\/api.w.org\/{rel}","templated":true}]}}