{"id":83248,"date":"2026-05-14T09:44:59","date_gmt":"2026-05-14T09:44:59","guid":{"rendered":"https:\/\/elektrons.lv\/Prece\/cycplus-al1-electric-pump\/"},"modified":"2026-05-15T15:12:30","modified_gmt":"2026-05-15T13:12:30","slug":"cycplus-al1-electric-pump","status":"publish","type":"product","link":"https:\/\/elektrons.lv\/lv\/Prece\/cycplus-al1-electric-pump\/","title":{"rendered":"Cycplus AL1 electric pump"},"content":{"rendered":"<h3>Cycplus AL1 Electric Inflator<\/h3>\n<p>The Cycplus A2 Plus is a portable electric tire and ball inflator designed for fast and precise inflation. It offers a maximum pressure of 150 PSI, an automatic shut-off function, and a measurement accuracy of \u00b10.1 bar to safely set the target pressure. The compact design houses an easy-to-read, anti-glare LED screen and control buttons, all complemented by a convenient retractable hose.<\/p>\n<p>\n<img decoding=\"async\" alt=\"Cycplus AL1 electric pump standing upright on concrete cubes with a fuzzy car in the background\" border=\"0\" src=\"https:\/\/assets.innpro.pl\/19361\/25800\/Pompka-elektryczna-Cycplus-AL1-lifestyle-2.jpg\"\/>\n<\/p>\n<h3>Fast pumping thanks to a powerful motor<\/h3>\n<p>A specially designed high-power motor provides up to a 100% increase in pumping speed compared to standard solutions. In practice, this means you can inflate a 195\/65R15 car tire from 2.0 to 2.5 bar in about 1 minute, and a full inflation from zero will take about 6 minutes. That&#8217;s not the end of the possibilities, however. A motorcycle tire reaches 50 PSI in about 2-3 minutes, and a 700\u00d725C road tire even reaches 120 PSI in about 1 minute. So you can get ready for the road ahead in no time!<\/p>\n<p>\n<img decoding=\"async\" alt=\"Cycplus electric pump connected by a wire to a car tire\" border=\"0\" src=\"https:\/\/assets.innpro.pl\/19361\/25800\/Pompka-elektryczna-Cycplus-AL1-lifestyle-5.jpg\"\/>\n<\/p>\n<h3>Precision and full pressure control<\/h3>\n<p>The pump allows you to set a target pressure value, once it reaches it, it automatically shuts off. With an accuracy of up to \u00b10.1 bar, you can be sure that your tires are inflated exactly as needed. The anti-glare LED screen presents the current parameters in an easy-to-read manner, making it easy to operate even in more difficult lighting conditions.<\/p>\n<p>\n<img decoding=\"async\" alt=\"Hand holding Cycplus inflator at motorcycle wheel with brake disc in background\" border=\"0\" src=\"https:\/\/assets.innpro.pl\/19361\/25800\/Pompka-elektryczna-Cycplus-AL1-lifestyle-6.jpg\"\/>\n<\/p>\n<h3>Powerful battery and powerbank function<\/h3>\n<p>The Cycplus A2 Plus is equipped with a high-capacity battery of 3 \u00d7 2600 mAh, giving a total of 7800 mAh at 3.7 volts. Such a solution allows you to pump repeatedly without the need for frequent charging, and additionally allows you to use the device as an emergency powerbank. This is a practical support on the go when you need to recharge your phone or other mobile equipment.<\/p>\n<p>\n<img decoding=\"async\" alt=\"Cross-section of the Cycplus inflator showing the internal cylindrical batteries and mechanism in blue light\" border=\"0\" src=\"https:\/\/assets.innpro.pl\/19361\/25800\/Pompka-elektryczna-Cycplus-AL1-lifestyle-8.jpg\"\/>\n<\/p>\n<h3>Two ways to power up and be ready for any situation<\/h3>\n<p>The device can operate in two ways: wirelessly, with USB-C charging and QC 3.0 support, and wired, with power via a DC outlet. This combination makes the pump ready to work both at home and on the road, regardless of access to standard power sources.<\/p>\n<p>\n<img decoding=\"async\" alt=\"Two power options for the electric pump - via USB-C and DC\" border=\"0\" src=\"https:\/\/assets.innpro.pl\/19361\/25800\/Pompka-elektryczna-Cycplus-AL1-lifestyle-9.jpg\"\/>\n<\/p>\n<h3>Safe operation and effective cooling<\/h3>\n<p>The pump is designed for efficient heat dissipation. Mesh vents, a metal core to accelerate heat transfer and a built-in spiral fan take care of rapid cooling, allowing stable operation even under heavy use and reducing the risk of overheating.<\/p>\n<p>\n<img decoding=\"async\" alt=\"Cycplus pump standing on ice cubes with blue light on dark background\" border=\"0\" src=\"https:\/\/assets.innpro.pl\/19361\/25800\/Pompka-elektryczna-Cycplus-AL1-lifestyle-12.jpg\"\/>\n<\/p>\n<h3>Versatility<\/h3>\n<p>The A2 Plus is compatible with Presta and Schrader valves, making it suitable for inflating car, motorcycle and bicycle tires and balls. What&#8217;s more, an additional LED emergency lighting function increases safety during nighttime stops and makes it easier to operate the unit after dark.<\/p>\n<p>\n<img decoding=\"async\" alt=\"Cycplus AL1 electric pump connected to a bicycle wheel, pumping a tire\" border=\"0\" src=\"https:\/\/assets.innpro.pl\/19361\/25800\/Pompka-elektryczna-Cycplus-AL1-lifestyle-15.jpg\"\/>\n<\/p>\n<h3>Iek\u013cauts<\/h3>\n<ul class=\"list-disc pl-5\">\n<li>Cycplus A2 Plus electric pump x1<\/li>\n<li>Carrying case x1<\/li>\n<li>USB-A to USB-C cable x1<\/li>\n<li>DC power cable for car outlet x1<\/li>\n<li>Valve extensions and adapters x3<\/li>\n<li>Ball pump needle x1<\/li>\n<li>Lietot\u0101ja rokasgr\u0101mata x1<\/li>\n<\/ul>\n<div class=\"table-wrapper\">\n<p>\u00a0<\/p>\n<h3><\/h3>\n<table>\n<tbody>\n<tr>\n<th>Ra\u017eot\u0101js<\/th>\n<td>Cycplus<\/td>\n<\/tr>\n<tr>\n<th>V\u0101rds<\/th>\n<td>Cycplus A2 Plus<\/td>\n<\/tr>\n<tr>\n<th>Modelis<\/th>\n<td>AL1<\/td>\n<\/tr>\n<tr>\n<th>Maximum pressure<\/th>\n<td>150 PSI<\/td>\n<\/tr>\n<tr>\n<th>M\u0113r\u012bjumu precizit\u0101te<\/th>\n<td>\u00b10.1 bar<\/td>\n<\/tr>\n<tr>\n<th>Akumulatora ietilp\u012bba<\/th>\n<td>3 \u00d7 2600 mAh (7800 mAh)<\/td>\n<\/tr>\n<tr>\n<th>Battery voltage<\/th>\n<td>3,7 V<\/td>\n<\/tr>\n<tr>\n<th>Baro\u0161anas avots<\/th>\n<td>Rechargeable (with USB-C QC 3.0 charging) \/ DC<\/td>\n<\/tr>\n<tr>\n<th>Compatible valves<\/th>\n<td>Presta, Schrader<\/td>\n<\/tr>\n<tr>\n<th>Izm\u0113ri<\/th>\n<td>Approx. 19.6 \u00d7 6.4 \u00d7 7.4 cm<\/td>\n<\/tr>\n<tr>\n<th>Additional features<\/th>\n<td>Powerbank, LED lighting<\/td>\n<\/tr>\n<\/tbody>\n<\/table>\n<\/div>","protected":false},"excerpt":{"rendered":"<p>Cycplus AL1 Electric Inflator The Cycplus A2 Plus is a portable electric tire and ball inflator designed for fast and precise inflation. It offers a maximum pressure of 150 PSI, an automatic shut-off function, and a measurement accuracy of \u00b10.1 bar to safely set the target pressure. The compact design houses an easy-to-read, anti-glare LED [&#8230;]\n","protected":false},"featured_media":89099,"comment_status":"open","ping_status":"closed","template":"","meta":[],"location":[19557,19558],"product_brand":[],"product_cat":[14463],"product_tag":[],"class_list":{"0":"post-83248","1":"product","2":"type-product","3":"status-publish","4":"has-post-thumbnail","6":"location-innpro_stock_location","7":"location-local_stock_location","8":"product_cat-pumps","10":"first","11":"instock","12":"sale","13":"taxable","14":"shipping-taxable","15":"purchasable","16":"product-type-simple"},"aioseo_notices":[],"locations":[{"id":19557,"name":"Pieg\u0101d\u0101ja noliktav\u0101 (5-7dd.d)","slug":"innpro_stock_location","quantity":"157"},{"id":19558,"name":"R\u012bgas veikals (0-2dd.d)","slug":"local_stock_location","quantity":"0"}],"_links":{"self":[{"href":"https:\/\/elektrons.lv\/lv\/wp-json\/wp\/v2\/product\/83248","targetHints":{"allow":["GET"]}}],"collection":[{"href":"https:\/\/elektrons.lv\/lv\/wp-json\/wp\/v2\/product"}],"about":[{"href":"https:\/\/elektrons.lv\/lv\/wp-json\/wp\/v2\/types\/product"}],"replies":[{"embeddable":true,"href":"https:\/\/elektrons.lv\/lv\/wp-json\/wp\/v2\/comments?post=83248"}],"wp:featuredmedia":[{"embeddable":true,"href":"https:\/\/elektrons.lv\/lv\/wp-json\/wp\/v2\/media\/89099"}],"wp:attachment":[{"href":"https:\/\/elektrons.lv\/lv\/wp-json\/wp\/v2\/media?parent=83248"}],"wp:term":[{"taxonomy":"location","embeddable":true,"href":"https:\/\/elektrons.lv\/lv\/wp-json\/wp\/v2\/location?post=83248"},{"taxonomy":"product_brand","embeddable":true,"href":"https:\/\/elektrons.lv\/lv\/wp-json\/wp\/v2\/product_brand?post=83248"},{"taxonomy":"product_cat","embeddable":true,"href":"https:\/\/elektrons.lv\/lv\/wp-json\/wp\/v2\/product_cat?post=83248"},{"taxonomy":"product_tag","embeddable":true,"href":"https:\/\/elektrons.lv\/lv\/wp-json\/wp\/v2\/product_tag?post=83248"}],"curies":[{"name":"wp","href":"https:\/\/api.w.org\/{rel}","templated":true}]}}