{"id":83313,"date":"2026-05-14T09:45:07","date_gmt":"2026-05-14T09:45:07","guid":{"rendered":"https:\/\/elektrons.lv\/Prece\/funwater-inflatable-bodyboard-esiz00089-11m-pink\/"},"modified":"2026-05-15T15:17:19","modified_gmt":"2026-05-15T13:17:19","slug":"funwater-inflatable-bodyboard-esiz00089-11m-pink","status":"publish","type":"product","link":"https:\/\/elektrons.lv\/lv\/Prece\/funwater-inflatable-bodyboard-esiz00089-11m-pink\/","title":{"rendered":"FunWater inflatable bodyboard ESIZ00089 1,1m (pink)"},"content":{"rendered":"<h3>FunWater Inflatable Bodyboard<\/h3>\n<p>The FunWater Bodyboard is a lightweight and durable board that combines a rigid construction with good mobility in the water. Made of PVC, it is durable, and special channels on the bottom improve water flow, increasing speed and smoothness while swimming. It is suitable for both beginners and more experienced users.<\/p>\n<p>\n<img decoding=\"async\" alt=\"Woman wearing sunglasses holding a pink board in a shell\" border=\"0\" src=\"https:\/\/assets.innpro.pl\/19881\/26491\/8.jpg\"\/>\n<\/p>\n<h3>Lightweight and durable construction<\/h3>\n<p>The board is made of high-quality materials, carefully selected for impact resistance and durability. This makes it well suited for intensive use in the water, while remaining lightweight. This design makes it easy to maneuver and translates into greater freedom when gliding over the waves.<\/p>\n<p>\n<img decoding=\"async\" alt=\"Pink and blue swimming board on a gradient background\" border=\"0\" src=\"https:\/\/assets.innpro.pl\/19881\/26491\/9.jpg\"\/>\n<\/p>\n<h3>Better control while swimming<\/h3>\n<p>The well-designed, rigid construction improves stability and smoothness. The board responds more quickly to body movements, making it easier to maintain balance and control direction. This is especially important when learning, but also appreciated by those who want to ride the waves more dynamically.<\/p>\n<p>\n<img decoding=\"async\" alt=\"Pink swimming board with colorful shells lying on a light floor\" border=\"0\" src=\"https:\/\/assets.innpro.pl\/19881\/26491\/5.jpg\"\/>\n<\/p>\n<h3>Comfortable to use<\/h3>\n<p>The compact and flexible form ensures comfort while swimming and ease of transport. The board fits easily into your holiday luggage and is easy to carry to the beach. Its design has been engineered to provide an optimal riding experience in a variety of conditions.<\/p>\n<p>\n<img decoding=\"async\" alt=\"Pink swimming board connected to a pump on a light background\" border=\"0\" src=\"https:\/\/assets.innpro.pl\/19881\/26491\/6.jpg\"\/>\n<\/p>\n<h3>Iek\u013cauts<\/h3>\n<ul class=\"list-disc pl-5\">\n<li>swimming board<\/li>\n<li>pump<\/li>\n<li>strap<\/li>\n<li>lietot\u0101ja rokasgr\u0101mata<\/li>\n<\/ul>\n<div class=\"table-wrapper\">\n<p>\u00a0<\/p>\n<h3><\/h3>\n<table>\n<tbody>\n<tr>\n<th>Ra\u017eot\u0101js<\/th>\n<td>FunWater<\/td>\n<\/tr>\n<tr>\n<th>Modelis<\/th>\n<td>ESIZ00089<\/td>\n<\/tr>\n<tr>\n<th>Materi\u0101ls<\/th>\n<td>PVC<\/td>\n<\/tr>\n<tr>\n<th>Izm\u0113ri<\/th>\n<td>110 x 50.8 x 10 cm<\/td>\n<\/tr>\n<\/tbody>\n<\/table>\n<\/div>","protected":false},"excerpt":{"rendered":"<p>FunWater Inflatable Bodyboard The FunWater Bodyboard is a lightweight and durable board that combines a rigid construction with good mobility in the water. Made of PVC, it is durable, and special channels on the bottom improve water flow, increasing speed and smoothness while swimming. It is suitable for both beginners and more experienced users. Lightweight [&#8230;]\n","protected":false},"featured_media":88932,"comment_status":"open","ping_status":"closed","template":"","meta":[],"location":[19557,19558],"product_brand":[],"product_cat":[18089],"product_tag":[],"class_list":{"0":"post-83313","1":"product","2":"type-product","3":"status-publish","4":"has-post-thumbnail","6":"location-innpro_stock_location","7":"location-local_stock_location","8":"product_cat-sup-board","10":"first","11":"instock","12":"sale","13":"taxable","14":"shipping-taxable","15":"purchasable","16":"product-type-simple"},"aioseo_notices":[],"locations":[{"id":19557,"name":"Pieg\u0101d\u0101ja noliktav\u0101 (5-7dd.d)","slug":"innpro_stock_location","quantity":"39"},{"id":19558,"name":"R\u012bgas veikals (0-2dd.d)","slug":"local_stock_location","quantity":"0"}],"_links":{"self":[{"href":"https:\/\/elektrons.lv\/lv\/wp-json\/wp\/v2\/product\/83313","targetHints":{"allow":["GET"]}}],"collection":[{"href":"https:\/\/elektrons.lv\/lv\/wp-json\/wp\/v2\/product"}],"about":[{"href":"https:\/\/elektrons.lv\/lv\/wp-json\/wp\/v2\/types\/product"}],"replies":[{"embeddable":true,"href":"https:\/\/elektrons.lv\/lv\/wp-json\/wp\/v2\/comments?post=83313"}],"wp:featuredmedia":[{"embeddable":true,"href":"https:\/\/elektrons.lv\/lv\/wp-json\/wp\/v2\/media\/88932"}],"wp:attachment":[{"href":"https:\/\/elektrons.lv\/lv\/wp-json\/wp\/v2\/media?parent=83313"}],"wp:term":[{"taxonomy":"location","embeddable":true,"href":"https:\/\/elektrons.lv\/lv\/wp-json\/wp\/v2\/location?post=83313"},{"taxonomy":"product_brand","embeddable":true,"href":"https:\/\/elektrons.lv\/lv\/wp-json\/wp\/v2\/product_brand?post=83313"},{"taxonomy":"product_cat","embeddable":true,"href":"https:\/\/elektrons.lv\/lv\/wp-json\/wp\/v2\/product_cat?post=83313"},{"taxonomy":"product_tag","embeddable":true,"href":"https:\/\/elektrons.lv\/lv\/wp-json\/wp\/v2\/product_tag?post=83313"}],"curies":[{"name":"wp","href":"https:\/\/api.w.org\/{rel}","templated":true}]}}