{"id":83323,"date":"2026-05-14T09:45:08","date_gmt":"2026-05-14T09:45:08","guid":{"rendered":"https:\/\/elektrons.lv\/Prece\/cycplus-t3-bicycle-trainer\/"},"modified":"2026-05-15T16:11:07","modified_gmt":"2026-05-15T14:11:07","slug":"cycplus-t3-bicycle-trainer","status":"publish","type":"product","link":"https:\/\/elektrons.lv\/lv\/Prece\/cycplus-t3-bicycle-trainer\/","title":{"rendered":"Cycplus T3 bicycle trainer"},"content":{"rendered":"<h3>Cycplus T3 bicycle trainer<\/h3>\n<p>Cycplus T3 is an advanced direct-drive trainer designed for demanding cycling training at home. It offers maximum power of up to 2,800 watts, torque of 110 N-m and simulation of uphill climbs of up to 27% for a realistic riding experience. Power measurement accuracy of \u00b11% allows for reliable effort analysis and informed form building.<\/p>\n<p>\n<img decoding=\"async\" alt=\"A man training on a white bike mounted on a Cycplus T3 trainer in a bright interior\" border=\"0\" src=\"https:\/\/assets.innpro.pl\/19278\/25709\/Trenazer-rowerowy-Cycplus-T3-lifestyle-4.jpg\"\/>\n<\/p>\n<h3>Intelligent engine control and realistic riding characteristics<\/h3>\n<p>The intelligent engine control program used reacts to changes in speed and incline in real time, simulating natural driving conditions on the road. Such a solution makes the trainer suitable for both calm exercises and intense sprints or intervals.<\/p>\n<p>\n<img decoding=\"async\" alt=\"A person on a Cycplus T3 trainer at a panoramic window overlooking the mountains\" border=\"0\" src=\"https:\/\/assets.innpro.pl\/19278\/25709\/Trenazer-rowerowy-Cycplus-T3-lifestyle-5.jpg\"\/>\n<\/p>\n<h3>Measurement of power and left\/right balance<\/h3>\n<p>The Cycplus T3 features a new left\/right balance measurement system, which provides accurate data on cadence and power distribution. This information helps analyze pedaling technique and form correct cycling habits. The trainer does not require calibration, which simplifies operation and allows you to focus solely on training.<\/p>\n<p>\n<img decoding=\"async\" alt=\"A man training on a bike with blue lighting on the Cycplus T3 trainer\" border=\"0\" src=\"https:\/\/assets.innpro.pl\/19278\/25709\/Trenazer-rowerowy-Cycplus-T3-lifestyle-3.jpg\"\/>\n<\/p>\n<h3>Powered mode and autonomous mode<\/h3>\n<p>The device can work both plug-in and wirelessly. In plug-in mode, the motor eliminates resistance to simulate descents, providing a more realistic downhill experience. And in unplugged mode, the trainer operates fully autonomously, allowing you to train anywhere.<\/p>\n<p>\n<img decoding=\"async\" alt=\"White road bike on Cycplus T3 trainer in living room with TV screen\" border=\"0\" src=\"https:\/\/assets.innpro.pl\/19278\/25709\/Trenazer-rowerowy-Cycplus-T3-lifestyle-1.jpg\"\/>\n<\/p>\n<h3>Effective heat dissipation<\/h3>\n<p>The design uses a copper plate in the stator and a built-in dual fan system, which are responsible for efficient and stable heat dissipation. Such a solution allows for prolonged training sessions, including demanding simulations of long climbs, without risking a drop in the device&#8217;s performance.<\/p>\n<p>\n<img decoding=\"async\" alt=\"Cycplus T3 trainer on the wheel during use\" border=\"0\" src=\"https:\/\/assets.innpro.pl\/19278\/25709\/Trenazer-rowerowy-Cycplus-T3-lifestyle-7.jpg\"\/>\n<\/p>\n<h3>Connectivity and compatibility with training applications<\/h3>\n<p>Cycplus T3 supports Bluetooth 5.0, ANT+, ANT+FE-C, as well as FTMS protocols, which ensures broad compatibility with popular workout apps, such as Zwift, Onelap, TrainerRoad and PerfPRO, for example. Wireless communication enables seamless data transfer, enhancing the realism and efficiency of training.<\/p>\n<p>\n<img decoding=\"async\" alt=\"Cycplus T3 trainer on black background\" border=\"0\" src=\"https:\/\/assets.innpro.pl\/19278\/25709\/Trenazer-rowerowy-Cycplus-T3-lifestyle-8.jpg\"\/>\n<\/p>\n<h3>Impressive performance<\/h3>\n<p>The Cycplus T3 trainer offers impressive maximum power of up to 2,800 watts, torque of 110 Nm and realistic simulation of uphill climbs with gradients of up to 27%. Such parameters make the device meet the expectations of not only amateur daily trainers, but also advanced riders preparing for competitions.<\/p>\n<p>\n<img decoding=\"async\" alt=\"Close-up of the rear wheel with cassette and derailleur on the Cycplus trainer\" border=\"0\" src=\"https:\/\/assets.innpro.pl\/19278\/25709\/Trenazer-rowerowy-Cycplus-T3-lifestyle-6.jpg\"\/>\n<\/p>\n<h3>Iek\u013cauts<\/h3>\n<ul class=\"list-disc pl-5\">\n<li>Cycplus T3 trainer x1<\/li>\n<li>Cassette (pre-installed) x1<\/li>\n<li>Right through-axle adapter (pre-installed) x1<\/li>\n<li>Adapter for through-axle left (pre-installed) x1<\/li>\n<li>Quick release adapter right x1<\/li>\n<li>Quick release adapter left x1<\/li>\n<li>17 mm wrench x1<\/li>\n<li>Allen wrench x1<\/li>\n<li>8-10 speed cassette spacer x1<\/li>\n<li>Cassette adjustment spacer x5<\/li>\n<li>Disc brake spacer x1<\/li>\n<li>Brake disc spacer x1<\/li>\n<li>Quick release clamp x1<\/li>\n<li>AC adapter x1<\/li>\n<li>AC power cable x1<\/li>\n<li>Soundproofing mat x1<\/li>\n<li>USB ANT+ receiver with extension cable x1<\/li>\n<\/ul>\n<div class=\"table-wrapper\">\n<p>\u00a0<\/p>\n<h3><\/h3>\n<table>\n<tbody>\n<tr>\n<th>Ra\u017eot\u0101js<\/th>\n<td>Cycplus<\/td>\n<\/tr>\n<tr>\n<th>Modelis<\/th>\n<td>T3<\/td>\n<\/tr>\n<tr>\n<th>Tips<\/th>\n<td>Intelligent direct drive trainer<\/td>\n<\/tr>\n<tr>\n<th>Magnets<\/th>\n<td>50x neodymium magnet + 45 sets of electromagnetic coils<\/td>\n<\/tr>\n<tr>\n<th>Dimensions when unfolded<\/th>\n<td>520 \u00d7 699 \u00d7 547 mm<\/td>\n<\/tr>\n<tr>\n<th>Dimensions after folding<\/th>\n<td>300 \u00d7 257 \u00d7 547 mm<\/td>\n<\/tr>\n<tr>\n<th>Design<\/th>\n<td>Folding, X-shaped<\/td>\n<\/tr>\n<tr>\n<th>Weight with cassette<\/th>\n<td>19.4 kg<\/td>\n<\/tr>\n<tr>\n<th>Baro\u0161anas avots<\/th>\n<td>48 V 1.25 A<\/td>\n<\/tr>\n<tr>\n<th>Standalone mode (unplugged)<\/th>\n<td>Atbalst\u012bts<\/td>\n<\/tr>\n<tr>\n<th>Maksim\u0101l\u0101 jauda<\/th>\n<td>2800 W<\/td>\n<\/tr>\n<tr>\n<th>Power at 40 km\/h<\/th>\n<td>2400 W<\/td>\n<\/tr>\n<tr>\n<th>Jaudas m\u0113r\u012b\u0161anas precizit\u0101te<\/th>\n<td>\u00b11%<\/td>\n<\/tr>\n<tr>\n<th>Left\/right balance<\/th>\n<td>J\u0101<\/td>\n<\/tr>\n<tr>\n<th>Calibration<\/th>\n<td>Does not require<\/td>\n<\/tr>\n<tr>\n<th>Maximum simulation slope<\/th>\n<td>27%<\/td>\n<\/tr>\n<tr>\n<th>Downhill simulation<\/th>\n<td>In plug-in mode only<\/td>\n<\/tr>\n<tr>\n<th>Maximum torque<\/th>\n<td>110 N-m<\/td>\n<\/tr>\n<tr>\n<th>Maximum braking force<\/th>\n<td>323 N<\/td>\n<\/tr>\n<tr>\n<th>Bezvadu savienojam\u012bba<\/th>\n<td>Bluetooth 5.0, ANT+<\/td>\n<\/tr>\n<tr>\n<th>Supported protocols<\/th>\n<td>ANT+FE-C, FTMS<\/td>\n<\/tr>\n<tr>\n<th>Frame compatibility<\/th>\n<td>5\u00d7130\/5\u00d7135 (quick release), 12\u00d7142\/12\u00d7148 (through axle)<\/td>\n<\/tr>\n<tr>\n<th>Cassette compatibility<\/th>\n<td>Shimano 8-12, SRAM 8-11, SRAM 12 (XDR drum required)<\/td>\n<\/tr>\n<\/tbody>\n<\/table>\n<\/div>","protected":false},"excerpt":{"rendered":"<p>Cycplus T3 bicycle trainer Cycplus T3 is an advanced direct-drive trainer designed for demanding cycling training at home. It offers maximum power of up to 2,800 watts, torque of 110 N-m and simulation of uphill climbs of up to 27% for a realistic riding experience. Power measurement accuracy of \u00b11% allows for reliable effort analysis [&#8230;]\n","protected":false},"featured_media":88917,"comment_status":"open","ping_status":"closed","template":"","meta":[],"location":[19557,19558],"product_brand":[],"product_cat":[18110],"product_tag":[],"class_list":{"0":"post-83323","1":"product","2":"type-product","3":"status-publish","4":"has-post-thumbnail","6":"location-innpro_stock_location","7":"location-local_stock_location","8":"product_cat-electric-bicycles","10":"first","11":"instock","12":"taxable","13":"shipping-taxable","14":"purchasable","15":"product-type-simple"},"aioseo_notices":[],"locations":[{"id":19557,"name":"Pieg\u0101d\u0101ja noliktav\u0101 (5-7dd.d)","slug":"innpro_stock_location","quantity":"5"},{"id":19558,"name":"R\u012bgas veikals (0-2dd.d)","slug":"local_stock_location","quantity":"0"}],"_links":{"self":[{"href":"https:\/\/elektrons.lv\/lv\/wp-json\/wp\/v2\/product\/83323","targetHints":{"allow":["GET"]}}],"collection":[{"href":"https:\/\/elektrons.lv\/lv\/wp-json\/wp\/v2\/product"}],"about":[{"href":"https:\/\/elektrons.lv\/lv\/wp-json\/wp\/v2\/types\/product"}],"replies":[{"embeddable":true,"href":"https:\/\/elektrons.lv\/lv\/wp-json\/wp\/v2\/comments?post=83323"}],"wp:featuredmedia":[{"embeddable":true,"href":"https:\/\/elektrons.lv\/lv\/wp-json\/wp\/v2\/media\/88917"}],"wp:attachment":[{"href":"https:\/\/elektrons.lv\/lv\/wp-json\/wp\/v2\/media?parent=83323"}],"wp:term":[{"taxonomy":"location","embeddable":true,"href":"https:\/\/elektrons.lv\/lv\/wp-json\/wp\/v2\/location?post=83323"},{"taxonomy":"product_brand","embeddable":true,"href":"https:\/\/elektrons.lv\/lv\/wp-json\/wp\/v2\/product_brand?post=83323"},{"taxonomy":"product_cat","embeddable":true,"href":"https:\/\/elektrons.lv\/lv\/wp-json\/wp\/v2\/product_cat?post=83323"},{"taxonomy":"product_tag","embeddable":true,"href":"https:\/\/elektrons.lv\/lv\/wp-json\/wp\/v2\/product_tag?post=83323"}],"curies":[{"name":"wp","href":"https:\/\/api.w.org\/{rel}","templated":true}]}}