{"id":83337,"date":"2026-05-14T09:45:10","date_gmt":"2026-05-14T09:45:10","guid":{"rendered":"https:\/\/elektrons.lv\/Prece\/ultimea-poseidon-d80-boom-soundbar\/"},"modified":"2026-05-15T15:23:14","modified_gmt":"2026-05-15T13:23:14","slug":"ultimea-poseidon-d80-boom-soundbar","status":"publish","type":"product","link":"https:\/\/elektrons.lv\/lv\/Prece\/ultimea-poseidon-d80-boom-soundbar\/","title":{"rendered":"Ultimea Poseidon D80 BOOM Soundbar"},"content":{"rendered":"<h3>Ultimea Poseidon D80 BOOM Soundbar<\/h3>\n<p>The Ultimea Poseidon D80 BOOM is a comprehensive audio system that takes home entertainment to the level of a cinema thanks to Dolby Atmos sound, advanced technology, and four speakers that create a realistic, multidimensional audio scene. Eight precisely tuned drivers and a subwoofer with BassMX technology deliver powerful, deep bass and full sound dynamics with powerful output. Control via the Ultimea app, Bluetooth 5.3 wireless connectivity, and a wide range of connectors make this a versatile and refined solution for those who demand the ultimate home theater experience.<\/p>\n<p>\n<img decoding=\"async\" alt=\"Man watching TV in the living room, with two speakers on stands next to him\" border=\"0\" src=\"https:\/\/assets.innpro.pl\/19423\/25881\/10-Soundbar-Ultimea-Poseidon-D80-BOOM-lifestyle-10.jpg\"\/>\n<\/p>\n<h3>Excellent sound quality<\/h3>\n<p>The Dolby Atmos 7.1 system uses advanced SurroundX audio algorithms that optimize the sound field based on signals from the left and right main channels. The result is a significantly expanded rear soundstage and spacious, immersive sound that fills the entire room and makes you feel like you&#8217;re in the center of the action. All this is complemented by 500 W peak power, which guarantees dynamic, energetic sound even in larger rooms.<\/p>\n<p>\n<img decoding=\"async\" alt=\"Soundbar standing on a wooden shelf under a TV displaying a streaming platform\" border=\"0\" src=\"https:\/\/assets.innpro.pl\/19423\/25881\/2-Soundbar-Ultimea-Poseidon-D80-BOOM-lifestyle-2.jpg\"\/>\n<\/p>\n<h3>Space and precise sound localization<\/h3>\n<p>The 360\u00b0 Aural Spatial Localization technology is responsible for the realistic placement of sounds in space. Every effect, dialogue, and detail of the audio track is precisely located, resulting in an exceptionally immersive experience when watching movies, TV series, or concerts. This solution opens up a whole new level of surround sound.<\/p>\n<p>\n<img decoding=\"async\" alt=\"Subwoofer, soundbar, and Ultimea speakers surrounded by blue circles in the living room\" border=\"0\" src=\"https:\/\/assets.innpro.pl\/19423\/25881\/1-Soundbar-Ultimea-Poseidon-D80-BOOM-lifestyle-1.jpg\"\/>\n<\/p>\n<h3>Precisely tuned drivers<\/h3>\n<p>The soundbar is equipped with 8 carefully tuned drivers made of high molecular density materials. They ensure fast and precise responses to audio signals, which is crucial when playing sound at high sampling frequencies and high bit depths. This keeps the sound clear, detailed, and true to the original.<\/p>\n<p>\n<img decoding=\"async\" alt=\"Person holding a phone opposite the speaker and soundbar\" border=\"0\" src=\"https:\/\/assets.innpro.pl\/19423\/25881\/4-Soundbar-Ultimea-Poseidon-D80-BOOM-lifestyle-4.jpg\"\/>\n<\/p>\n<h3>Powerful, deep bass<\/h3>\n<p>A subwoofer with BassMX technology is responsible for the low frequencies, offering up to 33% more bass compared to the Poseidon D80 model. The 16 mm excursion diaphragm generates deep, dynamic bass with high impact, while maintaining control and clarity. It&#8217;s bass you can hear and feel \u2013 perfect for action movies and dynamic music.<\/p>\n<p>\n<img decoding=\"async\" alt=\"Ultimea speakers mounted on the wall next to the TV\" border=\"0\" src=\"https:\/\/assets.innpro.pl\/19423\/25881\/5-Soundbar-Ultimea-Poseidon-D80-BOOM-lifestyle-5.jpg\"\/>\n<\/p>\n<h3>Four surround speakers and app<\/h3>\n<p>The set includes 4 speakers that enhance the surround sound effect and complete the 7.1 configuration. They surround the listener with sound from all sides, creating a coherent and realistic audio scene, whether you&#8217;re watching a movie, playing a game, or listening to music. You can adjust the sound to your preferences using the Ultimea app. Intuitive controls allow you to shape the sound character and manage system settings conveniently\u2014all from your smartphone.<\/p>\n<p>\n<img decoding=\"async\" alt=\"Ultimea speakers and subwoofer standing in the living room next to a long white sofa\" border=\"0\" src=\"https:\/\/assets.innpro.pl\/19423\/25881\/9-Soundbar-Ultimea-Poseidon-D80-BOOM-lifestyle-9.jpg\"\/>\n<\/p>\n<h3>Uncompromising image and audio<\/h3>\n<p>The soundbar supports 4K HDR Passthrough, ensuring the highest standard of home image reproduction. This means full compatibility with advanced video sources without any loss of image or sound quality. Thanks to X-Upmix technology, even content without native Dolby Atmos gains a rich, multi-channel character. One touch transforms non-Dolby audio into a full, immersive surround sound experience, regardless of the signal source.<\/p>\n<p>\n<img decoding=\"async\" alt=\"{INDEX: 75}\" border=\"0\" src=\"https:\/\/assets.innpro.pl\/19423\/25881\/3-Soundbar-Ultimea-Poseidon-D80-BOOM-lifestyle-3.jpg\"\/>\n<\/p>\n<h3>Extensive connectivity<\/h3>\n<p>The Ultimea Poseidon D80 BOOM offers Bluetooth 5.3 wireless connectivity and a wide range of connectors, giving you complete freedom to configure your audio system. These include DC IN, FR, FL, AUX, OPTICAL, USB, HDMI IN, and HDMI eARC for TV. This flexibility allows you to easily adapt the soundbar to any home theater system.<\/p>\n<p>\n<img decoding=\"async\" alt=\"{INDEX: 76}\" border=\"0\" src=\"https:\/\/assets.innpro.pl\/19423\/25881\/6-Soundbar-Ultimea-Poseidon-D80-BOOM-lifestyle-6.jpg\"\/>\n<\/p>\n<h3>Iek\u013cauts<\/h3>\n<ul class=\"list-disc pl-5\">\n<li>subwoofer<\/li>\n<li>soundbar<\/li>\n<li>4 surround speakers<\/li>\n<li>baro\u0161anas avots<\/li>\n<li>subwoofer power cable<\/li>\n<li>front left speaker cable (3 m)<\/li>\n<li>front right speaker cable (3 m), rear left speaker cable (6 m), rear right speaker cable (6 m)<\/li>\n<li>HDMI cable<\/li>\n<li>Optical cable<\/li>\n<li>T\u0101lvad\u012bbas pults<\/li>\n<li>Wall mounting kit x12<\/li>\n<li>Wall brackets x6<\/li>\n<li>Speaker mounting screws x6<\/li>\n<li>Lietot\u0101ja rokasgr\u0101mata<\/li>\n<li>Ra\u017eot\u0101js<\/li>\n<li>Ultimea<\/li>\n<\/ul>\n<div class=\"table-wrapper\">\n<p>\u00a0<\/p>\n<h3><\/h3>\n<table>\n<tbody>\n<tr>\n<th>Modelis<\/th>\n<td>Poseidon D80 BOOM<\/td>\n<\/tr>\n<tr>\n<th>Kr\u0101sa<\/th>\n<td>Melns<\/td>\n<\/tr>\n<tr>\n<th>Dolby Atmos support<\/th>\n<td>J\u0101<\/td>\n<\/tr>\n<tr>\n<th>Transducers<\/th>\n<td>Soundbar 2.25&#8243; x 3, speakers 2.25&#8243; x 4, subwoofer 6.5&#8243; x1<\/td>\n<\/tr>\n<tr>\n<th>Frekven\u010du diapazons<\/th>\n<td>35 Hz \u2013 18 kHz<\/td>\n<\/tr>\n<tr>\n<th>Distortion<\/th>\n<td><1%<\/td>\n<\/tr>\n<tr>\n<th>Speaker channels<\/th>\n<td>7.1<\/td>\n<\/tr>\n<tr>\n<th>Remote control type<\/th>\n<td>IR signal<\/td>\n<\/tr>\n<tr>\n<th>Maximum sound pressure level<\/th>\n<td>>96 dB<\/td>\n<\/tr>\n<tr>\n<th>Static noise<\/th>\n<td>38 dB<\/td>\n<\/tr>\n<tr>\n<th>Total number of speakers<\/th>\n<td>8<\/td>\n<\/tr>\n<tr>\n<th>Equalizer modes<\/th>\n<td>Movie, music, voice, sports, Games, Night<\/td>\n<\/tr>\n<tr>\n<th>Signal-to-noise ratio<\/th>\n<td>>70 dB<\/td>\n<\/tr>\n<tr>\n<th>Savienojam\u012bba<\/th>\n<td>HDMI IN, AUX, wired surround speakers (x4), HDMI eARC, USB, optical, Bluetooth 5.3<\/td>\n<\/tr>\n<tr>\n<th>Jauda<\/th>\n<td>18V 3A<\/td>\n<\/tr>\n<tr>\n<th>Izm\u0113ri<\/th>\n<td>Soundbar 400 x 90 x 70 mm, speaker: 135 x 90 x 70 mm, subwoofer 218 x 264 x 317 mm<\/td>\n<\/tr>\n<tr>\n<th>Soundbar weight<\/th>\n<td>7.9 kg<\/td>\n<\/tr>\n<tr>\n<th>Soundbar, subwoofer, and four speakers on a white background<\/th>\n<td>Subwoofer on a black background, surrounded by sound waves<\/td>\n<\/tr>\n<\/tbody>\n<\/table>\n<\/div>","protected":false},"excerpt":{"rendered":"<p>Ultimea Poseidon D80 BOOM Soundbar The Ultimea Poseidon D80 BOOM is a comprehensive audio system that takes home entertainment to the level of a cinema thanks to Dolby Atmos sound, advanced technology, and four speakers that create a realistic, multidimensional audio scene. Eight precisely tuned drivers and a subwoofer with BassMX technology deliver powerful, deep [&#8230;]\n","protected":false},"featured_media":88857,"comment_status":"open","ping_status":"closed","template":"","meta":[],"location":[19557,19558],"product_brand":[],"product_cat":[18121],"product_tag":[],"class_list":{"0":"post-83337","1":"product","2":"type-product","3":"status-publish","4":"has-post-thumbnail","6":"location-innpro_stock_location","7":"location-local_stock_location","8":"product_cat-soundbars","10":"first","11":"instock","12":"sale","13":"taxable","14":"shipping-taxable","15":"purchasable","16":"product-type-simple"},"aioseo_notices":[],"locations":[{"id":19557,"name":"Pieg\u0101d\u0101ja noliktav\u0101 (5-7dd.d)","slug":"innpro_stock_location","quantity":"36"},{"id":19558,"name":"R\u012bgas veikals (0-2dd.d)","slug":"local_stock_location","quantity":"0"}],"_links":{"self":[{"href":"https:\/\/elektrons.lv\/lv\/wp-json\/wp\/v2\/product\/83337","targetHints":{"allow":["GET"]}}],"collection":[{"href":"https:\/\/elektrons.lv\/lv\/wp-json\/wp\/v2\/product"}],"about":[{"href":"https:\/\/elektrons.lv\/lv\/wp-json\/wp\/v2\/types\/product"}],"replies":[{"embeddable":true,"href":"https:\/\/elektrons.lv\/lv\/wp-json\/wp\/v2\/comments?post=83337"}],"wp:featuredmedia":[{"embeddable":true,"href":"https:\/\/elektrons.lv\/lv\/wp-json\/wp\/v2\/media\/88857"}],"wp:attachment":[{"href":"https:\/\/elektrons.lv\/lv\/wp-json\/wp\/v2\/media?parent=83337"}],"wp:term":[{"taxonomy":"location","embeddable":true,"href":"https:\/\/elektrons.lv\/lv\/wp-json\/wp\/v2\/location?post=83337"},{"taxonomy":"product_brand","embeddable":true,"href":"https:\/\/elektrons.lv\/lv\/wp-json\/wp\/v2\/product_brand?post=83337"},{"taxonomy":"product_cat","embeddable":true,"href":"https:\/\/elektrons.lv\/lv\/wp-json\/wp\/v2\/product_cat?post=83337"},{"taxonomy":"product_tag","embeddable":true,"href":"https:\/\/elektrons.lv\/lv\/wp-json\/wp\/v2\/product_tag?post=83337"}],"curies":[{"name":"wp","href":"https:\/\/api.w.org\/{rel}","templated":true}]}}