{"id":83340,"date":"2026-05-14T09:45:10","date_gmt":"2026-05-14T09:45:10","guid":{"rendered":"https:\/\/elektrons.lv\/Prece\/ultimea-apollo-s90-soundbar\/"},"modified":"2026-05-15T15:23:16","modified_gmt":"2026-05-15T13:23:16","slug":"ultimea-apollo-s90-soundbar","status":"publish","type":"product","link":"https:\/\/elektrons.lv\/lv\/Prece\/ultimea-apollo-s90-soundbar\/","title":{"rendered":"Ultimea Apollo S90 Soundbar"},"content":{"rendered":"<h3>Ultimea Apollo S90 Soundbar<\/h3>\n<p>The Ultimea Apollo S90 is a 9.1 soundbar that combines Dolby Atmos surround sound, a detachable modular design, and impressive RGB lighting in one cohesive home theater system. Rear speakers and a dedicated subwoofer provide complete immersion in sound, while SurroundX\u2122 technology ensures realistic sound from every angle. The system offers extensive customization options, from hundreds of EQ and equalizer presets in the app to adjustable lighting modes to suit your mood and content. Seamless Bluetooth 5.3 connectivity, HDMI eARC and CEC support, and flexible mounting options make the Apollo S90 easy to fit into any interior and usage style, offering a complete, impressive audio-visual experience.<\/p>\n<p>\n<img decoding=\"async\" alt=\"Soundbar set with subwoofer and four ULTIMEA speakers on a white background\" border=\"0\" src=\"https:\/\/assets.innpro.pl\/19558\/26067\/9-Soundbar-Ultimea-Apollo-S90-lifestyle-9.jpg\"\/>\n<\/p>\n<h3>True Dolby Atmos immersion<\/h3>\n<p>Dolby Atmos technology is responsible for the realistic reproduction of sound movement in three-dimensional space. Every whisper, explosion, or musical accent is precisely located around you, transporting you right into the middle of the action. The proprietary SurroundX\u2122 technology is responsible for the full sound environment, delivering immersive sound from every direction.<\/p>\n<p>\n<img decoding=\"async\" alt=\"Spatial sound effect of the soundbar with visualization of sound waves around the sofa.\" border=\"0\" src=\"https:\/\/assets.innpro.pl\/19558\/26067\/4-Soundbar-Ultimea-Apollo-S90-lifestyle-4.jpg\"\/>\n<\/p>\n<h3>Rear surround speakers and 9.1 channels<\/h3>\n<p>The 9.1 configuration with two rear surround speakers significantly widens the soundstage, providing cinematic depth and channel separation. This makes dialogue clear, effects dynamic, and music fill the entire room. Detachable modules allow you to customize the layout of the set to suit your space\u2014you can place the equipment on your desk or mount it on the wall.<\/p>\n<p>\n<img decoding=\"async\" alt=\"Installation diagram of the soundbar system with subwoofer and speakers in the living room\" border=\"0\" src=\"https:\/\/assets.innpro.pl\/19558\/26067\/8-Soundbar-Ultimea-Apollo-S90-lifestyle-8.jpg\"\/>\n<\/p>\n<h3>Clearly perceptible bass<\/h3>\n<p>The system is complemented by a 6.5-inch wired subwoofer that gives low frequencies the right weight and elasticity. Every beat, punch, and soundtrack gains deep, physically perceptible bass. The effect is enhanced by synchronized lighting, giving the sound visual power as well.<\/p>\n<p>\n<img decoding=\"async\" alt=\"Silhouettes of people and sound waves on a purple background, symbolizing sound quality.\" border=\"0\" src=\"https:\/\/assets.innpro.pl\/19558\/26067\/6-Soundbar-Ultimea-Apollo-S90-lifestyle-6.jpg\"\/>\n<\/p>\n<h3>An atmosphere to suit the moment<\/h3>\n<p>The Apollo S90 offers an extensive dynamic RGB lighting system with brightness control and millions of colors. Special modes\u2014such as Halloween, Party, Rhythm, Christmas, Movie, and Cycle\u2014allow you to instantly create the right mood, while illuminated surround speakers create a spectacular atmosphere throughout the room.<\/p>\n<p>\n<img decoding=\"async\" alt=\"Soundbar system with backlighting in a living room with a TV and sofa\" border=\"0\" src=\"https:\/\/assets.innpro.pl\/19558\/26067\/3-Soundbar-Ultimea-Apollo-S90-lifestyle-3.jpg\"\/>\n<\/p>\n<h3>Sound personalization<\/h3>\n<p>The smart app gives you full control over the sound. The 10-band equalizer allows for precise tuning, and 121 preset EQs let you tailor the sound to movies, music, games, or your own preferences. This freedom of personalization translates into perfect sound in every situation.<\/p>\n<p>\n<img decoding=\"async\" alt=\"Mobile app screen for controlling the soundbar equalizer with music style icons.\" border=\"0\" src=\"https:\/\/assets.innpro.pl\/19558\/26067\/7-Soundbar-Ultimea-Apollo-S90-lifestyle-7.jpg\"\/>\n<\/p>\n<h3>Smooth connectivity and ease of use<\/h3>\n<p>The soundbar uses Bluetooth 5.3 technology, providing a stable wireless connection with a range of up to 15 meters in various scenarios. HDMI support ensures fast, stable, and high-quality signal transmission, while the CEC function allows for convenient device synchronization and control with a single remote. There are also numerous ports available, including HDMI eARC for TV, HDMI IN, optical, AUX, USB, and dedicated FR and FL inputs.<\/p>\n<p>\n<img decoding=\"async\" alt=\"Subwoofer, soundbar, speakers, and TV on a white background\" border=\"0\" src=\"https:\/\/assets.innpro.pl\/19558\/26067\/1-Soundbar-Ultimea-Apollo-S90-lifestyle-1.jpg\"\/>\n<\/p>\n<h3>Flexible installation and interior design<\/h3>\n<p>The Apollo S90 can be placed on a desk, mounted on a wall, or used in an L\/C\/R configuration, allowing it to fit perfectly into any interior. The modular design makes it easy to arrange the space, and the modernist styling emphasizes the character of your home entertainment center. Ultimea Apollo S90 combines powerful sound, smart features, and spectacular lighting.<\/p>\n<p>\n<img decoding=\"async\" alt=\"Ultimea subwoofer on a purple futuristic background\" border=\"0\" src=\"https:\/\/assets.innpro.pl\/19558\/26067\/5-Soundbar-Ultimea-Apollo-S90-lifestyle-5.jpg\"\/>\n<\/p>\n<h3>Komplekt\u0101 iek\u013cauts<\/h3>\n<ul class=\"list-disc pl-5\">\n<li>subwoofer<\/li>\n<li>left and right speakers<\/li>\n<li>center speaker<\/li>\n<li>2 surround speakers<\/li>\n<li>baro\u0161anas avots<\/li>\n<li>subwoofer power cable<\/li>\n<li>HDMI cable<\/li>\n<li>optical cable<\/li>\n<li>3.5mm to RCA stereo cable<\/li>\n<li>front right cable for connecting the soundbar (2 m)<\/li>\n<li>front left cable for connecting the soundbar (2 m)<\/li>\n<li>front right cable for connecting the soundbar (100 mm)<\/li>\n<li>front left cable for connecting the soundbar (100 mm)<\/li>\n<li>rear left speaker cable (6 m)<\/li>\n<li>rear right speaker cable (6 m)<\/li>\n<li>wall mounting kit x12<\/li>\n<li>wall mounting screws x6<\/li>\n<li>wall mounting brackets x6<\/li>\n<li>remote control<\/li>\n<li>stand x2<\/li>\n<li>lietot\u0101ja rokasgr\u0101mata<\/li>\n<\/ul>\n<div class=\"table-wrapper\">\n<p>\u00a0<\/p>\n<h3><\/h3>\n<table>\n<tbody>\n<tr>\n<th>Ra\u017eot\u0101js<\/th>\n<td>Ultimea<\/td>\n<\/tr>\n<tr>\n<th>Modelis<\/th>\n<td>Apollo S90<\/td>\n<\/tr>\n<tr>\n<th>Speaker channels<\/th>\n<td>9.1<\/td>\n<\/tr>\n<tr>\n<th>Remote control type<\/th>\n<td>Infrared signal<\/td>\n<\/tr>\n<tr>\n<th>Maximum sound pressure level<\/th>\n<td>&gt;103 dB<\/td>\n<\/tr>\n<tr>\n<th>Static noise<\/th>\n<td>26 dB<\/td>\n<\/tr>\n<tr>\n<th>Total number of drivers<\/th>\n<td>10 (soundbar: 2&quot; \u00d7 6 + (1.7&quot; x 1.5&quot;), subwoofer: 6.5&quot;, speakers 2&quot; \u00d7 2)<\/td>\n<\/tr>\n<tr>\n<th>Listening modes (EQ)<\/th>\n<td>Movie \/ Music \/ Voice \/ Sports \/ Game \/ Night<\/td>\n<\/tr>\n<tr>\n<th>Signal-to-noise ratio<\/th>\n<td>AUX\u226575dB, HDMI, OPT, BT, USB\u226580dB<\/td>\n<\/tr>\n<tr>\n<th>Frekven\u010du diapazons<\/th>\n<td>45 Hz \u2013 18 kHz<\/td>\n<\/tr>\n<tr>\n<th>Distortion<\/th>\n<td>&lt;1%<\/td>\n<\/tr>\n<tr>\n<th>Savienojam\u012bba<\/th>\n<td>HDMI IN + HDMI eARC, USB, optical input, Bluetooth 5.3, AUX<\/td>\n<\/tr>\n<tr>\n<th>Baro\u0161anas avots<\/th>\n<td>18 V 3 A<\/td>\n<\/tr>\n<tr>\n<th>Soundbar dimensions<\/th>\n<td>1072 (W) \u00d7 107 (D) \u00d7 58 (H) mm<\/td>\n<\/tr>\n<tr>\n<th>Speaker dimensions<\/th>\n<td>198 (W) \u00d7 112 (D) \u00d7 488 (H)<\/td>\n<\/tr>\n<tr>\n<th>Subwoofer dimensions<\/th>\n<td>232 (W) \u00d7 232 (D) \u00d7 264 (H) mm<\/td>\n<\/tr>\n<tr>\n<th>Soundbar weight<\/th>\n<td>9.4 kg<\/td>\n<\/tr>\n<\/tbody>\n<\/table>\n<\/div>","protected":false},"excerpt":{"rendered":"<p>Ultimea Apollo S90 Soundbar The Ultimea Apollo S90 is a 9.1 soundbar that combines Dolby Atmos surround sound, a detachable modular design, and impressive RGB lighting in one cohesive home theater system. Rear speakers and a dedicated subwoofer provide complete immersion in sound, while SurroundX\u2122 technology ensures realistic sound from every angle. The system offers [&#8230;]\n","protected":false},"featured_media":88867,"comment_status":"open","ping_status":"closed","template":"","meta":[],"location":[19557,19558],"product_brand":[],"product_cat":[18121],"product_tag":[],"class_list":{"0":"post-83340","1":"product","2":"type-product","3":"status-publish","4":"has-post-thumbnail","6":"location-innpro_stock_location","7":"location-local_stock_location","8":"product_cat-soundbars","10":"first","11":"instock","12":"sale","13":"taxable","14":"shipping-taxable","15":"purchasable","16":"product-type-simple"},"aioseo_notices":[],"locations":[{"id":19557,"name":"Pieg\u0101d\u0101ja noliktav\u0101 (5-7dd.d)","slug":"innpro_stock_location","quantity":"52"},{"id":19558,"name":"R\u012bgas veikals (0-2dd.d)","slug":"local_stock_location","quantity":"0"}],"_links":{"self":[{"href":"https:\/\/elektrons.lv\/lv\/wp-json\/wp\/v2\/product\/83340","targetHints":{"allow":["GET"]}}],"collection":[{"href":"https:\/\/elektrons.lv\/lv\/wp-json\/wp\/v2\/product"}],"about":[{"href":"https:\/\/elektrons.lv\/lv\/wp-json\/wp\/v2\/types\/product"}],"replies":[{"embeddable":true,"href":"https:\/\/elektrons.lv\/lv\/wp-json\/wp\/v2\/comments?post=83340"}],"wp:featuredmedia":[{"embeddable":true,"href":"https:\/\/elektrons.lv\/lv\/wp-json\/wp\/v2\/media\/88867"}],"wp:attachment":[{"href":"https:\/\/elektrons.lv\/lv\/wp-json\/wp\/v2\/media?parent=83340"}],"wp:term":[{"taxonomy":"location","embeddable":true,"href":"https:\/\/elektrons.lv\/lv\/wp-json\/wp\/v2\/location?post=83340"},{"taxonomy":"product_brand","embeddable":true,"href":"https:\/\/elektrons.lv\/lv\/wp-json\/wp\/v2\/product_brand?post=83340"},{"taxonomy":"product_cat","embeddable":true,"href":"https:\/\/elektrons.lv\/lv\/wp-json\/wp\/v2\/product_cat?post=83340"},{"taxonomy":"product_tag","embeddable":true,"href":"https:\/\/elektrons.lv\/lv\/wp-json\/wp\/v2\/product_tag?post=83340"}],"curies":[{"name":"wp","href":"https:\/\/api.w.org\/{rel}","templated":true}]}}