{"id":83395,"date":"2026-05-14T09:45:16","date_gmt":"2026-05-14T09:45:16","guid":{"rendered":"https:\/\/elektrons.lv\/Prece\/zestaw-filtrow-do-dji-action-6-cpl-mcuv-nd8-16-32-64-light-pollution-lpr-black-mist-1-4\/"},"modified":"2026-05-15T16:03:06","modified_gmt":"2026-05-15T14:03:06","slug":"zestaw-filtrow-do-dji-action-6-cpl-mcuv-nd8-16-32-64-light-pollution-lpr-black-mist-1-4","status":"publish","type":"product","link":"https:\/\/elektrons.lv\/lv\/Prece\/zestaw-filtrow-do-dji-action-6-cpl-mcuv-nd8-16-32-64-light-pollution-lpr-black-mist-1-4\/","title":{"rendered":"Zestaw filtr\u00f3w do DJI Action 6 (CPL\/MCUV\/ND8\/16\/32\/64\/Light Pollution LPR\/Black Mist 1\/4)"},"content":{"rendered":"<h3>Filter Set for DJI Osmo Action 6 (CPL\/MCUV\/ND8\/16\/32\/64\/Light Pollution LPR\/Black Mist 1\/4)<\/h3>\n<p>This filter set for the DJI Osmo Action 6 camera will give you full control over exposure and image appearance in challenging lighting conditions. Professional optical glass, multi-layer coatings and precision design allow you to improve the quality of your photos and videos, maintaining natural colors and high levels of detail. At the same time, the accessories are very easy to install and lightweight &#8211; you can always have them on hand. The kit includes one CPL filter, one Black Mist 1\/4 filter, one MCUV filter, one LPR filter and four ND filters &#8211; ND8, ND16, ND32 and ND64.<\/p>\n<p>\n<img decoding=\"async\" alt=\"Sports camera with green protective filter installed, lying on a rock.\" border=\"0\" src=\"https:\/\/assets.innpro.pl\/19076\/25425\/Zestaw-8-filtrow-do-DJI-Action-6-lifestyle-10.jpg\"\/>\n<\/p>\n<h3>Professional optical glass<\/h3>\n<p>The filters are made of high-quality optical glass imported from Germany. The precise grinding process and excellent physical and chemical properties of the material translate into great image quality and more reproducible effects. This gives the shots a more professional character. What&#8217;s more, multilayer optical coatings ensure high light transmission and help maintain realistic colors. The filters are embedded in a thin metal frame, which does not adversely affect the lens&#8217; field of view and guarantees a stable fit.<\/p>\n<p>\n<img decoding=\"async\" alt=\"A person holds a sports camera with an applied purple filter in several variations of intensity\" border=\"0\" src=\"https:\/\/assets.innpro.pl\/19076\/25425\/Zestaw-8-filtrow-do-DJI-Action-6-lifestyle-2.jpg\"\/>\n<\/p>\n<h3>Create even more beautiful shots with ND filters<\/h3>\n<p>ND filters reduce the amount of light entering the lens, allowing the camera to choose the correct exposure parameters and avoid overexposure. They also allow you to lower the shutter speed when recording video in bright environments, so you can get a natural motion blur effect. The higher the ND value, the stronger the lighting reduction effect, which gives you more freedom when working in bright sunlight. These types of filters will also work well for long exposure photography. In addition, they improve color saturation, so that the image impresses with vivid, crisp colors.<\/p>\n<p>\n<img decoding=\"async\" alt=\"Comparison of images of a flower and a waterfall taken with different intensities of violet filters\" border=\"0\" src=\"https:\/\/assets.innpro.pl\/19076\/25425\/Zestaw-8-filtrow-do-DJI-Action-6-lifestyle-9.jpg\"\/>\n<\/p>\n<h3>CPL filter &#8211; glare reduction and color depth.<\/h3>\n<p>CPL polarizing filter is used to eliminate unwanted light reflections, such as reflections from water, glass or other smooth surfaces. As a result, it increases color saturation and improves image clarity. In addition, it enhances blue skies, highlights the whiteness of clouds and makes photos more contrasting and crisp. It is especially useful for shooting and filming landscapes, creating shots over water, recording through glass and capturing underwater scenes, where reducing reflections brings out more detail and gives the footage a more professional feel.<\/p>\n<p>\n<img decoding=\"async\" alt=\"Comparison of a photo of a mountain landscape with water before and after using a gray filter\" border=\"0\" src=\"https:\/\/assets.innpro.pl\/19076\/25425\/Zestaw-8-filtrow-do-DJI-Action-6-lifestyle-8.jpg\"\/>\n<\/p>\n<h3>Black Mist 1\/4 filter &#8211; soft light and cinematic character of the image<\/h3>\n<p>The Black Mist 1\/4 filter is used to soften reflections and give shots a softer, filmic feel. It reduces the intensity of bright spots and gently lowers the sharpness of the image, creating a subtle glow. This effect helps reduce the visibility of minor imperfections and makes the footage look more consistent and aesthetically pleasing. The Black Mist 1\/4 filter gives shots a slightly hazy, atmospheric feel, preserving the clarity of key elements in the frame and emphasizing the artistic nature of the footage.<\/p>\n<p>\n<img decoding=\"async\" alt=\"Comparison of a portrait of a woman outdoors before and after using the filter\" border=\"0\" src=\"https:\/\/assets.innpro.pl\/19076\/25425\/Zestaw-8-filtrow-do-DJI-Action-6-lifestyle-5.jpg\"\/>\n<\/p>\n<h3>Reduce light pollution with the LPR filter<\/h3>\n<p>The LPR filter is designed to reduce unwanted light reflections and reduce the flare and glow effects that often occur at long exposure times. It helps maintain high image clarity and detail, improving the contrast and clarity of shots taken in challenging lighting conditions. With better control, it produces cleaner, clearer quality shots.<\/p>\n<p>\n<img decoding=\"async\" alt=\"Comparison of a photo of a city at night without a filter and with a gradient filter that reduces the intensity of bright lights\" border=\"0\" src=\"https:\/\/assets.innpro.pl\/19076\/25425\/Zestaw-8-filtrow-do-DJI-Action-6-lifestyle-6.jpg\"\/>\n<\/p>\n<h3>MCUV filter &#8211; natural colors and added protection<\/h3>\n<p>The MCUV filter reduces the effects of ultraviolet radiation, which can cause unnatural cooling of image colors. As a result, colors are more neutral and legible, and the image gains better clarity, especially under intense sunlight or at high altitudes. Moreover, this type of accessory has a protective function, protecting the camera lens from dust, dirt and minor mechanical damage.<\/p>\n<p>\n<img decoding=\"async\" alt=\"Comparison of photos of a boat on the water and a landscape with reflections, with a polarizing filter to improve clarity\" border=\"0\" src=\"https:\/\/assets.innpro.pl\/19076\/25425\/Zestaw-8-filtrow-do-DJI-Action-6-lifestyle-7.jpg\"\/>\n<\/p>\n<h3>\u0100tra uzst\u0101d\u012b\u0161ana un no\u0146em\u0161ana<\/h3>\n<p>The filters are very easy to install and remove &#8211; just a light click is enough. This allows you to adjust the camera to the current lighting conditions in no time &#8211; without worrying about missing an opportunity to create a unique shot.<\/p>\n<p>\n<img decoding=\"async\" alt=\"Close-up of mounting a protective filter on the lens of a sports camera held in the hand\" border=\"0\" src=\"https:\/\/assets.innpro.pl\/19076\/25425\/Zestaw-8-filtrow-do-DJI-Action-6-lifestyle-3.jpg\"\/>\n<\/p>\n<h3>Resistant to water, grease and scratches<\/h3>\n<p>Protective coatings make the filters resistant to water, greasy stains and minor scratches. This not only allows them to serve you for a long time, but also protects the camera lens and helps keep the optical surface clean during heavy use.<\/p>\n<p>\n<img decoding=\"async\" alt=\"Sports camera with mounted protective filter covered with water droplets, lying on concrete\" border=\"0\" src=\"https:\/\/assets.innpro.pl\/19076\/25425\/Zestaw-8-filtrow-do-DJI-Action-6-lifestyle-4.jpg\"\/>\n<\/p>\n<h3>Iek\u013cauts<\/h3>\n<ul class=\"list-disc pl-5\">\n<li>ND8 filter<\/li>\n<li>ND16 filter<\/li>\n<li>ND32 filter<\/li>\n<li>ND64 filter<\/li>\n<li>CPL filter<\/li>\n<li>Black Mist 1\/4 filter<\/li>\n<li>MCUV filter<\/li>\n<li>LPR filter<\/li>\n<\/ul>\n<div class=\"table-wrapper\">\n<p>\u00a0<\/p>\n<h3><\/h3>\n<table>\n<tbody>\n<tr>\n<th>Ra\u017eot\u0101js<\/th>\n<td>Sunnylife<\/td>\n<\/tr>\n<tr>\n<th>Modelis<\/th>\n<td>OA6-FI110<\/td>\n<\/tr>\n<tr>\n<th>Materi\u0101ls<\/th>\n<td>Optical glass + metal<\/td>\n<\/tr>\n<tr>\n<th>Filter type<\/th>\n<td>ND8, ND16, ND32, ND64, CPL, Black Mist 1\/4, MCUV, LPR<\/td>\n<\/tr>\n<tr>\n<th>Sader\u012bba<\/th>\n<td>DJI Osmo Action 6<\/td>\n<\/tr>\n<\/tbody>\n<\/table>\n<\/div>","protected":false},"excerpt":{"rendered":"<p>Filter Set for DJI Osmo Action 6 (CPL\/MCUV\/ND8\/16\/32\/64\/Light Pollution LPR\/Black Mist 1\/4) This filter set for the DJI Osmo Action 6 camera will give you full control over exposure and image appearance in challenging lighting conditions. Professional optical glass, multi-layer coatings and precision design allow you to improve the quality of your photos and videos, [&#8230;]\n","protected":false},"featured_media":88738,"comment_status":"open","ping_status":"closed","template":"","meta":[],"location":[19557,19558],"product_brand":[],"product_cat":[12242],"product_tag":[],"class_list":{"0":"post-83395","1":"product","2":"type-product","3":"status-publish","4":"has-post-thumbnail","6":"location-innpro_stock_location","7":"location-local_stock_location","8":"product_cat-for-sports-cameras","10":"first","11":"instock","12":"sale","13":"taxable","14":"shipping-taxable","15":"purchasable","16":"product-type-simple"},"aioseo_notices":[],"locations":[{"id":19557,"name":"Pieg\u0101d\u0101ja noliktav\u0101 (5-7dd.d)","slug":"innpro_stock_location","quantity":"4"},{"id":19558,"name":"R\u012bgas veikals (0-2dd.d)","slug":"local_stock_location","quantity":"0"}],"_links":{"self":[{"href":"https:\/\/elektrons.lv\/lv\/wp-json\/wp\/v2\/product\/83395","targetHints":{"allow":["GET"]}}],"collection":[{"href":"https:\/\/elektrons.lv\/lv\/wp-json\/wp\/v2\/product"}],"about":[{"href":"https:\/\/elektrons.lv\/lv\/wp-json\/wp\/v2\/types\/product"}],"replies":[{"embeddable":true,"href":"https:\/\/elektrons.lv\/lv\/wp-json\/wp\/v2\/comments?post=83395"}],"wp:featuredmedia":[{"embeddable":true,"href":"https:\/\/elektrons.lv\/lv\/wp-json\/wp\/v2\/media\/88738"}],"wp:attachment":[{"href":"https:\/\/elektrons.lv\/lv\/wp-json\/wp\/v2\/media?parent=83395"}],"wp:term":[{"taxonomy":"location","embeddable":true,"href":"https:\/\/elektrons.lv\/lv\/wp-json\/wp\/v2\/location?post=83395"},{"taxonomy":"product_brand","embeddable":true,"href":"https:\/\/elektrons.lv\/lv\/wp-json\/wp\/v2\/product_brand?post=83395"},{"taxonomy":"product_cat","embeddable":true,"href":"https:\/\/elektrons.lv\/lv\/wp-json\/wp\/v2\/product_cat?post=83395"},{"taxonomy":"product_tag","embeddable":true,"href":"https:\/\/elektrons.lv\/lv\/wp-json\/wp\/v2\/product_tag?post=83395"}],"curies":[{"name":"wp","href":"https:\/\/api.w.org\/{rel}","templated":true}]}}