{"id":83566,"date":"2026-05-14T09:45:37","date_gmt":"2026-05-14T09:45:37","guid":{"rendered":"https:\/\/elektrons.lv\/Prece\/drip-and-mist-irrigation-systems\/"},"modified":"2026-05-15T16:00:51","modified_gmt":"2026-05-15T14:00:51","slug":"drip-and-mist-irrigation-systems","status":"publish","type":"product","link":"https:\/\/elektrons.lv\/lv\/Prece\/drip-and-mist-irrigation-systems\/","title":{"rendered":"Drip and mist irrigation systems"},"content":{"rendered":"<h3>Drip and Mist Irrigation Kit<\/h3>\n<p>The RainPoint DIK-05 kit is a versatile solution for watering plants and gently misting and cooling outdoor spaces. The system combines the ability to water potted plants and flower beds with the capability to create a mist over a distance of up to 3 meters. It offers an adjustable flow rate of up to 120 l\/h and operates at a pressure of 1\u20134 bar, allowing you to tailor its performance to various applications. Thanks to an adjustable spray radius of up to 60 cm and quick installation, the kit is ideal for both gardens and patios.<\/p>\n<p>\n<img decoding=\"async\" alt=\"RainPoint irrigation kit with hoses, connectors, and stakes next to a beige jute bag with a label\" border=\"0\" src=\"https:\/\/assets.innpro.pl\/21111\/27991\/1.jpg\"\/>\n<\/p>\n<h3>Two applications in one system<\/h3>\n<p>The RainPoint DIK-05 allows for simultaneous watering of plants and the use of the mist function to cool or humidify the surroundings. The system allows for watering up to 6 planters with medium and large-sized plants, and the additional sprinkler section is ideal for flower beds or relaxation areas. It is a practical solution that enhances the functionality of a single kit.<\/p>\n<p>\n<img decoding=\"async\" alt=\"Dark gray, flexible garden hose coiled in a circle and secured with white cable ties\" border=\"0\" src=\"https:\/\/assets.innpro.pl\/21111\/27991\/2.jpg\"\/>\n<\/p>\n<h3>Adjustable flow and precise watering<\/h3>\n<p>The ability to adjust the water flow allows you to tailor the watering intensity to the needs of specific plants. With a range of up to 120 l\/h, the system can handle both gentle irrigation and more intensive watering. The adjustable spray radius of up to 60 cm allows for precise adjustment of the coverage area.<\/p>\n<p>\n<img decoding=\"async\" alt=\"Black irrigation spike with a turquoise knob in the foreground and a second, blurred spike in the background\" border=\"0\" src=\"https:\/\/assets.innpro.pl\/21111\/27991\/7.jpg\"\/>\n<\/p>\n<h3>Mist function for comfort and plant care<\/h3>\n<p>An additional section with mist nozzles creates a gentle mist that can be used to cool the surroundings or maintain proper humidity. With a range of up to 3 meters, this solution works well on patios, in gardens, or near relaxation areas.<\/p>\n<p>\n<img decoding=\"async\" alt=\"Jute bag with the inscription &quot;More Than Water Saving&quot; and a RainPoint label with descriptions in Chinese and English\" border=\"0\" src=\"https:\/\/assets.innpro.pl\/21111\/27991\/3.jpg\"\/>\n<\/p>\n<h3>Quick installation and flexible configuration<\/h3>\n<p>You can connect the kit components quickly and effortlessly\u2014simply push them together without tools or additional accessories. This makes installation easy even for those with no experience with irrigation systems. If needed, you can also easily rearrange the kit to suit your garden or terrace.<\/p>\n<p>\n<img decoding=\"async\" alt=\"Two RainPoint jute bags suspended in the air against a light background; one in sharp focus in the foreground, the other blurred in the background\" border=\"0\" src=\"https:\/\/assets.innpro.pl\/21111\/27991\/4.jpg\"\/>\n<\/p>\n<h3>Iek\u013cauts:<\/h3>\n<ul class=\"list-disc pl-5\">\n<li>Main hose<\/li>\n<li>Branch hose<\/li>\n<li>Mist nozzle x5<\/li>\n<li>Clamp x20<\/li>\n<li>Hose cap x3<\/li>\n<li>Sprinkler x5<\/li>\n<li>Ground stake x10<\/li>\n<li>T-connector x10<\/li>\n<li>T-connector (bridge)<\/li>\n<li>Quick-connect coupling<\/li>\n<\/ul>\n<div class=\"table-wrapper\">\n<p>\u00a0<\/p>\n<h3><\/h3>\n<table>\n<tbody>\n<tr>\n<th>Ra\u017eot\u0101js<\/th>\n<td>RainPoint<\/td>\n<\/tr>\n<tr>\n<th>Modelis<\/th>\n<td>DIK-05<\/td>\n<\/tr>\n<tr>\n<th>Darba spiediens<\/th>\n<td>1-4 bar<\/td>\n<\/tr>\n<tr>\n<th>Water flow<\/th>\n<td>0-120 l\/h<\/td>\n<\/tr>\n<tr>\n<th>Adjustable radius<\/th>\n<td>0-60 cm<\/td>\n<\/tr>\n<tr>\n<th>Pieteikums<\/th>\n<td>6 medium and large plant pots, flower beds, mist up to 3 m<\/td>\n<\/tr>\n<\/tbody>\n<\/table>\n<\/div>","protected":false},"excerpt":{"rendered":"<p>Drip and Mist Irrigation Kit The RainPoint DIK-05 kit is a versatile solution for watering plants and gently misting and cooling outdoor spaces. The system combines the ability to water potted plants and flower beds with the capability to create a mist over a distance of up to 3 meters. It offers an adjustable flow [&#8230;]\n","protected":false},"featured_media":88199,"comment_status":"open","ping_status":"closed","template":"","meta":[],"location":[19557,19558],"product_brand":[],"product_cat":[15879],"product_tag":[],"class_list":{"0":"post-83566","1":"product","2":"type-product","3":"status-publish","4":"has-post-thumbnail","6":"location-innpro_stock_location","7":"location-local_stock_location","8":"product_cat-irrigation-systems","10":"first","11":"instock","12":"sale","13":"taxable","14":"shipping-taxable","15":"purchasable","16":"product-type-simple"},"aioseo_notices":[],"locations":[{"id":19557,"name":"Pieg\u0101d\u0101ja noliktav\u0101 (5-7dd.d)","slug":"innpro_stock_location","quantity":"10"},{"id":19558,"name":"R\u012bgas veikals (0-2dd.d)","slug":"local_stock_location","quantity":"0"}],"_links":{"self":[{"href":"https:\/\/elektrons.lv\/lv\/wp-json\/wp\/v2\/product\/83566","targetHints":{"allow":["GET"]}}],"collection":[{"href":"https:\/\/elektrons.lv\/lv\/wp-json\/wp\/v2\/product"}],"about":[{"href":"https:\/\/elektrons.lv\/lv\/wp-json\/wp\/v2\/types\/product"}],"replies":[{"embeddable":true,"href":"https:\/\/elektrons.lv\/lv\/wp-json\/wp\/v2\/comments?post=83566"}],"wp:featuredmedia":[{"embeddable":true,"href":"https:\/\/elektrons.lv\/lv\/wp-json\/wp\/v2\/media\/88199"}],"wp:attachment":[{"href":"https:\/\/elektrons.lv\/lv\/wp-json\/wp\/v2\/media?parent=83566"}],"wp:term":[{"taxonomy":"location","embeddable":true,"href":"https:\/\/elektrons.lv\/lv\/wp-json\/wp\/v2\/location?post=83566"},{"taxonomy":"product_brand","embeddable":true,"href":"https:\/\/elektrons.lv\/lv\/wp-json\/wp\/v2\/product_brand?post=83566"},{"taxonomy":"product_cat","embeddable":true,"href":"https:\/\/elektrons.lv\/lv\/wp-json\/wp\/v2\/product_cat?post=83566"},{"taxonomy":"product_tag","embeddable":true,"href":"https:\/\/elektrons.lv\/lv\/wp-json\/wp\/v2\/product_tag?post=83566"}],"curies":[{"name":"wp","href":"https:\/\/api.w.org\/{rel}","templated":true}]}}