{"id":83634,"date":"2026-05-14T09:45:46","date_gmt":"2026-05-14T09:45:46","guid":{"rendered":"https:\/\/elektrons.lv\/Prece\/flextail-ezypack-compression-bag-orange\/"},"modified":"2026-05-15T16:01:21","modified_gmt":"2026-05-15T14:01:21","slug":"flextail-ezypack-compression-bag-orange","status":"publish","type":"product","link":"https:\/\/elektrons.lv\/lv\/Prece\/flextail-ezypack-compression-bag-orange\/","title":{"rendered":"Flextail EZYPACK Compression Bag (orange)"},"content":{"rendered":"<h3>Flextail EZYBAG Compression Bag (orange)<\/h3>\n<p>The lightweight, waterproof Flextail compression bag for clothing and equipment significantly reduces the volume of packed items. The valve design allows air to be removed from the interior, reducing the space taken up by the contents by up to 85%. Measuring 35 \u00d7 16 \u00d7 50 cm and with a capacity of approximately 25 liters, it allows you to pack more clothes or equipment in a compact form. It is a solution for travel, trekking, and everyday packing when space and protection of contents are important.<\/p>\n<p>\n<img decoding=\"async\" alt=\"A person is carrying an orange, waterproof bag with a strap and a transparent window on the front over their shoulder\" border=\"0\" src=\"https:\/\/assets.innpro.pl\/19966\/26585\/4.jpg\"\/>\n<\/p>\n<h3>More space in your luggage without changing its size<\/h3>\n<p>The compression design allows you to reduce the volume of clothing or soft equipment by up to 85%, so you can fit significantly more items in the same suitcase or backpack. The packed contents remain compact and stable &#8211; without excessive pushing around of your luggage.<\/p>\n<p>\n<img decoding=\"async\" alt=\"Close-up of an orange bag with VOLLYC print and transparent window\" border=\"0\" src=\"https:\/\/assets.innpro.pl\/19966\/26585\/9.jpg\"\/>\n<\/p>\n<h3>Protection against moisture while traveling and in the field<\/h3>\n<p>70D nylon with a TPU coating creates a lightweight yet waterproof barrier that protects the contents from outside moisture. The sealed closure also limits water penetration at the bag&#x27;s closure. This keeps clothes or equipment dry in a damp luggage environment, during transport, or in the field. The bag also protects the contents from dirt from other items.<\/p>\n<p>\n<img decoding=\"async\" alt=\"A person with an orange bag on their shoulder standing in front of a tiled wall\" border=\"0\" src=\"https:\/\/assets.innpro.pl\/19966\/26585\/4.jpg\"\/>\n<\/p>\n<h3>Manual or pump compression<\/h3>\n<p>The bag allows air to be removed from the interior by pressing down on the contents or using a Flextail pump (not included, sold separately) connected to the valve. This allows you to adjust the compression method to the amount of items being packed and the equipment available.<\/p>\n<p>\n<img decoding=\"async\" alt=\"Close-up of black fasteners and zipper on an orange bag\" border=\"0\" src=\"https:\/\/assets.innpro.pl\/19966\/26585\/7.jpg\"\/>\n<\/p>\n<div class=\"table-wrapper\">\n<p>\u00a0<\/p>\n<h3><\/h3>\n<table>\n<tbody>\n<tr>\n<th>Ra\u017eot\u0101js<\/th>\n<td>Flextail<\/td>\n<\/tr>\n<tr>\n<th>Modelis<\/th>\n<td>EZYBAG-O<\/td>\n<\/tr>\n<tr>\n<th>Izm\u0113ri<\/th>\n<td>36 x 16 x 50 cm<\/td>\n<\/tr>\n<tr>\n<th>Svars<\/th>\n<td>170 g<\/td>\n<\/tr>\n<tr>\n<th>Sader\u012bba<\/th>\n<td>Backpacks with a capacity of &gt;10 l<\/td>\n<\/tr>\n<\/tbody>\n<\/table>\n<\/div>","protected":false},"excerpt":{"rendered":"<p>Flextail EZYBAG Compression Bag (orange) The lightweight, waterproof Flextail compression bag for clothing and equipment significantly reduces the volume of packed items. The valve design allows air to be removed from the interior, reducing the space taken up by the contents by up to 85%. Measuring 35 \u00d7 16 \u00d7 50 cm and with a [&#8230;]\n","protected":false},"featured_media":87914,"comment_status":"open","ping_status":"closed","template":"","meta":[],"location":[19557,19558],"product_brand":[],"product_cat":[16809],"product_tag":[],"class_list":{"0":"post-83634","1":"product","2":"type-product","3":"status-publish","4":"has-post-thumbnail","6":"location-innpro_stock_location","7":"location-local_stock_location","8":"product_cat-camping","10":"first","11":"instock","12":"sale","13":"taxable","14":"shipping-taxable","15":"purchasable","16":"product-type-simple"},"aioseo_notices":[],"locations":[{"id":19557,"name":"Pieg\u0101d\u0101ja noliktav\u0101 (5-7dd.d)","slug":"innpro_stock_location","quantity":"59"},{"id":19558,"name":"R\u012bgas veikals (0-2dd.d)","slug":"local_stock_location","quantity":"0"}],"_links":{"self":[{"href":"https:\/\/elektrons.lv\/lv\/wp-json\/wp\/v2\/product\/83634","targetHints":{"allow":["GET"]}}],"collection":[{"href":"https:\/\/elektrons.lv\/lv\/wp-json\/wp\/v2\/product"}],"about":[{"href":"https:\/\/elektrons.lv\/lv\/wp-json\/wp\/v2\/types\/product"}],"replies":[{"embeddable":true,"href":"https:\/\/elektrons.lv\/lv\/wp-json\/wp\/v2\/comments?post=83634"}],"wp:featuredmedia":[{"embeddable":true,"href":"https:\/\/elektrons.lv\/lv\/wp-json\/wp\/v2\/media\/87914"}],"wp:attachment":[{"href":"https:\/\/elektrons.lv\/lv\/wp-json\/wp\/v2\/media?parent=83634"}],"wp:term":[{"taxonomy":"location","embeddable":true,"href":"https:\/\/elektrons.lv\/lv\/wp-json\/wp\/v2\/location?post=83634"},{"taxonomy":"product_brand","embeddable":true,"href":"https:\/\/elektrons.lv\/lv\/wp-json\/wp\/v2\/product_brand?post=83634"},{"taxonomy":"product_cat","embeddable":true,"href":"https:\/\/elektrons.lv\/lv\/wp-json\/wp\/v2\/product_cat?post=83634"},{"taxonomy":"product_tag","embeddable":true,"href":"https:\/\/elektrons.lv\/lv\/wp-json\/wp\/v2\/product_tag?post=83634"}],"curies":[{"name":"wp","href":"https:\/\/api.w.org\/{rel}","templated":true}]}}