{"id":83701,"date":"2026-05-14T09:45:55","date_gmt":"2026-05-14T09:45:55","guid":{"rendered":"https:\/\/elektrons.lv\/Prece\/100-w-smart-soldering-iron-with-fnirsi-hs-02a-max-tool-kit\/"},"modified":"2026-05-15T07:51:38","modified_gmt":"2026-05-15T07:51:38","slug":"100-w-smart-soldering-iron-with-fnirsi-hs-02a-max-tool-kit","status":"publish","type":"product","link":"https:\/\/elektrons.lv\/lv\/Prece\/100-w-smart-soldering-iron-with-fnirsi-hs-02a-max-tool-kit\/","title":{"rendered":"100 W viedais lod\u0101murs ar FNIRSI HS-02A MAX instrumentu komplektu"},"content":{"rendered":"<h3>FNIRSI HS-02A MAX 100W Smart Soldering Iron with Tool Kit<\/h3>\n<p>The FNIRSI HS-02 is a new generation smart soldering iron that combines 100W power, rapid heating, precise temperature control, and exceptional mobility. PD, QC, and DC (9\u201320 V) power support, adaptive power control, a 0.96&quot; IPS color screen, ESD protection, and automatic functions make it a tool ready for use in both electronics service and in the field. This equipment is designed for people who expect maximum performance without compromise.<\/p>\n<p>\n<img decoding=\"async\" alt=\"FNIRSI lod\u0101murs ar digit\u0101lo displeju blakus p\u0101rn\u0113s\u0101\u0161anas somi\u0146ai.\" border=\"0\" src=\"https:\/\/assets.innpro.pl\/19598\/26130\/Inteligentna-lutownica-z-zestawem-narzedzi-FNIRSI-HS-02A-MAX-lifestyle-1.jpg\"\/>\n<\/p>\n<h3>Skaidra priek\u0161roc\u012bba sal\u012bdzin\u0101jum\u0101 ar standarta lod\u0101muru<\/h3>\n<p>Sal\u012bdzinot ar standarta 60-65 W lod\u0101muriem, FNIRSI HS-02 pied\u0101v\u0101 vair\u0101k nek\u0101 50% liel\u0101ku jaudu, l\u012bdz pat \u010detras reizes \u0101tr\u0101ku alvo\u0161anu (2 s) un iztur\u012bgu CNC alum\u012bnija un silikona korpusu ABS plastmasas viet\u0101. Turkl\u0101t tas pied\u0101v\u0101 funkcijas, kas nav pieejamas l\u0113t\u0101kos mode\u013cos: adapt\u012bv\u0101 jauda, iepriek\u0161 iestat\u012btas temperat\u016bras, miega re\u017e\u012bms, antistatisk\u0101 aizsardz\u012bba un komplekt\u0101 iek\u013caut\u0101 soma un stat\u012bvs Tas ir augst\u0101k\u0101s kvalit\u0101tes r\u012bks, kas rada re\u0101las izmai\u0146as ikdienas darb\u0101.<\/p>\n<p>\n<img decoding=\"async\" alt=\"Divi FNIRSI lod\u0101muri uz tum\u0161a lod\u0113\u0161anas pakl\u0101ja.\" border=\"0\" src=\"https:\/\/assets.innpro.pl\/19598\/26130\/Inteligentna-lutownica-z-zestawem-narzedzi-FNIRSI-HS-02A-MAX-lifestyle-2.jpg\"\/>\n<\/p>\n<h3>T\u016bl\u012bt\u0113ja sild\u012b\u0161ana un stabila darb\u012bba zem slodzes<\/h3>\n<p>Maksim\u0101l\u0101 jauda 100 W garant\u0113 \u0101tru uzga\u013ca uzsild\u012b\u0161anu un lielisku temperat\u016bras uztur\u0113\u0161anu pat tad, ja lod\u0113\u0161anas mas\u012bvas stieples, ekr\u0101ni, savienot\u0101ji, un lielas lod\u0113\u0161anas zonas Lod\u0113\u0161anas dzelzs rea\u0123\u0113 uzreiz p\u0113c saskares ar komponentu, kas nov\u0113r\u0161 temperat\u016bras kritumus un \u013cauj str\u0101d\u0101t \u0101tr\u0101k, t\u012br\u0101k, un ar liel\u0101ku precizit\u0101ti.<\/p>\n<p>\n<img decoding=\"async\" alt=\"FNIRSI lod\u0101murs ar displeju, kas par\u0101da Adaptive jaudas funkciju.\" border=\"0\" src=\"https:\/\/assets.innpro.pl\/19598\/26130\/Inteligentna-lutownica-z-zestawem-narzedzi-FNIRSI-HS-02A-MAX-lifestyle-3.jpg\"\/>\n<\/p>\n<h3>Univers\u0101l\u0101 baro\u0161anas avots \u2013 piln\u012bga darb\u012bbas br\u012bv\u012bba<\/h3>\n<p>Ar USB-C baro\u0161anas pieg\u0101di, \u0101tro uzl\u0101di un klasisko DC 9\u201320 V atbalstu FNIRSI HS-02 var darbin\u0101t no t\u012bkla l\u0101d\u0113t\u0101ja, baro\u0161anas bankas, kl\u0113pjdatora vai darbn\u012bcas baro\u0161anas avota. Tas ir ide\u0101ls risin\u0101jums mobilo sakaru pakalpojumu tehni\u0137iem, lauka elektronikas in\u017eenieriem un lietot\u0101jiem, kuri v\u0113las vienu r\u012bku vis\u0101m lietojumprogramm\u0101m - bez atra\u0161an\u0101s vietas ierobe\u017eojumiem.<\/p>\n<p>\n<img decoding=\"async\" alt=\"FNIRSI lod\u0101murs, kas novietots dokstacij\u0101 ar uzga\u013ca t\u012br\u012b\u0161anas s\u016bkli.\" border=\"0\" src=\"https:\/\/assets.innpro.pl\/19598\/26130\/Inteligentna-lutownica-z-zestawem-narzedzi-FNIRSI-HS-02A-MAX-lifestyle-4.jpg\"\/>\n<\/p>\n<h3>Adapt\u012bv\u0101 jaudas kontrole \u2013 intelekts, kas aizsarg\u0101<\/h3>\n<p>Uzlabota autom\u0101tisk\u0101s jaudas regul\u0113\u0161anas sist\u0113ma analiz\u0113 darb\u012bbas apst\u0101k\u013cus un dinamiski regul\u0113 ener\u0123ijas pat\u0113ri\u0146u Tas nodro\u0161ina, ka lod\u0101murs darbojas efekt\u012bvi un stabili, vienlaikus aizsarg\u0101jot galu, baro\u0161anas avotu un lod\u0113t\u0101s sast\u0101vda\u013cas Tas nodro\u0161ina re\u0101lu dro\u0161\u012bbu un ilg\u0101ku iek\u0101rtas kalpo\u0161anas laiku, \u012bpa\u0161i intens\u012bvas lieto\u0161anas laik\u0101.<\/p>\n<p>\n<img decoding=\"async\" alt=\"FNIRSI lod\u0101murs prec\u012bz\u0101s lod\u0113\u0161anas laik\u0101 uz iespiedsh\u0113mas plates.\" border=\"0\" src=\"https:\/\/assets.innpro.pl\/19598\/26130\/Inteligentna-lutownica-z-zestawem-narzedzi-FNIRSI-HS-02A-MAX-lifestyle-5.jpg\"\/>\n<\/p>\n<h3>Prec\u012bza PID temperat\u016bras kontrole<\/h3>\n<p>100\u2013450\u00b0C regul\u0113\u0161anas diapazons un segment\u0113t\u0101 PID vad\u012bba nodro\u0161ina \u0101tru sild\u012b\u0161anu, stabilu temperat\u016bras uztur\u0113\u0161anu un t\u016bl\u012bt\u0113ju siltuma atg\u016b\u0161anu.Kontroles precizit\u0101te zem 2% \u013cauj dro\u0161i str\u0101d\u0101t ar jut\u012bg\u0101m SMD un BGA \u0137\u0113d\u0113m un prec\u012bzo elektroniku, l\u012bdz minimumam samazinot p\u0101rkar\u0161anas un boj\u0101jumu risku.<\/p>\n<p>\n<img decoding=\"async\" alt=\"FNIRSI lod\u0101mura deta\u013cu tuvpl\u0101ni: displeja, roktura un uzga\u013ca mont\u0101\u017eas meh\u0101nisms.\" border=\"0\" src=\"https:\/\/assets.innpro.pl\/19598\/26130\/Inteligentna-lutownica-z-zestawem-narzedzi-FNIRSI-HS-02A-MAX-lifestyle-6.jpg\"\/>\n<\/p>\n<h3>Iepriek\u0161 iestat\u012btas temperat\u016bras un \u0113rta darb\u012bba<\/h3>\n<p>Iesp\u0113ja saglab\u0101t vair\u0101kus temperat\u016bras profilus (CH1, CH2, CH3) \u013cauj uzreiz piel\u0101got lod\u0101muru konkr\u0113tam uzdevumam Skaidrs interfeiss, lo\u0123isk\u0101 izv\u0113lne un fizisk\u0101s pogas padara iestat\u012bjumu mai\u0146u \u0101tru un intuit\u012bvu, nep\u0101rtraucot darbu un bez nevajadz\u012bgiem sare\u017e\u0123\u012bjumiem.<\/p>\n<p>\n<img decoding=\"async\" alt=\"FNIRSI lod\u0101mura displejs, kur\u0101 redzama iestat\u012bjumu izv\u0113lne.\" border=\"0\" src=\"https:\/\/assets.innpro.pl\/19598\/26130\/Inteligentna-lutownica-z-zestawem-narzedzi-FNIRSI-HS-02A-MAX-lifestyle-7.jpg\"\/>\n<\/p>\n<h3>Autom\u0101tiskais miega re\u017e\u012bms \u2013 ekonomija un dro\u0161\u012bba<\/h3>\n<p>Indukt\u012bv\u0101 miega funkcija autom\u0101tiski pazemina temperat\u016bru, kad lod\u0101murs balst\u0101s uz stat\u012bva, un nekav\u0113joties atjauno to, kad ier\u012bce tiek pacelta Tas ir ne tikai \u0113rti, bet ar\u012b samazina ener\u0123ijas pat\u0113ri\u0146u, pagarina uzga\u013ca kalpo\u0161anas laiku un palielina dro\u0161\u012bbu ekspluat\u0101cijas laik\u0101.<\/p>\n<p>\n<img decoding=\"async\" alt=\"FNIRSI lod\u0101muri, kas tiek izmantoti elektronikas remonta laik\u0101.\" border=\"0\" src=\"https:\/\/assets.innpro.pl\/19598\/26130\/Inteligentna-lutownica-z-zestawem-narzedzi-FNIRSI-HS-02A-MAX-lifestyle-8.jpg\"\/>\n<\/p>\n<h3>ESD aizsardz\u012bba un iztur\u012bgs dizains<\/h3>\n<p>Built-in electrostatic (ESD) protection with grounding capability protects sensitive electronic components from discharge. The CNC-machined aluminum housing, silicone non-slip grip, and tip guard protect against burns and ensure durability, comfort, and a secure grip even during long hours of work.<\/p>\n<p>\n<img decoding=\"async\" alt=\"Silver FNIRSI soldering iron with protective tip case.\" border=\"0\" src=\"https:\/\/assets.innpro.pl\/19598\/26130\/Inteligentna-lutownica-z-zestawem-narzedzi-FNIRSI-HS-02A-MAX-lifestyle-9.jpg\"\/>\n<\/p>\n<h3>Iek\u013cauts:<\/h3>\n<ul class=\"list-disc pl-5\">\n<li>FNIRSI HS-02A soldering iron<\/li>\n<li>Instrumentu kaste<\/li>\n<li>6 soldering tips<\/li>\n<li>USB-C baro\u0161anas kabelis<\/li>\n<li>Padomu t\u012br\u012bt\u0101js<\/li>\n<li>Lod\u0113\u0161anas atlikuma tvertne<\/li>\n<li>42 g lod\u0113\u0161anas stieples (bez svina)<\/li>\n<li>100W l\u0101d\u0113t\u0101js<\/li>\n<li>C2C kabelis<\/li>\n<li>Adaptera kabelis<\/li>\n<li>Lod\u0113\u0161anas stacija<\/li>\n<li>Neso\u0161\u0101 soma<\/li>\n<\/ul>\n<div class=\"table-wrapper\">\n<p>\u00a0<\/p>\n<h3><\/h3>\n<table>\n<tbody>\n<tr>\n<th>Ra\u017eot\u0101js<\/th>\n<td>FNIRSI<\/td>\n<\/tr>\n<tr>\n<th>Modelis<\/th>\n<td>HS-02A<\/td>\n<\/tr>\n<tr>\n<th>Ier\u012bces tips<\/th>\n<td>Smart digit\u0101lais lod\u0101murs<\/td>\n<\/tr>\n<tr>\n<th>Maksim\u0101l\u0101 jauda<\/th>\n<td>100 W<\/td>\n<\/tr>\n<tr>\n<th>Darb\u012bbas temperat\u016bras diapazons<\/th>\n<td>100\u2013450\u00b0C (180\u2013842\u00b0F)<\/td>\n<\/tr>\n<tr>\n<th>Temperat\u016bras kontroles precizit\u0101te<\/th>\n<td>&lt; 2%<\/td>\n<\/tr>\n<tr>\n<th>Temperat\u016bras kontroles tips<\/th>\n<td>Segment\u0113ta PID vad\u012bba<\/td>\n<\/tr>\n<tr>\n<th>Apkures (lod\u0113\u0161anas) laiks<\/th>\n<td>Approx. 5 s<\/td>\n<\/tr>\n<tr>\n<th>Baro\u0161anas avots<\/th>\n<td>USB-C baro\u0161anas pieg\u0101de \/ \u0101tra uzl\u0101de \/ l\u012bdzstr\u0101va<\/td>\n<\/tr>\n<tr>\n<th>Ieejas sprieguma diapazons<\/th>\n<td>9\u201320 V<\/td>\n<\/tr>\n<tr>\n<th>Maksim\u0101lais atbalst\u012btais baro\u0161anas avots<\/th>\n<td>100 W<\/td>\n<\/tr>\n<tr>\n<th>Adapt\u012bv\u0101 jaudas kontrole<\/th>\n<td>J\u0101 (autom\u0101tiska regul\u0113\u0161ana str\u0101vas avotam)<\/td>\n<\/tr>\n<tr>\n<th>Miega re\u017e\u012bms<\/th>\n<td>Autom\u0101tiska (indukt\u012bva) + manu\u0101la (viena klik\u0161\u0137a gaid\u012b\u0161anas re\u017e\u012bms)<\/td>\n<\/tr>\n<tr>\n<th>Elektrostatisk\u0101 aizsardz\u012bba<\/th>\n<td>J\u0101 (ESD, iesp\u0113jama zem\u0113\u0161ana)<\/td>\n<\/tr>\n<tr>\n<th>Displejs<\/th>\n<td>0,96\" kr\u0101sa IPS HD<\/td>\n<\/tr>\n<tr>\n<th>Lietot\u0101ja saskarne<\/th>\n<td>Ekr\u0101ns + fizisk\u0101s vad\u012bbas pogas<\/td>\n<\/tr>\n<tr>\n<th>Temperat\u016bras profili<\/th>\n<td>Saglab\u0101tie s\u0101kotn\u0113jie iestat\u012bjumi (CH1 \/ CH2 \/ CH3)<\/td>\n<\/tr>\n<tr>\n<th>M\u0101jok\u013ca materi\u0101ls<\/th>\n<td>CNC-apstr\u0101d\u0101ts alum\u012bnijs + silikons<\/td>\n<\/tr>\n<tr>\n<th>Rokturis<\/th>\n<td>Nesl\u012bdo\u0161s, silikons<\/td>\n<\/tr>\n<tr>\n<th>Lod\u0113\u0161anas dzelzs garums<\/th>\n<td>180 mm<\/td>\n<\/tr>\n<tr>\n<th>Svars<\/th>\n<td>apm\u0113ram 61 g<\/td>\n<\/tr>\n<tr>\n<th>Tipa tips<\/th>\n<td>Nomain\u0101ms, velt\u012bts versijai<\/td>\n<\/tr>\n<tr>\n<th>Uzga\u013ca garums<\/th>\n<td>9 cm<\/td>\n<\/tr>\n<tr>\n<th>Sild\u012b\u0161anas serdes pretest\u012bba<\/th>\n<td>2.5 \u03a9<\/td>\n<\/tr>\n<\/tbody>\n<\/table>\n<\/div>","protected":false},"excerpt":{"rendered":"<p>FNIRSI HS-02A MAX 100W Smart Soldering Iron with Tool Kit The FNIRSI HS-02 is a new generation smart soldering iron that combines 100W power, rapid heating, precise temperature control, and exceptional mobility. PD, QC, and DC (9\u201320 V) power support, adaptive power control, a 0.96&quot; IPS color screen, ESD protection, and automatic functions make it [&#8230;]\n","protected":false},"featured_media":87820,"comment_status":"open","ping_status":"closed","template":"","meta":[],"location":[19557,19558],"product_brand":[],"product_cat":[17024],"product_tag":[],"class_list":{"0":"post-83701","1":"product","2":"type-product","3":"status-publish","4":"has-post-thumbnail","6":"location-innpro_stock_location","7":"location-local_stock_location","8":"product_cat-soldering-machines","10":"first","11":"instock","12":"sale","13":"taxable","14":"shipping-taxable","15":"purchasable","16":"product-type-simple"},"aioseo_notices":[],"locations":[{"id":19557,"name":"Pieg\u0101d\u0101ja noliktav\u0101 (5-7dd.d)","slug":"innpro_stock_location","quantity":"97"},{"id":19558,"name":"R\u012bgas veikals (0-2dd.d)","slug":"local_stock_location","quantity":"0"}],"_links":{"self":[{"href":"https:\/\/elektrons.lv\/lv\/wp-json\/wp\/v2\/product\/83701","targetHints":{"allow":["GET"]}}],"collection":[{"href":"https:\/\/elektrons.lv\/lv\/wp-json\/wp\/v2\/product"}],"about":[{"href":"https:\/\/elektrons.lv\/lv\/wp-json\/wp\/v2\/types\/product"}],"replies":[{"embeddable":true,"href":"https:\/\/elektrons.lv\/lv\/wp-json\/wp\/v2\/comments?post=83701"}],"wp:featuredmedia":[{"embeddable":true,"href":"https:\/\/elektrons.lv\/lv\/wp-json\/wp\/v2\/media\/87820"}],"wp:attachment":[{"href":"https:\/\/elektrons.lv\/lv\/wp-json\/wp\/v2\/media?parent=83701"}],"wp:term":[{"taxonomy":"location","embeddable":true,"href":"https:\/\/elektrons.lv\/lv\/wp-json\/wp\/v2\/location?post=83701"},{"taxonomy":"product_brand","embeddable":true,"href":"https:\/\/elektrons.lv\/lv\/wp-json\/wp\/v2\/product_brand?post=83701"},{"taxonomy":"product_cat","embeddable":true,"href":"https:\/\/elektrons.lv\/lv\/wp-json\/wp\/v2\/product_cat?post=83701"},{"taxonomy":"product_tag","embeddable":true,"href":"https:\/\/elektrons.lv\/lv\/wp-json\/wp\/v2\/product_tag?post=83701"}],"curies":[{"name":"wp","href":"https:\/\/api.w.org\/{rel}","templated":true}]}}