{"id":83975,"date":"2026-05-14T09:46:34","date_gmt":"2026-05-14T09:46:34","guid":{"rendered":"https:\/\/elektrons.lv\/Prece\/catlink-ai-water-fountain-pure-2-uv\/"},"modified":"2026-05-15T07:51:53","modified_gmt":"2026-05-15T07:51:53","slug":"catlink-ai-water-fountain-pure-2-uv","status":"publish","type":"product","link":"https:\/\/elektrons.lv\/lv\/Prece\/catlink-ai-water-fountain-pure-2-uv\/","title":{"rendered":"CATLINK AI Water Fountain \u2013 Pure 2 UV"},"content":{"rendered":"<h3>CATLINK AI Water Fountain \u2013 Pure 2 UV<\/h3>\n<p>The Catlink Pure 2 UV smart pet water fountain uses an effective ultrafiltration system to provide water free of contaminants and harmful substances, while ensuring the health of your pets. The device allows you to monitor your pet&#x27;s drinking habits and respond to any abnormalities in real time. A dedicated app makes it easy to use and provides access to useful information. Cleaning the individual components is easy. The 2.6-liter capacity eliminates the need for frequent refilling. There are 4 operating modes available. The Pure 2 UV version offers an improved pump and a sterilization function.<\/p>\n<p>\n<img decoding=\"async\" alt=\"White CATLINK fountain standing on a surface with water reflection, against a blue background\" border=\"0\" src=\"https:\/\/assets.innpro.pl\/19820\/26416\/1.jpg\"\/>\n<\/p>\n<h3>Filtration for your pet&#x27;s health<\/h3>\n<p>Catlink Pure 2 UV uses an advanced filter that ensures 99.99% water purity. The solution used allows you to remove hair and micro-contaminants. Unpleasant odors are also effectively eliminated. The filtration accuracy of 0.01 microns ensures that the water is free of impurities and softened, which is particularly important for the health of the urinary tract of animals, and also essential for pregnant and lactating cats. Regular use of the device reduces the risk of urinary stones.<\/p>\n<p>\n<img decoding=\"async\" alt=\"Gray cat drinking water from a white fountain with a transparent cover\" border=\"0\" src=\"https:\/\/assets.innpro.pl\/19820\/26416\/4.jpg\"\/>\n<\/p>\n<h3>Monitoring your pet&#x27;s habits<\/h3>\n<p>The water dispenser collects data on drinking frequency, amount of water consumed, and duration of drinking sessions. All information is available in the Catlink app, which generates health reports, making it easy to monitor your pet&#x27;s health. If any abnormal behavior is detected, you will receive a notification. This allows you to respond to any worrying symptoms in good time. The app also informs you when the water level is low and when the filter needs to be replaced (every 3 months), allowing you to keep the device in good working order.<\/p>\n<p>\n<img decoding=\"async\" alt=\"Collage of photos showing cats and people using the pet fountain in various interiors\" border=\"0\" src=\"https:\/\/assets.innpro.pl\/19820\/26416\/5.jpg\"\/>\n<\/p>\n<h3>Comfort and peace of mind every day<\/h3>\n<p>The Catlink Pure 2 UV fountain has a capacity of 2.6 liters. This provides access to clean water for up to two weeks. This makes it the perfect solution for people who spend a lot of time away from home and want to make sure their pet is always properly hydrated.<\/p>\n<p>\n<img decoding=\"async\" alt=\"White pet fountain on a carpet next to a light-colored sofa\" border=\"0\" src=\"https:\/\/assets.innpro.pl\/19820\/26416\/3.jpg\"\/>\n<\/p>\n<h3>Several operating modes<\/h3>\n<p>Choose from 4 operating modes \u2013 Flowing, Eco, Smart, and Night. Each mode has been designed with different pet needs and preferences in mind, allowing you to tailor the fountain&#x27;s operation to your pet&#x27;s habits.<\/p>\n<p>\n<img decoding=\"async\" alt=\"Gray cat standing next to a white CATLINK fountain, looking at the camera\" border=\"0\" src=\"https:\/\/assets.innpro.pl\/19820\/26416\/2.jpg\"\/>\n<\/p>\n<h3>Well-thought-out solutions<\/h3>\n<p>The noise generated by the waterer does not exceed 30 dB. So you don&#x27;t have to worry that the Catlink Pure 2 UV will scare your pet or disturb the peace of your household. In addition, the individual components can be dismantled quickly and easily, so you can easily keep the device clean and ensure the highest standard of hygiene for your furry friend.<\/p>\n<p>\n<img decoding=\"async\" alt=\"White CATLINK fountain next to a smartphone with an app showing the water level\" border=\"0\" src=\"https:\/\/assets.innpro.pl\/19820\/26416\/6.jpg\"\/>\n<\/p>\n<h3>Wireless improved water pump<\/h3>\n<p>The Catlink device is equipped with a wireless improved water pump, which eliminates the risk of electrical leaks, thus increasing the safety of your pet. The sterilization function ensures even greater hygiene and protection during each use.<\/p>\n<p>\n<img decoding=\"async\" alt=\"White CATLINK fountain on a blue background, side view\" border=\"0\" src=\"https:\/\/assets.innpro.pl\/19820\/26416\/7.jpg\"\/>\n<\/p>\n<h3>Iek\u013cauts<\/h3>\n<ul class=\"list-disc pl-5\">\n<li>Catlink Pure 2 smart water dispenser<\/li>\n<li>Filtr\u0113t<\/li>\n<li>Baro\u0161anas avots<\/li>\n<li>Power cable<\/li>\n<li>Lietot\u0101ja rokasgr\u0101mata<\/li>\n<\/ul>\n<div class=\"table-wrapper\">\n<p>\u00a0<\/p>\n<h3><\/h3>\n<table>\n<tbody>\n<tr>\n<th>Ra\u017eot\u0101js<\/th>\n<td>Catlink<\/td>\n<\/tr>\n<tr>\n<th>Modelis<\/th>\n<td>Pure 2 UV<\/td>\n<\/tr>\n<tr>\n<th>Manufacturer code<\/th>\n<td>CL-W-02<\/td>\n<\/tr>\n<tr>\n<th>Kapacit\u0101te<\/th>\n<td>2.6 l<\/td>\n<\/tr>\n<tr>\n<th>Trok\u0161\u0146a l\u012bmenis<\/th>\n<td>30 dB<\/td>\n<\/tr>\n<tr>\n<th>Baro\u0161anas avots<\/th>\n<td>mains power supply<\/td>\n<\/tr>\n<tr>\n<th>Materi\u0101ls<\/th>\n<td>resin<\/td>\n<\/tr>\n<tr>\n<th>Izm\u0113ri<\/th>\n<td>19 x 19 x 24.2 cm<\/td>\n<\/tr>\n<tr>\n<th>Svars<\/th>\n<td>1.49 kg<\/td>\n<\/tr>\n<tr>\n<th>Kr\u0101sa<\/th>\n<td>Pel\u0113ks<\/td>\n<\/tr>\n<\/tbody>\n<\/table>\n<\/div>","protected":false},"excerpt":{"rendered":"<p>CATLINK AI Water Fountain \u2013 Pure 2 UV The Catlink Pure 2 UV smart pet water fountain uses an effective ultrafiltration system to provide water free of contaminants and harmful substances, while ensuring the health of your pets. The device allows you to monitor your pet&#x27;s drinking habits and respond to any abnormalities in real [&#8230;]\n","protected":false},"featured_media":86598,"comment_status":"open","ping_status":"closed","template":"","meta":[],"location":[19557,19558],"product_brand":[],"product_cat":[12454],"product_tag":[],"class_list":{"0":"post-83975","1":"product","2":"type-product","3":"status-publish","4":"has-post-thumbnail","6":"location-innpro_stock_location","7":"location-local_stock_location","8":"product_cat-water-dispensers","10":"first","11":"instock","12":"sale","13":"taxable","14":"shipping-taxable","15":"purchasable","16":"product-type-simple"},"aioseo_notices":[],"locations":[{"id":19557,"name":"Pieg\u0101d\u0101ja noliktav\u0101 (5-7dd.d)","slug":"innpro_stock_location","quantity":"30"},{"id":19558,"name":"R\u012bgas veikals (0-2dd.d)","slug":"local_stock_location","quantity":"0"}],"_links":{"self":[{"href":"https:\/\/elektrons.lv\/lv\/wp-json\/wp\/v2\/product\/83975","targetHints":{"allow":["GET"]}}],"collection":[{"href":"https:\/\/elektrons.lv\/lv\/wp-json\/wp\/v2\/product"}],"about":[{"href":"https:\/\/elektrons.lv\/lv\/wp-json\/wp\/v2\/types\/product"}],"replies":[{"embeddable":true,"href":"https:\/\/elektrons.lv\/lv\/wp-json\/wp\/v2\/comments?post=83975"}],"wp:featuredmedia":[{"embeddable":true,"href":"https:\/\/elektrons.lv\/lv\/wp-json\/wp\/v2\/media\/86598"}],"wp:attachment":[{"href":"https:\/\/elektrons.lv\/lv\/wp-json\/wp\/v2\/media?parent=83975"}],"wp:term":[{"taxonomy":"location","embeddable":true,"href":"https:\/\/elektrons.lv\/lv\/wp-json\/wp\/v2\/location?post=83975"},{"taxonomy":"product_brand","embeddable":true,"href":"https:\/\/elektrons.lv\/lv\/wp-json\/wp\/v2\/product_brand?post=83975"},{"taxonomy":"product_cat","embeddable":true,"href":"https:\/\/elektrons.lv\/lv\/wp-json\/wp\/v2\/product_cat?post=83975"},{"taxonomy":"product_tag","embeddable":true,"href":"https:\/\/elektrons.lv\/lv\/wp-json\/wp\/v2\/product_tag?post=83975"}],"curies":[{"name":"wp","href":"https:\/\/api.w.org\/{rel}","templated":true}]}}