{"id":84015,"date":"2026-05-14T09:46:40","date_gmt":"2026-05-14T09:46:40","guid":{"rendered":"https:\/\/elektrons.lv\/Prece\/double-mount-for-waydoo-subnado-plus\/"},"modified":"2026-05-15T15:07:47","modified_gmt":"2026-05-15T13:07:47","slug":"double-mount-for-waydoo-subnado-plus","status":"publish","type":"product","link":"https:\/\/elektrons.lv\/lv\/Prece\/double-mount-for-waydoo-subnado-plus\/","title":{"rendered":"Divk\u0101r\u0161s stiprin\u0101jums Waydoo Subnado Plus"},"content":{"rendered":"<h3>Divk\u0101r\u0161s stiprin\u0101jums Waydoo Subnado Plus<\/h3>\n<p>Subnado Plus is a mount that allows you to connect two Subnado units into one stable set. This configuration increases thrust, improves stability, and control while swimming. The solution is designed for users who need more power, for example, for towing, longer swims, or working in conditions of greater resistance.<\/p>\n<p>\n<img decoding=\"async\" alt=\"double handle for Waydoo Subnado Plus on a gray background\" border=\"0\" src=\"https:\/\/assets.innpro.pl\/19927\/26540\/1.jpg\"\/>\n<\/p>\n<h3>Double the power and better control<\/h3>\n<p>The mount allows two Subnado devices to be attached in parallel, creating a balanced twin-engine setup. This provides greater propulsion and more stable handling in the water. This solution is ideal for more demanding applications. The ergonomic design ensures a comfortable grip and keeps both units in the correct position. This solution translates into intuitive control and better directional control during use.<\/p>\n<p>\n<img decoding=\"async\" alt=\"two double handles for Waydoo Subnado Plus on a gray background\" border=\"0\" src=\"https:\/\/assets.innpro.pl\/19927\/26540\/2.jpg\"\/>\n<\/p>\n<div class=\"table-wrapper\">\n<p>\u00a0<\/p>\n<h3><\/h3>\n<table>\n<tbody>\n<tr>\n<th>Ra\u017eot\u0101js<\/th>\n<td>Waydoo<\/td>\n<\/tr>\n<tr>\n<th>Modelis<\/th>\n<td>Subnado Plus<\/td>\n<\/tr>\n<\/tbody>\n<\/table>\n<\/div>","protected":false},"excerpt":{"rendered":"<p>Double mount for Waydoo Subnado Plus Subnado Plus is a mount that allows you to connect two Subnado units into one stable set. This configuration increases thrust, improves stability, and control while swimming. The solution is designed for users who need more power, for example, for towing, longer swims, or working in conditions of greater [&#8230;]\n","protected":false},"featured_media":86417,"comment_status":"open","ping_status":"closed","template":"","meta":[],"location":[19557,19558],"product_brand":[],"product_cat":[14238],"product_tag":[],"class_list":{"0":"post-84015","1":"product","2":"type-product","3":"status-publish","4":"has-post-thumbnail","6":"location-innpro_stock_location","7":"location-local_stock_location","8":"product_cat-underwater-scooters","10":"first","11":"instock","12":"sale","13":"taxable","14":"shipping-taxable","15":"purchasable","16":"product-type-simple"},"aioseo_notices":[],"locations":[{"id":19557,"name":"Pieg\u0101d\u0101ja noliktav\u0101 (5-7dd.d)","slug":"innpro_stock_location","quantity":"46"},{"id":19558,"name":"R\u012bgas veikals (0-2dd.d)","slug":"local_stock_location","quantity":"0"}],"_links":{"self":[{"href":"https:\/\/elektrons.lv\/lv\/wp-json\/wp\/v2\/product\/84015","targetHints":{"allow":["GET"]}}],"collection":[{"href":"https:\/\/elektrons.lv\/lv\/wp-json\/wp\/v2\/product"}],"about":[{"href":"https:\/\/elektrons.lv\/lv\/wp-json\/wp\/v2\/types\/product"}],"replies":[{"embeddable":true,"href":"https:\/\/elektrons.lv\/lv\/wp-json\/wp\/v2\/comments?post=84015"}],"wp:featuredmedia":[{"embeddable":true,"href":"https:\/\/elektrons.lv\/lv\/wp-json\/wp\/v2\/media\/86417"}],"wp:attachment":[{"href":"https:\/\/elektrons.lv\/lv\/wp-json\/wp\/v2\/media?parent=84015"}],"wp:term":[{"taxonomy":"location","embeddable":true,"href":"https:\/\/elektrons.lv\/lv\/wp-json\/wp\/v2\/location?post=84015"},{"taxonomy":"product_brand","embeddable":true,"href":"https:\/\/elektrons.lv\/lv\/wp-json\/wp\/v2\/product_brand?post=84015"},{"taxonomy":"product_cat","embeddable":true,"href":"https:\/\/elektrons.lv\/lv\/wp-json\/wp\/v2\/product_cat?post=84015"},{"taxonomy":"product_tag","embeddable":true,"href":"https:\/\/elektrons.lv\/lv\/wp-json\/wp\/v2\/product_tag?post=84015"}],"curies":[{"name":"wp","href":"https:\/\/api.w.org\/{rel}","templated":true}]}}