{"id":84033,"date":"2026-05-14T09:46:42","date_gmt":"2026-05-14T09:46:42","guid":{"rendered":"https:\/\/elektrons.lv\/Prece\/geekom-it13-mini-pc-intel-core-i5-13600h-16gb-1tb-win-11-pro\/"},"modified":"2026-05-15T16:15:00","modified_gmt":"2026-05-15T14:15:00","slug":"geekom-it13-mini-pc-intel-core-i5-13600h-16gb-1tb-win-11-pro","status":"publish","type":"product","link":"https:\/\/elektrons.lv\/lv\/Prece\/geekom-it13-mini-pc-intel-core-i5-13600h-16gb-1tb-win-11-pro\/","title":{"rendered":"GEEKOM IT13 Mini PC Intel\u00ae Core i5-13600H 16GB 1TB + Win 11 Pro"},"content":{"rendered":"<h3>GEEKOM IT13 Mini PC Intel\u00ae Core i5-13600H 16GB 1TB + Win 11 Pro<\/h3>\n<p>The GEEKOM IT13 with an Intel\u00ae Core i5-13600H processor is ideal for those looking for a powerful yet compact computer for work and entertainment. The device runs smoothly even under heavy load, and the IceBlast cooling system ensures quiet and efficient operation in a variety of conditions. With a wide range of ports, including USB4, HDMI, and 2.5G Ethernet, the computer is ready to connect all the devices and accessories you need. Both the fast 2.5Gbps Ethernet port and WiFi 6E guarantee stable internet access \u2014 without delays, even when streaming 4K video or working remotely in the cloud. Plus, the Mini PC comes with Windows 11 Pro pre-installed, so you can use it right out of the box.<\/p>\n<p>\n<img decoding=\"async\" alt=\"Geekom Mini PC on a black rock\" border=\"0\" src=\"https:\/\/assets.innpro.pl\/19823\/26419\/2.jpg\"\/>\n<\/p>\n<h3>Power you can count on<\/h3>\n<p>At the heart of this model is a 10-core Intel\u00ae Core i5-13600H processor, which combines 6 performance cores and 4 energy-efficient cores. Combined with 16 GB of DDR4 RAM and a fast 1TB PCIe Gen4 SSD, the mini PC runs smoothly even under heavy load.<\/p>\n<p>\n<img decoding=\"async\" alt=\"Internal components of the MINI PC with visible Intel processor\" border=\"0\" src=\"https:\/\/assets.innpro.pl\/19823\/26419\/5.jpg\"\/>\n<\/p>\n<h3>Integrated Intel Iris Xe graphics<\/h3>\n<p>The built-in Intel Iris Xe graphics chip allows for comfortable multimedia work, including movie playback at resolutions up to 8K. The hardware also handles simpler games and graphics programs well, and when connected to multiple monitors, even more advanced video editing. Two HDMI ports and two USB4 ports allow for convenient expansion of your workstation.<\/p>\n<p>\n<img decoding=\"async\" alt=\"Geekom MINI PC on a black background with blue backlighting\" border=\"0\" src=\"https:\/\/assets.innpro.pl\/19823\/26419\/17.jpg\"\/>\n<\/p>\n<h3>Functional and compact<\/h3>\n<p>The device&#x27;s casing is made of aluminum, which increases its durability and gives it an aesthetic appearance. Its small dimensions mean that the IT13 will fit even on a very limited desk space. Despite its compact size, it offers a wide range of connectors: four USB-A ports, two USB4 ports, two HDMI ports, an SD card reader, 2.5Gbps Ethernet, and a 3.5 mm headphone jack.<\/p>\n<p>\n<img decoding=\"async\" alt=\"Plug-in cables from the ports of the MINI PC, which is lying on a dark desk\" border=\"0\" src=\"https:\/\/assets.innpro.pl\/19823\/26419\/10.jpg\"\/>\n<\/p>\n<h3>Cooling that makes a difference<\/h3>\n<p>The IceBlast cooling system effectively dissipates heat, ensuring quiet and stable operation of the device around the clock. This allows the computer to cope with a variety of conditions \u2014 even at temperatures ranging from -20\u00b0C to 55\u00b0C.<\/p>\n<p>\n<img decoding=\"async\" alt=\"Close-up of the MINI PC cooling system\" border=\"0\" src=\"https:\/\/assets.innpro.pl\/19823\/26419\/8.jpg\"\/>\n<\/p>\n<div class=\"table-wrapper\">\n<p>\u00a0<\/p>\n<h3><\/h3>\n<table>\n<tbody>\n<tr>\n<th>Ra\u017eot\u0101js<\/th>\n<td>Geekom<\/td>\n<\/tr>\n<tr>\n<th>Modelis<\/th>\n<td>IT13<\/td>\n<\/tr>\n<tr>\n<th>Procesors<\/th>\n<td>Intel\u00ae Core\u2122 i5-13600H<\/td>\n<\/tr>\n<tr>\n<th>Cores\/threads<\/th>\n<td>10 cores (6 Performance + 4 Efficiency) \/ 16 threads<\/td>\n<\/tr>\n<tr>\n<th>Cache<\/th>\n<td>24 MB L3 cache (Intel\u00ae Smart Cache)<\/td>\n<\/tr>\n<tr>\n<th>Integrated graphics<\/th>\n<td>Intel\u00ae Iris Xe Graphics (iGPU)<\/td>\n<\/tr>\n<tr>\n<th>RAM<\/th>\n<td>16 GB DDR4<\/td>\n<\/tr>\n<tr>\n<th>RAM clock speed<\/th>\n<td>3200 MHz<\/td>\n<\/tr>\n<tr>\n<th>RAM mode<\/th>\n<td>dual channel<\/td>\n<\/tr>\n<tr>\n<th>Drive<\/th>\n<td>1TB SSD<\/td>\n<\/tr>\n<tr>\n<th>Drive format<\/th>\n<td>PCIe Gen4<\/td>\n<\/tr>\n<tr>\n<th>Ports un savienot\u0101ji<\/th>\n<td>2 \u00d7 USB4<br \/>4 \u00d7 USB-A<br \/>2 \u00d7 HDMI<br \/>1 \u00d7 SD card reader<br \/>1 \u00d7 RJ-45 (2.5Gbps Ethernet)<br \/>1 \u00d7 3.5 mm headphone jack<\/td>\n<\/tr>\n<tr>\n<th>Savienojam\u012bba<\/th>\n<td>Wi-Fi 6E<br \/>2.5Gbps Ethernet<\/td>\n<\/tr>\n<tr>\n<th>Oper\u0113t\u0101jsist\u0113ma<\/th>\n<td>Windows 11 Pro<\/td>\n<\/tr>\n<tr>\n<th>Case<\/th>\n<td>Aluminum<\/td>\n<\/tr>\n<\/tbody>\n<\/table>\n<\/div>","protected":false},"excerpt":{"rendered":"<p>GEEKOM IT13 Mini PC Intel\u00ae Core i5-13600H 16GB 1TB + Win 11 Pro The GEEKOM IT13 with an Intel\u00ae Core i5-13600H processor is ideal for those looking for a powerful yet compact computer for work and entertainment. The device runs smoothly even under heavy load, and the IceBlast cooling system ensures quiet and efficient operation [&#8230;]\n","protected":false},"featured_media":86372,"comment_status":"open","ping_status":"closed","template":"","meta":[],"location":[19557,19558],"product_brand":[],"product_cat":[14576],"product_tag":[],"class_list":{"0":"post-84033","1":"product","2":"type-product","3":"status-publish","4":"has-post-thumbnail","6":"location-innpro_stock_location","7":"location-local_stock_location","8":"product_cat-mini-pc","10":"first","11":"instock","12":"taxable","13":"shipping-taxable","14":"purchasable","15":"product-type-simple"},"aioseo_notices":[],"locations":[{"id":19557,"name":"Pieg\u0101d\u0101ja noliktav\u0101 (5-7dd.d)","slug":"innpro_stock_location","quantity":"80"},{"id":19558,"name":"R\u012bgas veikals (0-2dd.d)","slug":"local_stock_location","quantity":"0"}],"_links":{"self":[{"href":"https:\/\/elektrons.lv\/lv\/wp-json\/wp\/v2\/product\/84033","targetHints":{"allow":["GET"]}}],"collection":[{"href":"https:\/\/elektrons.lv\/lv\/wp-json\/wp\/v2\/product"}],"about":[{"href":"https:\/\/elektrons.lv\/lv\/wp-json\/wp\/v2\/types\/product"}],"replies":[{"embeddable":true,"href":"https:\/\/elektrons.lv\/lv\/wp-json\/wp\/v2\/comments?post=84033"}],"wp:featuredmedia":[{"embeddable":true,"href":"https:\/\/elektrons.lv\/lv\/wp-json\/wp\/v2\/media\/86372"}],"wp:attachment":[{"href":"https:\/\/elektrons.lv\/lv\/wp-json\/wp\/v2\/media?parent=84033"}],"wp:term":[{"taxonomy":"location","embeddable":true,"href":"https:\/\/elektrons.lv\/lv\/wp-json\/wp\/v2\/location?post=84033"},{"taxonomy":"product_brand","embeddable":true,"href":"https:\/\/elektrons.lv\/lv\/wp-json\/wp\/v2\/product_brand?post=84033"},{"taxonomy":"product_cat","embeddable":true,"href":"https:\/\/elektrons.lv\/lv\/wp-json\/wp\/v2\/product_cat?post=84033"},{"taxonomy":"product_tag","embeddable":true,"href":"https:\/\/elektrons.lv\/lv\/wp-json\/wp\/v2\/product_tag?post=84033"}],"curies":[{"name":"wp","href":"https:\/\/api.w.org\/{rel}","templated":true}]}}