{"id":84050,"date":"2026-05-14T09:46:45","date_gmt":"2026-05-14T09:46:45","guid":{"rendered":"https:\/\/elektrons.lv\/Prece\/aurzen-powerplay-stand\/"},"modified":"2026-05-15T07:51:56","modified_gmt":"2026-05-15T07:51:56","slug":"aurzen-powerplay-stand","status":"publish","type":"product","link":"https:\/\/elektrons.lv\/lv\/Prece\/aurzen-powerplay-stand\/","title":{"rendered":"AURZEN Powerplay Stand"},"content":{"rendered":"<h3>AURZEN Powerplay Stand<\/h3>\n<p>The AURZEN PowerPlay stand is a practical solution designed for users of ZIP series projectors, but it also fits other devices thanks to its universal 1\/4&quot; thread. It takes the form of a modular tripod that can be adjusted to one of three heights (23 cm, 33 cm, or 43 cm), and the built-in 10,000 mAh power bank allows you to power and use the projector at the same time.<\/p>\n<p>\n<img decoding=\"async\" alt=\"The couple sits on a blanket and watches a movie projected from the projector\" border=\"0\" src=\"https:\/\/assets.innpro.pl\/19852\/26452\/2.jpg\"\/>\n<\/p>\n<h3>Adjustable height and compact size<\/h3>\n<p>The stand allows you to set one of three heights: 43 cm, 33 cm, or 23 cm. Depending on your needs, you can quickly adjust its position to suit the conditions of use \u2013 whether on a table, on the floor, or outdoors. The whole thing weighs only 470 g and fits in the included case, making it ideal for travel.<\/p>\n<p>\n<img decoding=\"async\" alt=\"Gold stand with 3 different heights on the floor\" border=\"0\" src=\"https:\/\/assets.innpro.pl\/19852\/26452\/6.jpg\"\/>\n<\/p>\n<h3>Wide compatibility with devices<\/h3>\n<p>Thanks to the 1\/4&quot; adapter, AURZEN PowerPlay works with a variety of equipment \u2013 from projectors, cameras, and vlogging lights to phone holders. It&#x27;s a solution that works not only during movie screenings, but also at work or during online meetings.<\/p>\n<p>\n<img decoding=\"async\" alt=\"Gold stand with photos of compatible devices, including a camera and lamp\" border=\"0\" src=\"https:\/\/assets.innpro.pl\/19852\/26452\/1.jpg\"\/>\n<\/p>\n<h3>Magnetic mount and stable base<\/h3>\n<p>The device is equipped with a detachable magnetic mount that allows for quick installation and removal of the projector. The non-slip base ensures stability regardless of the surface. The whole thing is complemented by a subtle backlight that makes it easier to use the device after dark.<\/p>\n<p>\n<img decoding=\"async\" alt=\"Close-up of the stand&#x27;s design elements, including backlighting and non-slip base\" border=\"0\" src=\"https:\/\/assets.innpro.pl\/19852\/26452\/4.jpg\"\/>\n<\/p>\n<h3>Additional power source<\/h3>\n<p>The built-in 10,000 mAh power bank extends the projector&#x27;s operating time by up to 3 hours. It also supports PD fast charging, which requires a minimum 35 W adapter.<\/p>\n<p>\n<img decoding=\"async\" alt=\"A person in a dark jacket is holding a case with a foldable stand inside\" border=\"0\" src=\"https:\/\/assets.innpro.pl\/19852\/26452\/5.jpg\"\/>\n<\/p>\n<h3>Iek\u013cauts<\/h3>\n<ul class=\"list-disc pl-5\">\n<li>Extension tube x5<\/li>\n<li>Connecting base<\/li>\n<li>Power module<\/li>\n<li>Magnetic mount<\/li>\n<li>Dual 1\/4&quot; screw adapter<\/li>\n<li>USB-C uzl\u0101des kabelis<\/li>\n<li>Lietot\u0101ja rokasgr\u0101mata<\/li>\n<li>Carrying case<\/li>\n<\/ul>\n<div class=\"table-wrapper\">\n<p>\u00a0<\/p>\n<h3><\/h3>\n<table>\n<tbody>\n<tr>\n<th>Ra\u017eot\u0101js<\/th>\n<td>Aurzen<\/td>\n<\/tr>\n<tr>\n<th>Modelis<\/th>\n<td>AU-PJ001PP-UNGD0<\/td>\n<\/tr>\n<tr>\n<th>Input port (USB-C2)<\/th>\n<td>5V\u23933A \/ 9V\u23933A \/ 12V\u23932.92A \/ 15V\u23932.33A \/ 20V\u23931.75A (max. 35W)<\/td>\n<\/tr>\n<tr>\n<th>Output port (USB-C1)<\/th>\n<td>5V\u23933A \/ 9V\u23933A \/ 12V\u23932.92A \/ 15V\u23932.33A \/ 20V\u23931.75A (max. 35W)<\/td>\n<\/tr>\n<tr>\n<th>Akumulatora ietilp\u012bba<\/th>\n<td>10000 mAh (36.5 Wh, 3.65V)<\/td>\n<\/tr>\n<tr>\n<th>Rated capacity<\/th>\n<td>6000 mAh (5V\u23933A)<\/td>\n<\/tr>\n<tr>\n<th>Lighting color temperature<\/th>\n<td>3300K<\/td>\n<\/tr>\n<tr>\n<th>Izm\u0113ri<\/th>\n<td>433 \u00d7 258 \u00d7 258 mm<\/td>\n<\/tr>\n<tr>\n<th>Svars<\/th>\n<td>470 g<\/td>\n<\/tr>\n<\/tbody>\n<\/table>\n<\/div>","protected":false},"excerpt":{"rendered":"<p>AURZEN Powerplay Stand The AURZEN PowerPlay stand is a practical solution designed for users of ZIP series projectors, but it also fits other devices thanks to its universal 1\/4&quot; thread. It takes the form of a modular tripod that can be adjusted to one of three heights (23 cm, 33 cm, or 43 cm), and [&#8230;]\n","protected":false},"featured_media":86314,"comment_status":"open","ping_status":"closed","template":"","meta":[],"location":[19557,19558],"product_brand":[],"product_cat":[12637],"product_tag":[],"class_list":{"0":"post-84050","1":"product","2":"type-product","3":"status-publish","4":"has-post-thumbnail","6":"location-innpro_stock_location","7":"location-local_stock_location","8":"product_cat-projectors","10":"first","11":"instock","12":"sale","13":"taxable","14":"shipping-taxable","15":"purchasable","16":"product-type-simple"},"aioseo_notices":[],"locations":[{"id":19557,"name":"Pieg\u0101d\u0101ja noliktav\u0101 (5-7dd.d)","slug":"innpro_stock_location","quantity":"27"},{"id":19558,"name":"R\u012bgas veikals (0-2dd.d)","slug":"local_stock_location","quantity":"0"}],"_links":{"self":[{"href":"https:\/\/elektrons.lv\/lv\/wp-json\/wp\/v2\/product\/84050","targetHints":{"allow":["GET"]}}],"collection":[{"href":"https:\/\/elektrons.lv\/lv\/wp-json\/wp\/v2\/product"}],"about":[{"href":"https:\/\/elektrons.lv\/lv\/wp-json\/wp\/v2\/types\/product"}],"replies":[{"embeddable":true,"href":"https:\/\/elektrons.lv\/lv\/wp-json\/wp\/v2\/comments?post=84050"}],"wp:featuredmedia":[{"embeddable":true,"href":"https:\/\/elektrons.lv\/lv\/wp-json\/wp\/v2\/media\/86314"}],"wp:attachment":[{"href":"https:\/\/elektrons.lv\/lv\/wp-json\/wp\/v2\/media?parent=84050"}],"wp:term":[{"taxonomy":"location","embeddable":true,"href":"https:\/\/elektrons.lv\/lv\/wp-json\/wp\/v2\/location?post=84050"},{"taxonomy":"product_brand","embeddable":true,"href":"https:\/\/elektrons.lv\/lv\/wp-json\/wp\/v2\/product_brand?post=84050"},{"taxonomy":"product_cat","embeddable":true,"href":"https:\/\/elektrons.lv\/lv\/wp-json\/wp\/v2\/product_cat?post=84050"},{"taxonomy":"product_tag","embeddable":true,"href":"https:\/\/elektrons.lv\/lv\/wp-json\/wp\/v2\/product_tag?post=84050"}],"curies":[{"name":"wp","href":"https:\/\/api.w.org\/{rel}","templated":true}]}}