{"id":84103,"date":"2026-05-14T09:46:52","date_gmt":"2026-05-14T09:46:52","guid":{"rendered":"https:\/\/elektrons.lv\/Prece\/clips-for-q8-q7-q2-ms8-ms20-v7-v4-plus-v6-pro-ejeas-intercom-headset\/"},"modified":"2026-05-15T07:51:59","modified_gmt":"2026-05-15T07:51:59","slug":"clips-for-q8-q7-q2-ms8-ms20-v7-v4-plus-v6-pro-ejeas-intercom-headset","status":"publish","type":"product","link":"https:\/\/elektrons.lv\/lv\/Prece\/clips-for-q8-q7-q2-ms8-ms20-v7-v4-plus-v6-pro-ejeas-intercom-headset\/","title":{"rendered":"Clips for Q8\/Q7\/Q2\/MS8\/MS20\/V7\/V4 Plus\/V6 Pro+ EJEAS intercom headset"},"content":{"rendered":"<h3>Clips for Q8\/Q7\/Q2\/MS8\/MS20\/V7\/V4 Plus\/V6 Pro+ EJEAS intercom headsets<\/h3>\n<p>Mounting clips designed for EJEAS intercom headsets from the Q8, Q7, Q2, MS8, MS20, V7, V4 Plus, and V6 Pro+ series allow for stable and convenient mounting of the module in a motorcycle helmet. This practical accessory allows you to quickly prepare the intercom for riding without having to interfere with the helmet&#x27;s design, while maintaining a secure hold even during dynamic riding.<\/p>\n<p>\n<img decoding=\"async\" alt=\"Two clips for the intercom headset on a gray background\" border=\"0\" src=\"https:\/\/assets.innpro.pl\/20010\/26641\/1.jpg\"\/>\n<\/p>\n<h3>Two mounting methods included<\/h3>\n<p>The set includes two clips &#8211; one with an adhesive layer and one with a snap fastener. This allows you to choose the mounting method that suits your helmet type and preferences. Adhesive mounting is ideal for areas with limited space, while the snap-on clip allows you to quickly attach and remove the set without leaving marks on the surface. This set increases versatility and makes it easier to fit different helmet designs.<\/p>\n<p>\n<img decoding=\"async\" alt=\"Close-up of the intercom clip mounted on a black helmet\" border=\"0\" src=\"https:\/\/assets.innpro.pl\/20010\/26641\/2.jpg\"\/>\n<\/p>\n<h3>Durable construction for everyday riding<\/h3>\n<p>The clips are made of high-quality materials using advanced production technology, which translates into resistance to vibration, pressure, and changing weather conditions. The solid construction ensures the stability of the intercom attachment to the helmet, while remaining comfortable to use \u2013 both during installation and during everyday use on a motorcycle.<\/p>\n<p>\n<img decoding=\"async\" alt=\"Black motorcycle helmet with red elements, on which the clip is mounted\" border=\"0\" src=\"https:\/\/assets.innpro.pl\/20010\/26641\/3.jpg\"\/>\n<\/p>\n<h3>Iek\u013cauts<\/h3>\n<ul class=\"list-disc pl-5\">\n<li>clip with adhesive layer<\/li>\n<li>snap clip<\/li>\n<li>lietot\u0101ja rokasgr\u0101mata<\/li>\n<\/ul>\n<div class=\"table-wrapper\">\n<p>\u00a0<\/p>\n<h3><\/h3>\n<table>\n<tbody>\n<tr>\n<th>Ra\u017eot\u0101js<\/th>\n<td>EJEAS<\/td>\n<\/tr>\n<tr>\n<th>Modelis<\/th>\n<td>Clips-15840<\/td>\n<\/tr>\n<tr>\n<th>Sader\u012bba<\/th>\n<td>Q8\/Q7\/Q2\/MS8\/MS20\/V7\/V4 Plus\/V6 Pro+<\/td>\n<\/tr>\n<tr>\n<th>Kr\u0101sa<\/th>\n<td>Melns<\/td>\n<\/tr>\n<\/tbody>\n<\/table>\n<\/div>","protected":false},"excerpt":{"rendered":"<p>Clips for Q8\/Q7\/Q2\/MS8\/MS20\/V7\/V4 Plus\/V6 Pro+ EJEAS intercom headsets Mounting clips designed for EJEAS intercom headsets from the Q8, Q7, Q2, MS8, MS20, V7, V4 Plus, and V6 Pro+ series allow for stable and convenient mounting of the module in a motorcycle helmet. This practical accessory allows you to quickly prepare the intercom for riding without [&#8230;]\n","protected":false},"featured_media":86177,"comment_status":"open","ping_status":"closed","template":"","meta":[],"location":[19557,19558],"product_brand":[],"product_cat":[14410],"product_tag":[],"class_list":{"0":"post-84103","1":"product","2":"type-product","3":"status-publish","4":"has-post-thumbnail","6":"location-innpro_stock_location","7":"location-local_stock_location","8":"product_cat-intercoms","10":"first","11":"instock","12":"sale","13":"taxable","14":"shipping-taxable","15":"purchasable","16":"product-type-simple"},"aioseo_notices":[],"locations":[{"id":19557,"name":"Pieg\u0101d\u0101ja noliktav\u0101 (5-7dd.d)","slug":"innpro_stock_location","quantity":"5"},{"id":19558,"name":"R\u012bgas veikals (0-2dd.d)","slug":"local_stock_location","quantity":"0"}],"_links":{"self":[{"href":"https:\/\/elektrons.lv\/lv\/wp-json\/wp\/v2\/product\/84103","targetHints":{"allow":["GET"]}}],"collection":[{"href":"https:\/\/elektrons.lv\/lv\/wp-json\/wp\/v2\/product"}],"about":[{"href":"https:\/\/elektrons.lv\/lv\/wp-json\/wp\/v2\/types\/product"}],"replies":[{"embeddable":true,"href":"https:\/\/elektrons.lv\/lv\/wp-json\/wp\/v2\/comments?post=84103"}],"wp:featuredmedia":[{"embeddable":true,"href":"https:\/\/elektrons.lv\/lv\/wp-json\/wp\/v2\/media\/86177"}],"wp:attachment":[{"href":"https:\/\/elektrons.lv\/lv\/wp-json\/wp\/v2\/media?parent=84103"}],"wp:term":[{"taxonomy":"location","embeddable":true,"href":"https:\/\/elektrons.lv\/lv\/wp-json\/wp\/v2\/location?post=84103"},{"taxonomy":"product_brand","embeddable":true,"href":"https:\/\/elektrons.lv\/lv\/wp-json\/wp\/v2\/product_brand?post=84103"},{"taxonomy":"product_cat","embeddable":true,"href":"https:\/\/elektrons.lv\/lv\/wp-json\/wp\/v2\/product_cat?post=84103"},{"taxonomy":"product_tag","embeddable":true,"href":"https:\/\/elektrons.lv\/lv\/wp-json\/wp\/v2\/product_tag?post=84103"}],"curies":[{"name":"wp","href":"https:\/\/api.w.org\/{rel}","templated":true}]}}