{"id":84117,"date":"2026-05-14T09:46:54","date_gmt":"2026-05-14T09:46:54","guid":{"rendered":"https:\/\/elektrons.lv\/Prece\/qcy-h2s-lite-headphones-black\/"},"modified":"2026-05-15T14:58:41","modified_gmt":"2026-05-15T12:58:41","slug":"qcy-h2s-lite-headphones-black","status":"publish","type":"product","link":"https:\/\/elektrons.lv\/lv\/Prece\/qcy-h2s-lite-headphones-black\/","title":{"rendered":"QCY H2S Lite Austi\u0146as (Melnas)"},"content":{"rendered":"<h3>QCY H2S Lite Austi\u0146as (Melnas)<\/h3>\n<p>The QCY H2S Lite are wireless over-ear headphones that combine powerful sound with exceptional comfort and long battery life. Equipped with 40 mm dynamic drivers, they deliver detailed sound, while the 500 mAh battery allows for up to 60 hours of playback. The excellent audio quality is confirmed by Hi-Res Audio and Hi-Res Audio Wireless certifications. Thanks to Bluetooth 6.0 and a range of up to 10 m, you can count on a stable connection without delays, and the lightweight design weighing 213 g makes the headphones ideal for everyday use.<\/p>\n<p>\n<img decoding=\"async\" alt=\"Wireless over-ear headphones in black, floating above a rippling, golden surface\" border=\"0\" src=\"https:\/\/assets.innpro.pl\/20582\/27387\/1.jpg\"\/>\n<\/p>\n<h3>Sound that makes a difference<\/h3>\n<p>The 40-millimeter dynamic drivers deliver refined sound with a balanced character. The headphones offer clear highs and well-controlled bass, ensuring that every note sounds natural and detailed. This solution allows you to enjoy music, movies, and games with greater immersion and better detail reproduction.<\/p>\n<p>\n<img decoding=\"async\" alt=\"Side view of the headphones with the housing partially removed, revealing the speaker and structural components\" border=\"0\" src=\"https:\/\/assets.innpro.pl\/20582\/27387\/3.jpg\"\/>\n<\/p>\n<h3>Clear calls in any environment<\/h3>\n<p>The built-in microphone with ENC technology effectively captures your voice and reduces ambient noise, resulting in better call quality. This allows you to talk on the phone freely even in noisier environments, without worrying about interference.<\/p>\n<p>\n<img decoding=\"async\" alt=\"A smiling girl with orange hair takes a selfie while wearing black over-ear headphones\" border=\"0\" src=\"https:\/\/assets.innpro.pl\/20582\/27387\/7.jpg\"\/>\n<\/p>\n<h3>Up to 60 hours of listening<\/h3>\n<p>Thanks to the high-capacity 500 mAh battery, you can use the headphones for a very long time. Up to 60 hours of battery life means the freedom to listen for days on end\u2014whether at home, at work, or while traveling. Charging is done via a USB-C port.<\/p>\n<p>\n<img decoding=\"async\" alt=\"A man in a blue-and-orange sweater sits in an armchair holding a smartphone in his hands while wearing headphones\" border=\"0\" src=\"https:\/\/assets.innpro.pl\/20582\/27387\/5.jpg\"\/>\n<\/p>\n<h3>All-day comfort<\/h3>\n<p>Soft ear cushions with a pleasant-to-the-touch surface and a headband that evenly distributes pressure ensure comfort even during hours of use. The adjustable design adapts to the shape of your head, minimizing pressure, while the foldable design makes storage and transport easy. This allows you to take the headphones with you wherever you go.<\/p>\n<p>\n<img decoding=\"async\" alt=\"A hand gripping a black earcup against a light background\" border=\"0\" src=\"https:\/\/assets.innpro.pl\/20582\/27387\/6.jpg\"\/>\n<\/p>\n<h3>Stable Bluetooth 6.0 connection<\/h3>\n<p>The modern Bluetooth 6.0 standard ensures fast pairing and a stable connection with a range of up to 10 meters. So you can freely watch movies or play games\u2014without any signal quality issues. Additionally, you can pair the headphones with two devices simultaneously and quickly switch between them with the press of a button. Conveniently answer a call, then go back to watching a movie on your laptop!<\/p>\n<p>\n<img decoding=\"async\" alt=\"A man in a blue-and-orange sweater sits in an armchair playing a game on his smartphone while wearing black headphones\" border=\"0\" src=\"https:\/\/assets.innpro.pl\/20582\/27387\/4.jpg\"\/>\n<\/p>\n<h3>Intuitive controls and the QCY app<\/h3>\n<p>The headphones feature convenient buttons that allow you to switch tracks, use the voice assistant, and answer calls, among other functions. Additionally, the QCY app lets you adjust EQ settings and manage headphone functions according to your preferences, giving you greater control over their performance.<\/p>\n<p>\n<img decoding=\"async\" alt=\"Four smartphones with various mobile app tabs for headphone control visible on their screens\" border=\"0\" src=\"https:\/\/assets.innpro.pl\/20582\/27387\/10.jpg\"\/>\n<\/p>\n<h3>Iek\u013cauts<\/h3>\n<ul class=\"list-disc pl-5\">\n<li>Austi\u0146as<\/li>\n<li>USB-A l\u012bdz USB-C uzl\u0101des kabelis<\/li>\n<li>Lietot\u0101ja rokasgr\u0101mata<\/li>\n<\/ul>\n<div class=\"table-wrapper\">\n<p>\u00a0<\/p>\n<h3><\/h3>\n<table>\n<tbody>\n<tr>\n<th>Ra\u017eot\u0101js<\/th>\n<td>QCY<\/td>\n<\/tr>\n<tr>\n<th>Modelis<\/th>\n<td>H2S Lite<\/td>\n<\/tr>\n<tr>\n<th>Kr\u0101sa<\/th>\n<td>Melns<\/td>\n<\/tr>\n<tr>\n<th>Tips<\/th>\n<td>P\u0101ri aus\u012bm<\/td>\n<\/tr>\n<tr>\n<th>Audio codec<\/th>\n<td>SBC<\/td>\n<\/tr>\n<tr>\n<th>Sader\u012bba<\/th>\n<td>iOS \/ Android<\/td>\n<\/tr>\n<tr>\n<th>Bluetooth version<\/th>\n<td>6.0<\/td>\n<\/tr>\n<tr>\n<th>Bluetooth range<\/th>\n<td>Up to 10 m<\/td>\n<\/tr>\n<tr>\n<th>Supported Bluetooth profiles<\/th>\n<td>HFP \/ A2DP \/ AVRCP<\/td>\n<\/tr>\n<tr>\n<th>Pairing name<\/th>\n<td>QCY H2S Lite<\/td>\n<\/tr>\n<tr>\n<th>Akumulatora ietilp\u012bba<\/th>\n<td>500 mAh<\/td>\n<\/tr>\n<tr>\n<th>Akumulatora darb\u012bbas laiks<\/th>\n<td>Up to 60 h<\/td>\n<\/tr>\n<tr>\n<th>Uzl\u0101des ports<\/th>\n<td>USB-C<\/td>\n<\/tr>\n<tr>\n<th>Svars<\/th>\n<td>213 g<\/td>\n<\/tr>\n<tr>\n<th>Izm\u0113ri<\/th>\n<td>195 \u00d7 172 \u00d7 82 mm<\/td>\n<\/tr>\n<\/tbody>\n<\/table>\n<\/div>","protected":false},"excerpt":{"rendered":"<p>QCY H2S Lite Headphones (Black) The QCY H2S Lite are wireless over-ear headphones that combine powerful sound with exceptional comfort and long battery life. Equipped with 40 mm dynamic drivers, they deliver detailed sound, while the 500 mAh battery allows for up to 60 hours of playback. The excellent audio quality is confirmed by Hi-Res [&#8230;]\n","protected":false},"featured_media":86145,"comment_status":"open","ping_status":"closed","template":"","meta":[],"location":[19557,19558],"product_brand":[],"product_cat":[16077],"product_tag":[],"class_list":{"0":"post-84117","1":"product","2":"type-product","3":"status-publish","4":"has-post-thumbnail","6":"location-innpro_stock_location","7":"location-local_stock_location","8":"product_cat-kategoria-tymczasowa","10":"first","11":"instock","12":"sale","13":"taxable","14":"shipping-taxable","15":"purchasable","16":"product-type-simple"},"aioseo_notices":[],"locations":[{"id":19557,"name":"Pieg\u0101d\u0101ja noliktav\u0101 (5-7dd.d)","slug":"innpro_stock_location","quantity":"82"},{"id":19558,"name":"R\u012bgas veikals (0-2dd.d)","slug":"local_stock_location","quantity":"0"}],"_links":{"self":[{"href":"https:\/\/elektrons.lv\/lv\/wp-json\/wp\/v2\/product\/84117","targetHints":{"allow":["GET"]}}],"collection":[{"href":"https:\/\/elektrons.lv\/lv\/wp-json\/wp\/v2\/product"}],"about":[{"href":"https:\/\/elektrons.lv\/lv\/wp-json\/wp\/v2\/types\/product"}],"replies":[{"embeddable":true,"href":"https:\/\/elektrons.lv\/lv\/wp-json\/wp\/v2\/comments?post=84117"}],"wp:featuredmedia":[{"embeddable":true,"href":"https:\/\/elektrons.lv\/lv\/wp-json\/wp\/v2\/media\/86145"}],"wp:attachment":[{"href":"https:\/\/elektrons.lv\/lv\/wp-json\/wp\/v2\/media?parent=84117"}],"wp:term":[{"taxonomy":"location","embeddable":true,"href":"https:\/\/elektrons.lv\/lv\/wp-json\/wp\/v2\/location?post=84117"},{"taxonomy":"product_brand","embeddable":true,"href":"https:\/\/elektrons.lv\/lv\/wp-json\/wp\/v2\/product_brand?post=84117"},{"taxonomy":"product_cat","embeddable":true,"href":"https:\/\/elektrons.lv\/lv\/wp-json\/wp\/v2\/product_cat?post=84117"},{"taxonomy":"product_tag","embeddable":true,"href":"https:\/\/elektrons.lv\/lv\/wp-json\/wp\/v2\/product_tag?post=84117"}],"curies":[{"name":"wp","href":"https:\/\/api.w.org\/{rel}","templated":true}]}}