{"id":84181,"date":"2026-05-14T09:47:03","date_gmt":"2026-05-14T09:47:03","guid":{"rendered":"https:\/\/elektrons.lv\/Prece\/knitted-outfit-for-loona-premium-sunflower\/"},"modified":"2026-05-15T07:52:03","modified_gmt":"2026-05-15T07:52:03","slug":"knitted-outfit-for-loona-premium-sunflower","status":"publish","type":"product","link":"https:\/\/elektrons.lv\/lv\/Prece\/knitted-outfit-for-loona-premium-sunflower\/","title":{"rendered":"Trikot\u0101\u017eas t\u0113rps Loona Premium Sunflower"},"content":{"rendered":"<h3>Knitted Costume for Loona Premium Sunflower<\/h3>\n<p>This knitted costume for the Loona Premium robot is an easy way to give your device a more playful and unique look. Made from soft, pleasant-to-the-touch fabric, it is designed to fit the robot\u2019s structure well without hindering its movements or sensor operation. The lightweight, hand-knitted design makes the costume easy to put on and take off, allowing you to quickly change the robot\u2019s look. The decorative sunflower motif gives the robot a cheerful, summery character and makes Loona stand out during daily play and interactions with family members.<\/p>\n<p>\n<img decoding=\"async\" alt=\"Loona Interactive Robot in a knitted sunflower costume on a yellow picnic mat surrounded by sunflowers\" border=\"0\" src=\"https:\/\/assets.innpro.pl\/20237\/26939\/1.jpg\"\/>\n<\/p>\n<div class=\"table-wrapper\">\n<p>\u00a0<\/p>\n<h3><\/h3>\n<table>\n<tbody>\n<tr>\n<th>Ra\u017eot\u0101js<\/th>\n<td>Loona<\/td>\n<\/tr>\n<tr>\n<th>Product Code<\/th>\n<td>99904CK00016<\/td>\n<\/tr>\n<tr>\n<th>Intended Use<\/th>\n<td>Loona Premium Interactive Robot<\/td>\n<\/tr>\n<tr>\n<th>Pattern<\/th>\n<td>Sunflower<\/td>\n<\/tr>\n<\/tbody>\n<\/table>\n<\/div>","protected":false},"excerpt":{"rendered":"<p>Knitted Costume for Loona Premium Sunflower This knitted costume for the Loona Premium robot is an easy way to give your device a more playful and unique look. Made from soft, pleasant-to-the-touch fabric, it is designed to fit the robot\u2019s structure well without hindering its movements or sensor operation. The lightweight, hand-knitted design makes the [&#8230;]\n","protected":false},"featured_media":85899,"comment_status":"open","ping_status":"closed","template":"","meta":[],"location":[19557,19558],"product_brand":[],"product_cat":[14233],"product_tag":[],"class_list":{"0":"post-84181","1":"product","2":"type-product","3":"status-publish","4":"has-post-thumbnail","6":"location-innpro_stock_location","7":"location-local_stock_location","8":"product_cat-educational-and-interactive","10":"first","11":"instock","12":"sale","13":"taxable","14":"shipping-taxable","15":"purchasable","16":"product-type-simple"},"aioseo_notices":[],"locations":[{"id":19557,"name":"Pieg\u0101d\u0101ja noliktav\u0101 (5-7dd.d)","slug":"innpro_stock_location","quantity":"15"},{"id":19558,"name":"R\u012bgas veikals (0-2dd.d)","slug":"local_stock_location","quantity":"0"}],"_links":{"self":[{"href":"https:\/\/elektrons.lv\/lv\/wp-json\/wp\/v2\/product\/84181","targetHints":{"allow":["GET"]}}],"collection":[{"href":"https:\/\/elektrons.lv\/lv\/wp-json\/wp\/v2\/product"}],"about":[{"href":"https:\/\/elektrons.lv\/lv\/wp-json\/wp\/v2\/types\/product"}],"replies":[{"embeddable":true,"href":"https:\/\/elektrons.lv\/lv\/wp-json\/wp\/v2\/comments?post=84181"}],"wp:featuredmedia":[{"embeddable":true,"href":"https:\/\/elektrons.lv\/lv\/wp-json\/wp\/v2\/media\/85899"}],"wp:attachment":[{"href":"https:\/\/elektrons.lv\/lv\/wp-json\/wp\/v2\/media?parent=84181"}],"wp:term":[{"taxonomy":"location","embeddable":true,"href":"https:\/\/elektrons.lv\/lv\/wp-json\/wp\/v2\/location?post=84181"},{"taxonomy":"product_brand","embeddable":true,"href":"https:\/\/elektrons.lv\/lv\/wp-json\/wp\/v2\/product_brand?post=84181"},{"taxonomy":"product_cat","embeddable":true,"href":"https:\/\/elektrons.lv\/lv\/wp-json\/wp\/v2\/product_cat?post=84181"},{"taxonomy":"product_tag","embeddable":true,"href":"https:\/\/elektrons.lv\/lv\/wp-json\/wp\/v2\/product_tag?post=84181"}],"curies":[{"name":"wp","href":"https:\/\/api.w.org\/{rel}","templated":true}]}}