{"id":84182,"date":"2026-05-14T09:47:03","date_gmt":"2026-05-14T09:47:03","guid":{"rendered":"https:\/\/elektrons.lv\/Prece\/knitted-costume-for-loona-premium-pineapple\/"},"modified":"2026-05-15T07:52:03","modified_gmt":"2026-05-15T07:52:03","slug":"knitted-costume-for-loona-premium-pineapple","status":"publish","type":"product","link":"https:\/\/elektrons.lv\/lv\/Prece\/knitted-costume-for-loona-premium-pineapple\/","title":{"rendered":"Ad\u012bts kost\u012bms Loona Premium Anan\u0101sam"},"content":{"rendered":"<h3>Knitted Costume for Loona Premium Pineapple<\/h3>\n<p>The knitted costume for the Loona Premium robot is an easy way to give your device a more playful and unique look. Made from soft, pleasant-to-the-touch fabric, it is designed to fit the robot\u2019s structure well without hindering its movements or sensor operation. The lightweight, hand-knitted design makes the costume easy to put on and take off, allowing you to quickly change the robot\u2019s appearance. The distinctive pineapple pattern with decorative green leaves makes Loona look even more endearing and stand out during daily interactions and play.<\/p>\n<p>\n<img decoding=\"async\" alt=\"Loona interactive robot in a pineapple costume on a picnic mat surrounded by flowers and fruit, with water in the background\" border=\"0\" src=\"https:\/\/assets.innpro.pl\/20238\/26940\/2.jpg\"\/>\n<\/p>\n<div class=\"table-wrapper\">\n<p>\u00a0<\/p>\n<h3><\/h3>\n<table>\n<tbody>\n<tr>\n<th>Ra\u017eot\u0101js<\/th>\n<td>Loona<\/td>\n<\/tr>\n<tr>\n<th>Preces kods<\/th>\n<td>99904CK00017<\/td>\n<\/tr>\n<tr>\n<th>Intended use<\/th>\n<td>Loona Premium interactive robot<\/td>\n<\/tr>\n<tr>\n<th>Pattern<\/th>\n<td>pineapple<\/td>\n<\/tr>\n<\/tbody>\n<\/table>\n<\/div>","protected":false},"excerpt":{"rendered":"<p>Knitted Costume for Loona Premium Pineapple The knitted costume for the Loona Premium robot is an easy way to give your device a more playful and unique look. Made from soft, pleasant-to-the-touch fabric, it is designed to fit the robot\u2019s structure well without hindering its movements or sensor operation. The lightweight, hand-knitted design makes the [&#8230;]\n","protected":false},"featured_media":85903,"comment_status":"open","ping_status":"closed","template":"","meta":[],"location":[19557,19558],"product_brand":[],"product_cat":[14233],"product_tag":[],"class_list":{"0":"post-84182","1":"product","2":"type-product","3":"status-publish","4":"has-post-thumbnail","6":"location-innpro_stock_location","7":"location-local_stock_location","8":"product_cat-educational-and-interactive","10":"first","11":"instock","12":"sale","13":"taxable","14":"shipping-taxable","15":"purchasable","16":"product-type-simple"},"aioseo_notices":[],"locations":[{"id":19557,"name":"Pieg\u0101d\u0101ja noliktav\u0101 (5-7dd.d)","slug":"innpro_stock_location","quantity":"15"},{"id":19558,"name":"R\u012bgas veikals (0-2dd.d)","slug":"local_stock_location","quantity":"0"}],"_links":{"self":[{"href":"https:\/\/elektrons.lv\/lv\/wp-json\/wp\/v2\/product\/84182","targetHints":{"allow":["GET"]}}],"collection":[{"href":"https:\/\/elektrons.lv\/lv\/wp-json\/wp\/v2\/product"}],"about":[{"href":"https:\/\/elektrons.lv\/lv\/wp-json\/wp\/v2\/types\/product"}],"replies":[{"embeddable":true,"href":"https:\/\/elektrons.lv\/lv\/wp-json\/wp\/v2\/comments?post=84182"}],"wp:featuredmedia":[{"embeddable":true,"href":"https:\/\/elektrons.lv\/lv\/wp-json\/wp\/v2\/media\/85903"}],"wp:attachment":[{"href":"https:\/\/elektrons.lv\/lv\/wp-json\/wp\/v2\/media?parent=84182"}],"wp:term":[{"taxonomy":"location","embeddable":true,"href":"https:\/\/elektrons.lv\/lv\/wp-json\/wp\/v2\/location?post=84182"},{"taxonomy":"product_brand","embeddable":true,"href":"https:\/\/elektrons.lv\/lv\/wp-json\/wp\/v2\/product_brand?post=84182"},{"taxonomy":"product_cat","embeddable":true,"href":"https:\/\/elektrons.lv\/lv\/wp-json\/wp\/v2\/product_cat?post=84182"},{"taxonomy":"product_tag","embeddable":true,"href":"https:\/\/elektrons.lv\/lv\/wp-json\/wp\/v2\/product_tag?post=84182"}],"curies":[{"name":"wp","href":"https:\/\/api.w.org\/{rel}","templated":true}]}}