{"id":84183,"date":"2026-05-14T09:47:03","date_gmt":"2026-05-14T09:47:03","guid":{"rendered":"https:\/\/elektrons.lv\/Prece\/knitted-costume-for-the-loona-premium-duck\/"},"modified":"2026-05-15T07:52:03","modified_gmt":"2026-05-15T07:52:03","slug":"knitted-costume-for-the-loona-premium-duck","status":"publish","type":"product","link":"https:\/\/elektrons.lv\/lv\/Prece\/knitted-costume-for-the-loona-premium-duck\/","title":{"rendered":"Trikot\u0101\u017eas kost\u012bms Loona Premium p\u012blei"},"content":{"rendered":"<h3>Knitted Costume for the Loona Premium Duck<\/h3>\n<p>This knitted costume for the Loona Premium robot is an easy way to give your device a light, vacation-inspired look. Made from soft, pleasant-to-the-touch fabric, it is designed to fit the robot\u2019s structure snugly without hindering its movements or sensor operation. The lightweight, hand-knitted design makes the costume easy to put on and take off, allowing you to quickly change the robot\u2019s look. The decorative element featuring a duck, an umbrella, and summery accents makes Loona look even more unique and attracts attention during daily play and interactions with family members.<\/p>\n<p>\n<img decoding=\"async\" alt=\"The Loona interactive robot in a duck-patterned costume is sitting on a white and yellow deck chair, with a yellow duckling on the left\" border=\"0\" src=\"https:\/\/assets.innpro.pl\/20239\/26941\/3.jpg\"\/>\n<\/p>\n<div class=\"table-wrapper\">\n<p>\u00a0<\/p>\n<h3><\/h3>\n<table>\n<tbody>\n<tr>\n<th>Ra\u017eot\u0101js<\/th>\n<td>Loona<\/td>\n<\/tr>\n<tr>\n<th>Preces kods<\/th>\n<td>99904CK00018<\/td>\n<\/tr>\n<tr>\n<th>Intended use<\/th>\n<td>Loona Premium interactive robot<\/td>\n<\/tr>\n<tr>\n<th>Design<\/th>\n<td>duck<\/td>\n<\/tr>\n<\/tbody>\n<\/table>\n<\/div>","protected":false},"excerpt":{"rendered":"<p>Knitted Costume for the Loona Premium Duck This knitted costume for the Loona Premium robot is an easy way to give your device a light, vacation-inspired look. Made from soft, pleasant-to-the-touch fabric, it is designed to fit the robot\u2019s structure snugly without hindering its movements or sensor operation. The lightweight, hand-knitted design makes the costume [&#8230;]\n","protected":false},"featured_media":85906,"comment_status":"open","ping_status":"closed","template":"","meta":[],"location":[19557,19558],"product_brand":[],"product_cat":[14233],"product_tag":[],"class_list":{"0":"post-84183","1":"product","2":"type-product","3":"status-publish","4":"has-post-thumbnail","6":"location-innpro_stock_location","7":"location-local_stock_location","8":"product_cat-educational-and-interactive","10":"first","11":"instock","12":"sale","13":"taxable","14":"shipping-taxable","15":"purchasable","16":"product-type-simple"},"aioseo_notices":[],"locations":[{"id":19557,"name":"Pieg\u0101d\u0101ja noliktav\u0101 (5-7dd.d)","slug":"innpro_stock_location","quantity":"15"},{"id":19558,"name":"R\u012bgas veikals (0-2dd.d)","slug":"local_stock_location","quantity":"0"}],"_links":{"self":[{"href":"https:\/\/elektrons.lv\/lv\/wp-json\/wp\/v2\/product\/84183","targetHints":{"allow":["GET"]}}],"collection":[{"href":"https:\/\/elektrons.lv\/lv\/wp-json\/wp\/v2\/product"}],"about":[{"href":"https:\/\/elektrons.lv\/lv\/wp-json\/wp\/v2\/types\/product"}],"replies":[{"embeddable":true,"href":"https:\/\/elektrons.lv\/lv\/wp-json\/wp\/v2\/comments?post=84183"}],"wp:featuredmedia":[{"embeddable":true,"href":"https:\/\/elektrons.lv\/lv\/wp-json\/wp\/v2\/media\/85906"}],"wp:attachment":[{"href":"https:\/\/elektrons.lv\/lv\/wp-json\/wp\/v2\/media?parent=84183"}],"wp:term":[{"taxonomy":"location","embeddable":true,"href":"https:\/\/elektrons.lv\/lv\/wp-json\/wp\/v2\/location?post=84183"},{"taxonomy":"product_brand","embeddable":true,"href":"https:\/\/elektrons.lv\/lv\/wp-json\/wp\/v2\/product_brand?post=84183"},{"taxonomy":"product_cat","embeddable":true,"href":"https:\/\/elektrons.lv\/lv\/wp-json\/wp\/v2\/product_cat?post=84183"},{"taxonomy":"product_tag","embeddable":true,"href":"https:\/\/elektrons.lv\/lv\/wp-json\/wp\/v2\/product_tag?post=84183"}],"curies":[{"name":"wp","href":"https:\/\/api.w.org\/{rel}","templated":true}]}}