{"id":84244,"date":"2026-05-14T09:47:12","date_gmt":"2026-05-14T09:47:12","guid":{"rendered":"https:\/\/elektrons.lv\/Prece\/hypershell-aeroflex-nylon-accessory-kit\/"},"modified":"2026-05-15T07:52:06","modified_gmt":"2026-05-15T07:52:06","slug":"hypershell-aeroflex-nylon-accessory-kit","status":"publish","type":"product","link":"https:\/\/elektrons.lv\/lv\/Prece\/hypershell-aeroflex-nylon-accessory-kit\/","title":{"rendered":"Hypershell AeroFlex neilona piederumu komplekts"},"content":{"rendered":"<h3>Hypershell AeroFlex neilona piederumu komplekts<\/h3>\n<p>The Hypershell AeroFlex Nylon Accessory Kit is a practical addition to the Hypershell X exoskeleton system, designed for maximum comfort and fit during use. It includes a hip belt, two leg straps, and mounting tools that allow for quick and hassle-free preparation of the equipment for work. The use of ultra-lightweight diamond-weave nylon ensures high durability while maintaining a low weight, which translates to comfort even during prolonged use in the field. The design has been developed to naturally follow the body\u2019s movements, without restricting freedom of movement and ensuring the exoskeleton remains securely in the correct position regardless of the intensity of the activity.<\/p>\n<p>\n<img decoding=\"async\" alt=\"A woman in athletic attire runs dynamically across an asphalt court, wearing a mechanical exoskeleton on her hips and thighs to assist her movement\" border=\"0\" src=\"https:\/\/assets.innpro.pl\/20523\/27323\/5.jpg\"\/>\n<\/p>\n<h3>Iek\u013cauts:<\/h3>\n<ul class=\"list-disc pl-5\">\n<li>Hip belt<\/li>\n<li>Leg straps x2<\/li>\n<li>Mounting accessories<\/li>\n<\/ul>\n<div class=\"table-wrapper\">\n<p>\u00a0<\/p>\n<h3><\/h3>\n<table>\n<tbody>\n<tr>\n<th>Ra\u017eot\u0101js<\/th>\n<td>Hypershell<\/td>\n<\/tr>\n<tr>\n<th>Modelis<\/th>\n<td>HSNYL<\/td>\n<\/tr>\n<tr>\n<th>Materi\u0101ls<\/th>\n<td>Nylon<\/td>\n<\/tr>\n<tr>\n<th>Sader\u012bba<\/th>\n<td>Hypershell X Series<\/td>\n<\/tr>\n<\/tbody>\n<\/table>\n<\/div>","protected":false},"excerpt":{"rendered":"<p>Hypershell AeroFlex Nylon Accessory Kit The Hypershell AeroFlex Nylon Accessory Kit is a practical addition to the Hypershell X exoskeleton system, designed for maximum comfort and fit during use. It includes a hip belt, two leg straps, and mounting tools that allow for quick and hassle-free preparation of the equipment for work. The use of [&#8230;]\n","protected":false},"featured_media":85678,"comment_status":"open","ping_status":"closed","template":"","meta":[],"location":[19557,19558],"product_brand":[],"product_cat":[15196],"product_tag":[],"class_list":{"0":"post-84244","1":"product","2":"type-product","3":"status-publish","4":"has-post-thumbnail","6":"location-innpro_stock_location","7":"location-local_stock_location","8":"product_cat-fitness-equipment","10":"first","11":"instock","12":"sale","13":"taxable","14":"shipping-taxable","15":"purchasable","16":"product-type-simple"},"aioseo_notices":[],"locations":[{"id":19557,"name":"Pieg\u0101d\u0101ja noliktav\u0101 (5-7dd.d)","slug":"innpro_stock_location","quantity":"9"},{"id":19558,"name":"R\u012bgas veikals (0-2dd.d)","slug":"local_stock_location","quantity":"0"}],"_links":{"self":[{"href":"https:\/\/elektrons.lv\/lv\/wp-json\/wp\/v2\/product\/84244","targetHints":{"allow":["GET"]}}],"collection":[{"href":"https:\/\/elektrons.lv\/lv\/wp-json\/wp\/v2\/product"}],"about":[{"href":"https:\/\/elektrons.lv\/lv\/wp-json\/wp\/v2\/types\/product"}],"replies":[{"embeddable":true,"href":"https:\/\/elektrons.lv\/lv\/wp-json\/wp\/v2\/comments?post=84244"}],"wp:featuredmedia":[{"embeddable":true,"href":"https:\/\/elektrons.lv\/lv\/wp-json\/wp\/v2\/media\/85678"}],"wp:attachment":[{"href":"https:\/\/elektrons.lv\/lv\/wp-json\/wp\/v2\/media?parent=84244"}],"wp:term":[{"taxonomy":"location","embeddable":true,"href":"https:\/\/elektrons.lv\/lv\/wp-json\/wp\/v2\/location?post=84244"},{"taxonomy":"product_brand","embeddable":true,"href":"https:\/\/elektrons.lv\/lv\/wp-json\/wp\/v2\/product_brand?post=84244"},{"taxonomy":"product_cat","embeddable":true,"href":"https:\/\/elektrons.lv\/lv\/wp-json\/wp\/v2\/product_cat?post=84244"},{"taxonomy":"product_tag","embeddable":true,"href":"https:\/\/elektrons.lv\/lv\/wp-json\/wp\/v2\/product_tag?post=84244"}],"curies":[{"name":"wp","href":"https:\/\/api.w.org\/{rel}","templated":true}]}}