{"id":84268,"date":"2026-05-14T09:47:14","date_gmt":"2026-05-14T09:47:14","guid":{"rendered":"https:\/\/elektrons.lv\/Prece\/colmi-a2-ai-sunglasses-3-pairs-of-interchangeable-lenses\/"},"modified":"2026-05-15T07:52:07","modified_gmt":"2026-05-15T07:52:07","slug":"colmi-a2-ai-sunglasses-3-pairs-of-interchangeable-lenses","status":"publish","type":"product","link":"https:\/\/elektrons.lv\/lv\/Prece\/colmi-a2-ai-sunglasses-3-pairs-of-interchangeable-lenses\/","title":{"rendered":"Colmi A2 AI Sunglasses (3 pairs of interchangeable lenses)"},"content":{"rendered":"<h3>Colmi A2 AI Smart Glasses (3 pairs of interchangeable lenses)<\/h3>\n<p>The Colmi A2 are smart glasses featuring a built-in 8 MP camera, 1200p\/30FPS recording, and AI capabilities that include real-time translation, object recognition, and a voice assistant. With Bluetooth 6.0 and Wi-Fi connectivity, they ensure fast data transfer, and the 300 mAh battery provides up to 10 hours of use. Additionally, the lightweight design, dual speakers, and noise-canceling microphones make the device ideal for both everyday use and active pursuits. The set also includes 3 pairs of interchangeable lenses.<\/p>\n<p>\n<img decoding=\"async\" alt=\"A man in a dark turtleneck and smart glasses with purple lenses looks to the side\" border=\"0\" src=\"https:\/\/assets.innpro.pl\/20380\/27136\/1.jpg\"\/>\n<\/p>\n<h3>AI that understands and helps in every situation<\/h3>\n<p>The glasses offer AI features that enable real-time translation in 26 languages, as well as the ability to ask questions and get answers on the go. Listen to a summary of the daily news, check the weather forecast, discover highly-rated restaurants in the area, or find out what\u2019s worth seeing when traveling to a new place. The possibilities are almost endless! The object recognition feature lets you identify elements in your surroundings, and the smart voice assistant (HeyCyan) enables hands-free control. Additionally, the AI analyzes conversations and suggests context-aware responses, making communication easier in various situations, such as at work.<\/p>\n<p>\n<img decoding=\"async\" alt=\"A man in a suit and smart glasses talks to a group of people in an office\" border=\"0\" src=\"https:\/\/assets.innpro.pl\/20380\/27136\/4.jpg\"\/>\n<\/p>\n<h3>8 MP camera and stable video recording<\/h3>\n<p>The built-in 8 MP camera (Sony IMX219) allows you to take 32 MP photos (3264 \u00d7 2448) and record video in 1200p\/30FPS quality. The f\/2.4 aperture allows for capturing clear images in various lighting conditions, while EIS technology stabilizes recordings, reducing shake during movement. Additionally, you can quickly take a photo using a button or a voice command.<\/p>\n<p>\n<img decoding=\"async\" alt=\"A collage of four first-person perspective photos: a dog, a person riding a bike, a child, and someone spreading butter on bread\" border=\"0\" src=\"https:\/\/assets.innpro.pl\/20380\/27136\/11.jpg\"\/>\n<\/p>\n<h3>Fast Connectivity \u2013 Wi-Fi and Bluetooth 6.0<\/h3>\n<p>The glasses support Bluetooth 6.0 and Wi-Fi, enabling fast, wireless transfer of photos, videos, and audio recordings to your phone. Low latency and high transmission speeds allow for convenient management of content without the need for cables.<\/p>\n<p>\n<img decoding=\"async\" alt=\"A processor graphic with &quot;Bluetooth 6.0&quot; and &quot;Wi-Fi&quot; text on a background of glowing signal paths\" border=\"0\" src=\"https:\/\/assets.innpro.pl\/20380\/27136\/10.jpg\"\/>\n<\/p>\n<h3>Music and calls without headphones<\/h3>\n<p>Built-in dual directional speakers (left and right) let you comfortably listen to music and make calls. These features ensure great sound quality and privacy\u2014you don\u2019t have to worry about anyone hearing your music or the information you\u2019re sharing. Additionally, the dual noise-canceling microphone improves voice call quality, resulting in clearer communication even in challenging conditions.<\/p>\n<p>\n<img decoding=\"async\" alt=\"A woman in a green shirt with a visualization of sound waves spreading around her smart glasses\" border=\"0\" src=\"https:\/\/assets.innpro.pl\/20380\/27136\/5.jpg\"\/>\n<\/p>\n<h3>Powerful battery \u2013 up to 10 hours of use<\/h3>\n<p>The 300 mAh battery provides up to 10 hours of use while playing music or making calls. Charging is done via the USB-C port and takes about 1.5 hours \u2013 you won\u2019t have to wait too long. You can also use the device while it\u2019s plugged in.<\/p>\n<p>\n<img decoding=\"async\" alt=\"Profile of a man in a dark turtleneck and smart glasses with purple lenses, looking up\" border=\"0\" src=\"https:\/\/assets.innpro.pl\/20380\/27136\/2.jpg\"\/>\n<\/p>\n<h3>Intuit\u012bva darb\u012bba<\/h3>\n<p>The model features physical buttons and a touch panel on the temple. This allows you to conveniently control music, adjust the volume, answer calls, take photos, and manage recording. And if your hands are full, use the voice assistant!<\/p>\n<p>\n<img decoding=\"async\" alt=\"A woman in a black top adjusts her smart glasses with purple lenses while looking up\" border=\"0\" src=\"https:\/\/assets.innpro.pl\/20380\/27136\/3.jpg\"\/>\n<\/p>\n<h3>Thoughtful design and comfort<\/h3>\n<p>The glasses are made of lightweight and durable TR material, ensuring comfort even when worn all day long. Flexible temples reduce pressure on the head, and soft nose pads adapt to different nose shapes. The metal hinges are resistant to repeated folding (up to 20,000 cycles), which increases the durability of the frame.<\/p>\n<p>\n<img decoding=\"async\" alt=\"A woman in a light-colored sweater and smart glasses reads a book in a library\" border=\"0\" src=\"https:\/\/assets.innpro.pl\/20380\/27136\/6.jpg\"\/>\n<\/p>\n<div class=\"table-wrapper\">\n<p>\u00a0<\/p>\n<h3><\/h3>\n<table>\n<tbody>\n<tr>\n<th>Ra\u017eot\u0101js<\/th>\n<td>Colmi<\/td>\n<\/tr>\n<tr>\n<th>Modelis<\/th>\n<td>A2<\/td>\n<\/tr>\n<tr>\n<th>Lenses<\/th>\n<td>3 pairs of interchangeable lenses included (purple, dark, light)<\/td>\n<\/tr>\n<tr>\n<th>Bluetooth Chip<\/th>\n<td>JL7018F<\/td>\n<\/tr>\n<tr>\n<th>Video chip<\/th>\n<td>Allwinner V821<\/td>\n<\/tr>\n<tr>\n<th>Memory<\/th>\n<td>4 GB RAM + 16 GB ROM<\/td>\n<\/tr>\n<tr>\n<th>Camera<\/th>\n<td>Sony IMX219 8 MP<\/td>\n<\/tr>\n<tr>\n<th>Photos<\/th>\n<td>32 MP (3264 \u00d7 2448)<\/td>\n<\/tr>\n<tr>\n<th>Video<\/th>\n<td>1200p, 30 FPS<\/td>\n<\/tr>\n<tr>\n<th>Ska\u013cru\u0146i<\/th>\n<td>Dual (left and right)<\/td>\n<\/tr>\n<tr>\n<th>Mikrofons<\/th>\n<td>Dual with noise cancellation<\/td>\n<\/tr>\n<tr>\n<th>Charging method<\/th>\n<td>USB-C<\/td>\n<\/tr>\n<tr>\n<th>Akumulatora ietilp\u012bba<\/th>\n<td>300 mAh<\/td>\n<\/tr>\n<tr>\n<th>Uzl\u0101des laiks<\/th>\n<td>Approx. 1.5 hours<\/td>\n<\/tr>\n<tr>\n<th>Darb\u012bbas laiks<\/th>\n<td>Approx. 10 hours (audio playback or calls)<\/td>\n<\/tr>\n<tr>\n<th>Bluetooth<\/th>\n<td>6.0<\/td>\n<\/tr>\n<tr>\n<th>Wi-Fi<\/th>\n<td>Atbalst\u012bts<\/td>\n<\/tr>\n<tr>\n<th>Balss vad\u012bba<\/th>\n<td>HeyCyan<\/td>\n<\/tr>\n<tr>\n<th>Buttons<\/th>\n<td>3 physical buttons<\/td>\n<\/tr>\n<tr>\n<th>Touch controls<\/th>\n<td>Touch panel (on the right temple)<\/td>\n<\/tr>\n<tr>\n<th>Sader\u012bba<\/th>\n<td>Android 6.0 or later \/ iOS 13.0 or later<\/td>\n<\/tr>\n<tr>\n<th>Frame length<\/th>\n<td>155 mm<\/td>\n<\/tr>\n<tr>\n<th>Frame height<\/th>\n<td>49 mm<\/td>\n<\/tr>\n<tr>\n<th>Temple length<\/th>\n<td>146 mm<\/td>\n<\/tr>\n<\/tbody>\n<\/table>\n<\/div>","protected":false},"excerpt":{"rendered":"<p>Colmi A2 AI Smart Glasses (3 pairs of interchangeable lenses) The Colmi A2 are smart glasses featuring a built-in 8 MP camera, 1200p\/30FPS recording, and AI capabilities that include real-time translation, object recognition, and a voice assistant. With Bluetooth 6.0 and Wi-Fi connectivity, they ensure fast data transfer, and the 300 mAh battery provides up [&#8230;]\n","protected":false},"featured_media":85615,"comment_status":"open","ping_status":"closed","template":"","meta":[],"location":[19557,19558],"product_brand":[],"product_cat":[15998],"product_tag":[],"class_list":{"0":"post-84268","1":"product","2":"type-product","3":"status-publish","4":"has-post-thumbnail","6":"location-innpro_stock_location","7":"location-local_stock_location","8":"product_cat-ar-glasses","10":"first","11":"instock","12":"sale","13":"taxable","14":"shipping-taxable","15":"purchasable","16":"product-type-simple"},"aioseo_notices":[],"locations":[{"id":19557,"name":"Pieg\u0101d\u0101ja noliktav\u0101 (5-7dd.d)","slug":"innpro_stock_location","quantity":"73"},{"id":19558,"name":"R\u012bgas veikals (0-2dd.d)","slug":"local_stock_location","quantity":"0"}],"_links":{"self":[{"href":"https:\/\/elektrons.lv\/lv\/wp-json\/wp\/v2\/product\/84268","targetHints":{"allow":["GET"]}}],"collection":[{"href":"https:\/\/elektrons.lv\/lv\/wp-json\/wp\/v2\/product"}],"about":[{"href":"https:\/\/elektrons.lv\/lv\/wp-json\/wp\/v2\/types\/product"}],"replies":[{"embeddable":true,"href":"https:\/\/elektrons.lv\/lv\/wp-json\/wp\/v2\/comments?post=84268"}],"wp:featuredmedia":[{"embeddable":true,"href":"https:\/\/elektrons.lv\/lv\/wp-json\/wp\/v2\/media\/85615"}],"wp:attachment":[{"href":"https:\/\/elektrons.lv\/lv\/wp-json\/wp\/v2\/media?parent=84268"}],"wp:term":[{"taxonomy":"location","embeddable":true,"href":"https:\/\/elektrons.lv\/lv\/wp-json\/wp\/v2\/location?post=84268"},{"taxonomy":"product_brand","embeddable":true,"href":"https:\/\/elektrons.lv\/lv\/wp-json\/wp\/v2\/product_brand?post=84268"},{"taxonomy":"product_cat","embeddable":true,"href":"https:\/\/elektrons.lv\/lv\/wp-json\/wp\/v2\/product_cat?post=84268"},{"taxonomy":"product_tag","embeddable":true,"href":"https:\/\/elektrons.lv\/lv\/wp-json\/wp\/v2\/product_tag?post=84268"}],"curies":[{"name":"wp","href":"https:\/\/api.w.org\/{rel}","templated":true}]}}