{"id":84352,"date":"2026-05-14T09:47:25","date_gmt":"2026-05-14T09:47:25","guid":{"rendered":"https:\/\/elektrons.lv\/Prece\/xtool-safetypro-ap2-max-v1-0-ultra-dense-carbon-filter-ultra-dense-carbon-module\/"},"modified":"2026-05-15T07:52:10","modified_gmt":"2026-05-15T07:52:10","slug":"xtool-safetypro-ap2-max-v1-0-ultra-dense-carbon-filter-ultra-dense-carbon-module","status":"publish","type":"product","link":"https:\/\/elektrons.lv\/lv\/Prece\/xtool-safetypro-ap2-max-v1-0-ultra-dense-carbon-filter-ultra-dense-carbon-module\/","title":{"rendered":"xTool SafetyPro\u2122 AP2 Max V1.0 \u2013 Ultra-dense carbon filter (Ultra Dense Carbon Module)"},"content":{"rendered":"<h3>xTool SafetyPro\u2122 AP2 Max V1.0 \u2013 Ultra-Dense Carbon Filter (Ultra Dense Carbon Module)<\/h3>\n<p>The ultra-dense carbon filter designed for the xTool SafetyPro\u2122 AP2 Max air purifier is an advanced component of the filtration system, responsible for effectively absorbing unpleasant odors and volatile compounds. The use of a densified structure increases air purification efficiency, which translates to greater comfort, especially in enclosed spaces. It is a very important component that helps maintain a cleaner and more pleasant work environment.<\/p>\n<p>\n<img decoding=\"async\" alt=\"Ultra-dense carbon filter for the xTool air purifier on a gray background\" border=\"0\" src=\"https:\/\/assets.innpro.pl\/20649\/27460\/1.jpg\"\/>\n<\/p>\n<div class=\"table-wrapper\">\n<p>\u00a0<\/p>\n<h3><\/h3>\n<table>\n<tbody>\n<tr>\n<th>Ra\u017eot\u0101js<\/th>\n<td>xTool<\/td>\n<\/tr>\n<tr>\n<th>Modelis<\/th>\n<td>P0104001154<\/td>\n<\/tr>\n<tr>\n<th>Filter Type<\/th>\n<td>Ultra-dense carbon filter (Ultra Dense Carbon Module)<\/td>\n<\/tr>\n<tr>\n<th>Sader\u012bba<\/th>\n<td>xTool SafetyPro\u2122 AP2 Max V1.0<\/td>\n<\/tr>\n<\/tbody>\n<\/table>\n<\/div>","protected":false},"excerpt":{"rendered":"<p>xTool SafetyPro\u2122 AP2 Max V1.0 \u2013 Ultra-Dense Carbon Filter (Ultra Dense Carbon Module) The ultra-dense carbon filter designed for the xTool SafetyPro\u2122 AP2 Max air purifier is an advanced component of the filtration system, responsible for effectively absorbing unpleasant odors and volatile compounds. The use of a densified structure increases air purification efficiency, which translates [&#8230;]\n","protected":false},"featured_media":85337,"comment_status":"open","ping_status":"closed","template":"","meta":[],"location":[19557,19558],"product_brand":[],"product_cat":[16966],"product_tag":[],"class_list":{"0":"post-84352","1":"product","2":"type-product","3":"status-publish","4":"has-post-thumbnail","6":"location-innpro_stock_location","7":"location-local_stock_location","8":"product_cat-air-purifiers","10":"first","11":"instock","12":"sale","13":"taxable","14":"shipping-taxable","15":"purchasable","16":"product-type-simple"},"aioseo_notices":[],"locations":[{"id":19557,"name":"Pieg\u0101d\u0101ja noliktav\u0101 (5-7dd.d)","slug":"innpro_stock_location","quantity":"2"},{"id":19558,"name":"R\u012bgas veikals (0-2dd.d)","slug":"local_stock_location","quantity":"0"}],"_links":{"self":[{"href":"https:\/\/elektrons.lv\/lv\/wp-json\/wp\/v2\/product\/84352","targetHints":{"allow":["GET"]}}],"collection":[{"href":"https:\/\/elektrons.lv\/lv\/wp-json\/wp\/v2\/product"}],"about":[{"href":"https:\/\/elektrons.lv\/lv\/wp-json\/wp\/v2\/types\/product"}],"replies":[{"embeddable":true,"href":"https:\/\/elektrons.lv\/lv\/wp-json\/wp\/v2\/comments?post=84352"}],"wp:featuredmedia":[{"embeddable":true,"href":"https:\/\/elektrons.lv\/lv\/wp-json\/wp\/v2\/media\/85337"}],"wp:attachment":[{"href":"https:\/\/elektrons.lv\/lv\/wp-json\/wp\/v2\/media?parent=84352"}],"wp:term":[{"taxonomy":"location","embeddable":true,"href":"https:\/\/elektrons.lv\/lv\/wp-json\/wp\/v2\/location?post=84352"},{"taxonomy":"product_brand","embeddable":true,"href":"https:\/\/elektrons.lv\/lv\/wp-json\/wp\/v2\/product_brand?post=84352"},{"taxonomy":"product_cat","embeddable":true,"href":"https:\/\/elektrons.lv\/lv\/wp-json\/wp\/v2\/product_cat?post=84352"},{"taxonomy":"product_tag","embeddable":true,"href":"https:\/\/elektrons.lv\/lv\/wp-json\/wp\/v2\/product_tag?post=84352"}],"curies":[{"name":"wp","href":"https:\/\/api.w.org\/{rel}","templated":true}]}}