{"id":84353,"date":"2026-05-14T09:47:25","date_gmt":"2026-05-14T09:47:25","guid":{"rendered":"https:\/\/elektrons.lv\/Prece\/xtool-safetypro-ap2-max-v1-0-formaldehyde-removal-filter-km-formaldehyde-removal-filter\/"},"modified":"2026-05-15T07:52:11","modified_gmt":"2026-05-15T07:52:11","slug":"xtool-safetypro-ap2-max-v1-0-formaldehyde-removal-filter-km-formaldehyde-removal-filter","status":"publish","type":"product","link":"https:\/\/elektrons.lv\/lv\/Prece\/xtool-safetypro-ap2-max-v1-0-formaldehyde-removal-filter-km-formaldehyde-removal-filter\/","title":{"rendered":"xTool SafetyPro\u2122 AP2 Max V1.0 \u2013 Formaldehyde Removal Filter (KM Formaldehyde Removal Filter)"},"content":{"rendered":"<h3>xTool SafetyPro\u2122 AP2 Max V1.0 \u2013 Formaldehyde Removal Filter (KM Formaldehyde Removal Filter)<\/h3>\n<p>This high-performance filter, designed for the xTool SafetyPro\u2122 AP2 Max air purifier, reduces harmful formaldehyde. As a result, it improves air quality and enhances safety in enclosed spaces. It is a key component of the filtration system that helps maintain more comfortable and healthy working conditions.<\/p>\n<p>\n<img decoding=\"async\" alt=\"Formaldehyde Removal Filter for the xTool air purifier on a gray background\" border=\"0\" src=\"https:\/\/assets.innpro.pl\/20650\/27461\/1.jpg\"\/>\n<\/p>\n<div class=\"table-wrapper\">\n<p>\u00a0<\/p>\n<h3><\/h3>\n<table>\n<tbody>\n<tr>\n<th>Ra\u017eot\u0101js<\/th>\n<td>xTool<\/td>\n<\/tr>\n<tr>\n<th>Modelis<\/th>\n<td>P0101000408<\/td>\n<\/tr>\n<tr>\n<th>Filter Type<\/th>\n<td>Formaldehyde Removal Filter (KM Formaldehyde Removal Filter)<\/td>\n<\/tr>\n<tr>\n<th>Sader\u012bba<\/th>\n<td>xTool SafetyPro\u2122 AP2 Max V1.0<\/td>\n<\/tr>\n<\/tbody>\n<\/table>\n<\/div>","protected":false},"excerpt":{"rendered":"<p>xTool SafetyPro\u2122 AP2 Max V1.0 \u2013 Formaldehyde Removal Filter (KM Formaldehyde Removal Filter) This high-performance filter, designed for the xTool SafetyPro\u2122 AP2 Max air purifier, reduces harmful formaldehyde. As a result, it improves air quality and enhances safety in enclosed spaces. It is a key component of the filtration system that helps maintain more comfortable [&#8230;]\n","protected":false},"featured_media":0,"comment_status":"open","ping_status":"closed","template":"","meta":[],"location":[19557,19558],"product_brand":[],"product_cat":[16966],"product_tag":[],"class_list":{"0":"post-84353","1":"product","2":"type-product","3":"status-publish","5":"location-innpro_stock_location","6":"location-local_stock_location","7":"product_cat-air-purifiers","9":"first","10":"instock","11":"sale","12":"taxable","13":"shipping-taxable","14":"purchasable","15":"product-type-simple"},"aioseo_notices":[],"locations":[{"id":19557,"name":"Pieg\u0101d\u0101ja noliktav\u0101 (5-7dd.d)","slug":"innpro_stock_location","quantity":"2"},{"id":19558,"name":"R\u012bgas veikals (0-2dd.d)","slug":"local_stock_location","quantity":"0"}],"_links":{"self":[{"href":"https:\/\/elektrons.lv\/lv\/wp-json\/wp\/v2\/product\/84353","targetHints":{"allow":["GET"]}}],"collection":[{"href":"https:\/\/elektrons.lv\/lv\/wp-json\/wp\/v2\/product"}],"about":[{"href":"https:\/\/elektrons.lv\/lv\/wp-json\/wp\/v2\/types\/product"}],"replies":[{"embeddable":true,"href":"https:\/\/elektrons.lv\/lv\/wp-json\/wp\/v2\/comments?post=84353"}],"wp:attachment":[{"href":"https:\/\/elektrons.lv\/lv\/wp-json\/wp\/v2\/media?parent=84353"}],"wp:term":[{"taxonomy":"location","embeddable":true,"href":"https:\/\/elektrons.lv\/lv\/wp-json\/wp\/v2\/location?post=84353"},{"taxonomy":"product_brand","embeddable":true,"href":"https:\/\/elektrons.lv\/lv\/wp-json\/wp\/v2\/product_brand?post=84353"},{"taxonomy":"product_cat","embeddable":true,"href":"https:\/\/elektrons.lv\/lv\/wp-json\/wp\/v2\/product_cat?post=84353"},{"taxonomy":"product_tag","embeddable":true,"href":"https:\/\/elektrons.lv\/lv\/wp-json\/wp\/v2\/product_tag?post=84353"}],"curies":[{"name":"wp","href":"https:\/\/api.w.org\/{rel}","templated":true}]}}