{"id":84372,"date":"2026-05-14T09:47:27","date_gmt":"2026-05-14T09:47:27","guid":{"rendered":"https:\/\/elektrons.lv\/Prece\/0-6-mm-hardened-brass-nozzle-set-for-elegoo-centauri-carbon\/"},"modified":"2026-05-15T16:26:40","modified_gmt":"2026-05-15T14:26:40","slug":"0-6-mm-hardened-brass-nozzle-set-for-elegoo-centauri-carbon","status":"publish","type":"product","link":"https:\/\/elektrons.lv\/lv\/Prece\/0-6-mm-hardened-brass-nozzle-set-for-elegoo-centauri-carbon\/","title":{"rendered":"0,6 mm r\u016bd\u012bta misi\u0146a sprauslu komplekts ELEGOO Centauri Carbon"},"content":{"rendered":"<h3>0.6 mm Hardened Brass Nozzle Set for ELEGOO Centauri Carbon<\/h3>\n<p>The 0.6 mm nozzle for the ELEGOO Centauri Carbon, made of hardened steel, ensures very high printing precision, ideal for creating fine details and complex models. Thanks to the precise fit of the structural elements, the risk of material leakage is minimized, and the optimized shape of the feed channel supports smooth filament flow. The nozzles are distinguished by high resistance to high temperatures and good thermal conductivity, which translates to stable printing conditions and repeatable results. The hardening process increases their hardness and durability, making them suitable for intensive use and working with demanding materials.<\/p>\n<p>\n<img decoding=\"async\" alt=\"Brass nozzle for 3D printers with visible thread and a close-up of the outlet hole\" border=\"0\" src=\"https:\/\/assets.innpro.pl\/20492\/27292\/2.jpg\"\/>\n<\/p>\n<div class=\"table-wrapper\">\n<p>\u00a0<\/p>\n<h3><\/h3>\n<table>\n<tbody>\n<tr>\n<th>Ra\u017eot\u0101js<\/th>\n<td>ELEGOO<\/td>\n<\/tr>\n<tr>\n<th>Modelis<\/th>\n<td>50.204.0141<\/td>\n<\/tr>\n<tr>\n<th>Sader\u012bba<\/th>\n<td>ELEGOO Centauri Carbon<\/td>\n<\/tr>\n<tr>\n<th>Materi\u0101ls<\/th>\n<td>Hardened steel<\/td>\n<\/tr>\n<tr>\n<th>Nozzle diameter<\/th>\n<td>0.6 mm<\/td>\n<\/tr>\n<tr>\n<th>Filament diameter<\/th>\n<td>1.75 mm<\/td>\n<\/tr>\n<tr>\n<th>Thread<\/th>\n<td>M6<\/td>\n<\/tr>\n<tr>\n<th>Izm\u0113ri<\/th>\n<td>6 \u00d7 27 mm<\/td>\n<\/tr>\n<tr>\n<th>Svars<\/th>\n<td>3.6 g<\/td>\n<\/tr>\n<\/tbody>\n<\/table>\n<\/div>","protected":false},"excerpt":{"rendered":"<p>0.6 mm Hardened Brass Nozzle Set for ELEGOO Centauri Carbon The 0.6 mm nozzle for the ELEGOO Centauri Carbon, made of hardened steel, ensures very high printing precision, ideal for creating fine details and complex models. Thanks to the precise fit of the structural elements, the risk of material leakage is minimized, and the optimized [&#8230;]\n","protected":false},"featured_media":85321,"comment_status":"open","ping_status":"closed","template":"","meta":[],"location":[19557,19558],"product_brand":[],"product_cat":[14497],"product_tag":[],"class_list":{"0":"post-84372","1":"product","2":"type-product","3":"status-publish","4":"has-post-thumbnail","6":"location-innpro_stock_location","7":"location-local_stock_location","8":"product_cat-3d-printer-accessories","10":"first","11":"instock","12":"taxable","13":"shipping-taxable","14":"purchasable","15":"product-type-simple"},"aioseo_notices":[],"locations":[{"id":19557,"name":"Pieg\u0101d\u0101ja noliktav\u0101 (5-7dd.d)","slug":"innpro_stock_location","quantity":"20"},{"id":19558,"name":"R\u012bgas veikals (0-2dd.d)","slug":"local_stock_location","quantity":"0"}],"_links":{"self":[{"href":"https:\/\/elektrons.lv\/lv\/wp-json\/wp\/v2\/product\/84372","targetHints":{"allow":["GET"]}}],"collection":[{"href":"https:\/\/elektrons.lv\/lv\/wp-json\/wp\/v2\/product"}],"about":[{"href":"https:\/\/elektrons.lv\/lv\/wp-json\/wp\/v2\/types\/product"}],"replies":[{"embeddable":true,"href":"https:\/\/elektrons.lv\/lv\/wp-json\/wp\/v2\/comments?post=84372"}],"wp:featuredmedia":[{"embeddable":true,"href":"https:\/\/elektrons.lv\/lv\/wp-json\/wp\/v2\/media\/85321"}],"wp:attachment":[{"href":"https:\/\/elektrons.lv\/lv\/wp-json\/wp\/v2\/media?parent=84372"}],"wp:term":[{"taxonomy":"location","embeddable":true,"href":"https:\/\/elektrons.lv\/lv\/wp-json\/wp\/v2\/location?post=84372"},{"taxonomy":"product_brand","embeddable":true,"href":"https:\/\/elektrons.lv\/lv\/wp-json\/wp\/v2\/product_brand?post=84372"},{"taxonomy":"product_cat","embeddable":true,"href":"https:\/\/elektrons.lv\/lv\/wp-json\/wp\/v2\/product_cat?post=84372"},{"taxonomy":"product_tag","embeddable":true,"href":"https:\/\/elektrons.lv\/lv\/wp-json\/wp\/v2\/product_tag?post=84372"}],"curies":[{"name":"wp","href":"https:\/\/api.w.org\/{rel}","templated":true}]}}