{"id":84392,"date":"2026-05-14T09:47:30","date_gmt":"2026-05-14T09:47:30","guid":{"rendered":"https:\/\/elektrons.lv\/Prece\/onikuma-g83-gaming-keyboard-black\/"},"modified":"2026-05-14T09:54:05","modified_gmt":"2026-05-14T09:54:05","slug":"onikuma-g83-gaming-keyboard-black","status":"publish","type":"product","link":"https:\/\/elektrons.lv\/lv\/Prece\/onikuma-g83-gaming-keyboard-black\/","title":{"rendered":"Onikuma G83 Gaming Keyboard (Black)"},"content":{"rendered":"<h3>Onikuma G83 Gaming Keyboard (black)<\/h3>\n<p>The Onikuma G83 is an advanced mechanical keyboard that combines three connection modes, hot-swappable switches, RGB backlighting, and an 8000 mAh battery. Its multi-layered noise-dampening design ensures quiet operation, while the sturdy PBT keys enhance durability and comfort.<\/p>\n<p>\n<img decoding=\"async\" alt=\"Black keyboard with colored backlighting on a gray background\" border=\"0\" src=\"https:\/\/assets.innpro.pl\/20747\/27564\/6.jpg\"\/>\n<\/p>\n<h3>3 operating modes and broad compatibility<\/h3>\n<p>The keyboard supports three connectivity options: Bluetooth 5.0, 2.4 GHz, and wired USB-C. This allows you to easily switch between devices and use it on computers, laptops, consoles, and mobile devices. A stable connection and fast key response make the keyboard ideal for both entertainment and work.<\/p>\n<p>\n<img decoding=\"async\" alt=\"Black keyboard on a desk next to a laptop, smartphone, and tablet with icons symbolizing connection methods\" border=\"0\" src=\"https:\/\/assets.innpro.pl\/20747\/27564\/5.jpg\"\/>\n<\/p>\n<h3>Klusa darb\u012bba<\/h3>\n<p>The gasket-mount design with five dampening layers effectively reduces typing noise by up to approximately 30%. The combination of sound-dampening foam, an IXPE layer, PET film, and a silicone base makes the keyboard quieter while maintaining a clear and responsive key feel. This makes it suitable not only for gaming but also for office work or streaming.<\/p>\n<p>\n<img decoding=\"async\" alt=\"Components of a gaming keyboard on a gray background\" border=\"0\" src=\"https:\/\/assets.innpro.pl\/20747\/27564\/4.jpg\"\/>\n<\/p>\n<h3>Hot-swap and customization freedom<\/h3>\n<p>The Onikuma G83 allows for easy switch replacement without soldering, enabling you to tailor the keyboard\u2019s characteristics to your preferences. Support for 3- and 5-pin switches, as well as linear switches, ensures smooth and precise operation. This makes the keyboard a great choice for both beginners and those who like to customize their gear.<\/p>\n<p>\n<img decoding=\"async\" alt=\"Black keyboard with replaceable switches on a gray tabletop next to a key removal tool\" border=\"0\" src=\"https:\/\/assets.innpro.pl\/20747\/27564\/3.jpg\"\/>\n<\/p>\n<h3>RGB Backlighting and Performance<\/h3>\n<p>The RGB backlighting offers a variety of lighting effects and the ability to match colors to your workspace, improving key visibility and the overall look of your setup. The 8000 mAh battery provides approximately 40 hours of use with the backlight on or up to 400 hours if you turn it off, so the keyboard doesn\u2019t require frequent charging.<\/p>\n<p>\n<img decoding=\"async\" alt=\"Black keyboard with colored backlighting on a gray table\" border=\"0\" src=\"https:\/\/assets.innpro.pl\/20747\/27564\/1.jpg\"\/>\n<\/p>\n<h3>Iek\u013cauts<\/h3>\n<ul class=\"list-disc pl-5\">\n<li>keyboard<\/li>\n<li>USB-A receiver<\/li>\n<li>lietot\u0101ja rokasgr\u0101mata<\/li>\n<\/ul>\n<div class=\"table-wrapper\">\n<p>\u00a0<\/p>\n<h3><\/h3>\n<table>\n<tbody>\n<tr>\n<th>Ra\u017eot\u0101js<\/th>\n<td>Onikuma<\/td>\n<\/tr>\n<tr>\n<th>Modelis<\/th>\n<td>G83<\/td>\n<\/tr>\n<tr>\n<th>Kr\u0101sa<\/th>\n<td>melns<\/td>\n<\/tr>\n<tr>\n<th>Number of keys<\/th>\n<td>83<\/td>\n<\/tr>\n<tr>\n<th>Sl\u0113d\u017ei<\/th>\n<td>linear<\/td>\n<\/tr>\n<tr>\n<th>Key lifespan<\/th>\n<td>50 million clicks<\/td>\n<\/tr>\n<tr>\n<th>Key travel<\/th>\n<td>2.0 \u00b1 0.5 mm<\/td>\n<\/tr>\n<tr>\n<th>Actuation force<\/th>\n<td>40 \u00b1 10 gf<\/td>\n<\/tr>\n<tr>\n<th>Cable<\/th>\n<td>PVC 3.5 x 1.8 m<\/td>\n<\/tr>\n<tr>\n<th>Izm\u0113ri<\/th>\n<td>336 x 146.1 x 37 mm \u00b15 mm<\/td>\n<\/tr>\n<tr>\n<th>Svars<\/th>\n<td>950 \u00b110 g<\/td>\n<\/tr>\n<tr>\n<th>Darb\u012bbas spriegums<\/th>\n<td>5 V \u00b1 0.5 V<\/td>\n<\/tr>\n<tr>\n<th>Akumulatora ietilp\u012bba<\/th>\n<td>8000 mAh<\/td>\n<\/tr>\n<tr>\n<th>Uzl\u0101des laiks<\/th>\n<td>15 h<\/td>\n<\/tr>\n<tr>\n<th>Darb\u012bbas laiks<\/th>\n<td>40 h<\/td>\n<\/tr>\n<tr>\n<th>Operating current<\/th>\n<td>&lt;200 mA<\/td>\n<\/tr>\n<tr>\n<th>Interface type<\/th>\n<td>TYPE-C<\/td>\n<\/tr>\n<tr>\n<th>Atbalst\u012bt\u0101s sist\u0113mas<\/th>\n<td>Windows 10, Windows 11, Android, Mac, etc.<\/td>\n<\/tr>\n<\/tbody>\n<\/table>\n<\/div>","protected":false},"excerpt":{"rendered":"<p>Onikuma G83 Gaming Keyboard (black) The Onikuma G83 is an advanced mechanical keyboard that combines three connection modes, hot-swappable switches, RGB backlighting, and an 8000 mAh battery. Its multi-layered noise-dampening design ensures quiet operation, while the sturdy PBT keys enhance durability and comfort. 3 operating modes and broad compatibility The keyboard supports three connectivity options: [&#8230;]\n","protected":false},"featured_media":85280,"comment_status":"open","ping_status":"closed","template":"","meta":[],"location":[19557,19558],"product_brand":[],"product_cat":[14579],"product_tag":[],"class_list":{"0":"post-84392","1":"product","2":"type-product","3":"status-publish","4":"has-post-thumbnail","6":"location-innpro_stock_location","7":"location-local_stock_location","8":"product_cat-mice-keyboards","10":"first","11":"outofstock","12":"taxable","13":"shipping-taxable","14":"purchasable","15":"product-type-simple"},"aioseo_notices":[],"locations":[{"id":19557,"name":"Pieg\u0101d\u0101ja noliktav\u0101 (5-7dd.d)","slug":"innpro_stock_location","quantity":"0"},{"id":19558,"name":"R\u012bgas veikals (0-2dd.d)","slug":"local_stock_location","quantity":"0"}],"_links":{"self":[{"href":"https:\/\/elektrons.lv\/lv\/wp-json\/wp\/v2\/product\/84392","targetHints":{"allow":["GET"]}}],"collection":[{"href":"https:\/\/elektrons.lv\/lv\/wp-json\/wp\/v2\/product"}],"about":[{"href":"https:\/\/elektrons.lv\/lv\/wp-json\/wp\/v2\/types\/product"}],"replies":[{"embeddable":true,"href":"https:\/\/elektrons.lv\/lv\/wp-json\/wp\/v2\/comments?post=84392"}],"wp:featuredmedia":[{"embeddable":true,"href":"https:\/\/elektrons.lv\/lv\/wp-json\/wp\/v2\/media\/85280"}],"wp:attachment":[{"href":"https:\/\/elektrons.lv\/lv\/wp-json\/wp\/v2\/media?parent=84392"}],"wp:term":[{"taxonomy":"location","embeddable":true,"href":"https:\/\/elektrons.lv\/lv\/wp-json\/wp\/v2\/location?post=84392"},{"taxonomy":"product_brand","embeddable":true,"href":"https:\/\/elektrons.lv\/lv\/wp-json\/wp\/v2\/product_brand?post=84392"},{"taxonomy":"product_cat","embeddable":true,"href":"https:\/\/elektrons.lv\/lv\/wp-json\/wp\/v2\/product_cat?post=84392"},{"taxonomy":"product_tag","embeddable":true,"href":"https:\/\/elektrons.lv\/lv\/wp-json\/wp\/v2\/product_tag?post=84392"}],"curies":[{"name":"wp","href":"https:\/\/api.w.org\/{rel}","templated":true}]}}