{"id":84417,"date":"2026-05-14T09:47:33","date_gmt":"2026-05-14T09:47:33","guid":{"rendered":"https:\/\/elektrons.lv\/Prece\/8-color-hub-for-ace-pro-kobra-3-combo-v2-combo-max-combo-s1-combo\/"},"modified":"2026-05-15T07:52:12","modified_gmt":"2026-05-15T07:52:12","slug":"8-color-hub-for-ace-pro-kobra-3-combo-v2-combo-max-combo-s1-combo","status":"publish","type":"product","link":"https:\/\/elektrons.lv\/lv\/Prece\/8-color-hub-for-ace-pro-kobra-3-combo-v2-combo-max-combo-s1-combo\/","title":{"rendered":"8-color hub for ACE Pro\/Kobra 3 Combo\/V2 Combo\/Max Combo\/S1 Combo"},"content":{"rendered":"<h3>8-color hub for ACE Pro\/Kobra 3 Combo\/V2 Combo\/Max Combo\/S1 Combo<\/h3>\n<p>The 8-color hub for the ACE Pro, Kobra 3 Combo, V2 Combo, Max Combo, and S1 Combo is a compact accessory that allows you to conveniently use multiple filaments simultaneously, which directly translates to greater multicolor printing capabilities without the need for manual material changes; thanks to its small dimensions of 110 \u00d7 135 \u00d7 35 mm and weight of 22 g, it doesn\u2019t take up much space, and its well-designed construction facilitates installation and organizes filament routing, which reduces the risk of tangling and helps maintain a stable, smooth printing process.<\/p>\n<p>\n<img decoding=\"async\" alt=\"A black, square connector with eight round contact holes, shown in close-up against a light background.\" border=\"0\" src=\"https:\/\/assets.innpro.pl\/20800\/27625\/3.jpg\"\/>\n<\/p>\n<div class=\"table-wrapper\">\n<p>\u00a0<\/p>\n<h3><\/h3>\n<table>\n<tbody>\n<tr>\n<th>Ra\u017eot\u0101js<\/th>\n<td>Anycubic<\/td>\n<\/tr>\n<tr>\n<th>Number of supported filaments<\/th>\n<td>8<\/td>\n<\/tr>\n<tr>\n<th>Sader\u012bba<\/th>\n<td>ACE Pro, Kobra 3 Combo, V2 Combo, Max Combo, S1 Combo<\/td>\n<\/tr>\n<tr>\n<th>Izm\u0113ri<\/th>\n<td>110 \u00d7 135 \u00d7 35 mm<\/td>\n<\/tr>\n<tr>\n<th>Svars<\/th>\n<td>22 g<\/td>\n<\/tr>\n<tr><\/tr>\n<\/tbody>\n<\/table>\n<\/div>","protected":false},"excerpt":{"rendered":"<p>8-color hub for ACE Pro\/Kobra 3 Combo\/V2 Combo\/Max Combo\/S1 Combo The 8-color hub for the ACE Pro, Kobra 3 Combo, V2 Combo, Max Combo, and S1 Combo is a compact accessory that allows you to conveniently use multiple filaments simultaneously, which directly translates to greater multicolor printing capabilities without the need for manual material changes; [&#8230;]\n","protected":false},"featured_media":85240,"comment_status":"open","ping_status":"closed","template":"","meta":[],"location":[19557,19558],"product_brand":[],"product_cat":[14497],"product_tag":[],"class_list":{"0":"post-84417","1":"product","2":"type-product","3":"status-publish","4":"has-post-thumbnail","6":"location-innpro_stock_location","7":"location-local_stock_location","8":"product_cat-3d-printer-accessories","10":"first","11":"instock","12":"sale","13":"taxable","14":"shipping-taxable","15":"purchasable","16":"product-type-simple"},"aioseo_notices":[],"locations":[{"id":19557,"name":"Pieg\u0101d\u0101ja noliktav\u0101 (5-7dd.d)","slug":"innpro_stock_location","quantity":"43"},{"id":19558,"name":"R\u012bgas veikals (0-2dd.d)","slug":"local_stock_location","quantity":"0"}],"_links":{"self":[{"href":"https:\/\/elektrons.lv\/lv\/wp-json\/wp\/v2\/product\/84417","targetHints":{"allow":["GET"]}}],"collection":[{"href":"https:\/\/elektrons.lv\/lv\/wp-json\/wp\/v2\/product"}],"about":[{"href":"https:\/\/elektrons.lv\/lv\/wp-json\/wp\/v2\/types\/product"}],"replies":[{"embeddable":true,"href":"https:\/\/elektrons.lv\/lv\/wp-json\/wp\/v2\/comments?post=84417"}],"wp:featuredmedia":[{"embeddable":true,"href":"https:\/\/elektrons.lv\/lv\/wp-json\/wp\/v2\/media\/85240"}],"wp:attachment":[{"href":"https:\/\/elektrons.lv\/lv\/wp-json\/wp\/v2\/media?parent=84417"}],"wp:term":[{"taxonomy":"location","embeddable":true,"href":"https:\/\/elektrons.lv\/lv\/wp-json\/wp\/v2\/location?post=84417"},{"taxonomy":"product_brand","embeddable":true,"href":"https:\/\/elektrons.lv\/lv\/wp-json\/wp\/v2\/product_brand?post=84417"},{"taxonomy":"product_cat","embeddable":true,"href":"https:\/\/elektrons.lv\/lv\/wp-json\/wp\/v2\/product_cat?post=84417"},{"taxonomy":"product_tag","embeddable":true,"href":"https:\/\/elektrons.lv\/lv\/wp-json\/wp\/v2\/product_tag?post=84417"}],"curies":[{"name":"wp","href":"https:\/\/api.w.org\/{rel}","templated":true}]}}